{"id":57149,"date":"2021-02-21T18:04:40","date_gmt":"2021-02-21T18:04:40","guid":{"rendered":"https:\/\/www.autonvaraosahaku.fi\/?product=ngk-4228-sytytystulpat"},"modified":"2021-02-21T18:04:42","modified_gmt":"2021-02-21T18:04:42","slug":"ngk-4228-sytytystulpat","status":"publish","type":"product","link":"https:\/\/www.autonvaraosahaku.fi\/?product=ngk-4228-sytytystulpat","title":{"rendered":"NGK 4228 Sytytystulpat"},"content":{"rendered":"<p>Avainv\u00e4li: 20,8 mm; Ulkokierre [mm]: 14,0; Kierteen pituus (mm): 19,0; Sytytystulppa: kiinte\u00e4 SAE-liitin, Nikkeli-keskielektrodi, 1-maaelektroodi, H\u00e4iri\u00f6npoisto, 5 k-ohm, suoralla istukalla; Kipin\u00e4et\u00e4isyys [mm]: 4,0; Valmistusvuoteen: 01\/1987; HONDA: CRX I AF, AS,ACCORD III CA,CIVIC III Hatchback AL, AJ, AG, AH,ACCORD III Aerodeck CA,CIVIC I Stufenheck SF,CIVIC III Stufenheck AM, AK, AU,CIVIC I Shuttle AN, AR,ACCORD II Hatchback AC, AD,ACCORD II AC, AD; TOYOTA: STARLET _P7_,COROLLA Liftback _E8_,COROLLA FX Compact E8B,COROLLA _E8_; DAIHATSU: CUORE IV L501,MOVE L6_,CHARADE III G100, G101, G102; 9004851068000, 9004851092000, 99906910P9017, 9807956132, 9807956146, 8941205620, 089220101783, 9009820665, 9009870031, 9091901125, 9091901126, FE8218110, 22401AA470, 0948200286, 089220101783, 9009820665, 9009870031, 909101126, 9091901125, 9091901126; Tulpat,Sytytystulppa<\/p>\n","protected":false},"excerpt":{"rendered":"<p>NGK Sytytystulpat 4228 Tulpat,Sytytystulppa HONDA,TOYOTA,DAIHATSU,CRX I AF, AS,ACCORD III CA,CIVIC III Hatchback AL, AJ, AG, AH,ACCORD III Aerodeck CA<\/p>\n","protected":false},"featured_media":0,"template":"","meta":{"site-sidebar-layout":"default","site-content-layout":"default","ast-global-header-display":"","ast-main-header-display":"","ast-hfb-above-header-display":"","ast-hfb-below-header-display":"","ast-hfb-mobile-header-display":"","site-post-title":"","ast-breadcrumbs-content":"","ast-featured-img":"","footer-sml-layout":"","theme-transparent-header-meta":"","adv-header-id-meta":"","stick-header-meta":"","header-above-stick-meta":"","header-main-stick-meta":"","header-below-stick-meta":""},"pwb-brand":[189],"product_cat":[165],"product_tag":[],"class_list":{"0":"post-57149","1":"product","2":"type-product","3":"status-publish","5":"pwb-brand-ngk","6":"product_cat-sytytystulpat","7":"desktop-align-left","8":"tablet-align-left","9":"mobile-align-left","11":"first","12":"instock","13":"product-type-external"},"brands":[{"id":189,"name":"NGK","slug":"ngk"}],"_links":{"self":[{"href":"https:\/\/www.autonvaraosahaku.fi\/index.php?rest_route=\/wp\/v2\/product\/57149","targetHints":{"allow":["GET"]}}],"collection":[{"href":"https:\/\/www.autonvaraosahaku.fi\/index.php?rest_route=\/wp\/v2\/product"}],"about":[{"href":"https:\/\/www.autonvaraosahaku.fi\/index.php?rest_route=\/wp\/v2\/types\/product"}],"wp:attachment":[{"href":"https:\/\/www.autonvaraosahaku.fi\/index.php?rest_route=%2Fwp%2Fv2%2Fmedia&parent=57149"}],"wp:term":[{"taxonomy":"pwb-brand","embeddable":true,"href":"https:\/\/www.autonvaraosahaku.fi\/index.php?rest_route=%2Fwp%2Fv2%2Fpwb-brand&post=57149"},{"taxonomy":"product_cat","embeddable":true,"href":"https:\/\/www.autonvaraosahaku.fi\/index.php?rest_route=%2Fwp%2Fv2%2Fproduct_cat&post=57149"},{"taxonomy":"product_tag","embeddable":true,"href":"https:\/\/www.autonvaraosahaku.fi\/index.php?rest_route=%2Fwp%2Fv2%2Fproduct_tag&post=57149"}],"curies":[{"name":"wp","href":"https:\/\/api.w.org\/{rel}","templated":true}]}}