{"id":57192,"date":"2021-02-21T18:04:52","date_gmt":"2021-02-21T18:04:52","guid":{"rendered":"https:\/\/www.autonvaraosahaku.fi\/?product=lemforder-14711-01-tukivarren-hela"},"modified":"2021-02-21T18:04:55","modified_gmt":"2021-02-21T18:04:55","slug":"lemforder-14711-01-tukivarren-hela","status":"publish","type":"product","link":"https:\/\/www.autonvaraosahaku.fi\/?product=lemforder-14711-01-tukivarren-hela","title":{"rendered":"LEMF\u00d6RDER 14711 01 Tukivarren hela"},"content":{"rendered":"<p>Asennuspuoli: Taka-akseli, Yl\u00e4puolella, Alla, Molemminpuolin; Ohjausmalli: Poikittaistukivarrelle; Pituus (mm): 52; Ulkol\u00e4pimitta [mm]: 45,3; OPEL: VECTRA B 36_,VECTRA B Caravan 31_,VECTRA B CC 38_; SAAB: 9-5 Kombi YS3E,9-5 YS3E; VAUXHALL: VECTRA B CC,VECTRA B Estate,VECTRA B; 423121, 90496700, 423121, 4567244, 90496700, 423121, 90496700<\/p>\n","protected":false},"excerpt":{"rendered":"<p>LEMF\u00d6RDER Tukivarren Hela 14711 01  OPEL,SAAB,VAUXHALL,VECTRA B 36_,VECTRA B Caravan 31_,VECTRA B CC 38_,9-5 Kombi YS3E,9-5 YS3E,VECTRA B CC<\/p>\n","protected":false},"featured_media":0,"template":"","meta":{"site-sidebar-layout":"default","site-content-layout":"default","ast-global-header-display":"","ast-main-header-display":"","ast-hfb-above-header-display":"","ast-hfb-below-header-display":"","ast-hfb-mobile-header-display":"","site-post-title":"","ast-breadcrumbs-content":"","ast-featured-img":"","footer-sml-layout":"","theme-transparent-header-meta":"","adv-header-id-meta":"","stick-header-meta":"","header-above-stick-meta":"","header-main-stick-meta":"","header-below-stick-meta":""},"pwb-brand":[77],"product_cat":[115],"product_tag":[],"class_list":{"0":"post-57192","1":"product","2":"type-product","3":"status-publish","5":"pwb-brand-lemforder","6":"product_cat-tukivarren-hela","7":"desktop-align-left","8":"tablet-align-left","9":"mobile-align-left","11":"first","12":"instock","13":"product-type-external"},"brands":[{"id":77,"name":"LEMF\u00d6RDER","slug":"lemforder"}],"_links":{"self":[{"href":"https:\/\/www.autonvaraosahaku.fi\/index.php?rest_route=\/wp\/v2\/product\/57192","targetHints":{"allow":["GET"]}}],"collection":[{"href":"https:\/\/www.autonvaraosahaku.fi\/index.php?rest_route=\/wp\/v2\/product"}],"about":[{"href":"https:\/\/www.autonvaraosahaku.fi\/index.php?rest_route=\/wp\/v2\/types\/product"}],"wp:attachment":[{"href":"https:\/\/www.autonvaraosahaku.fi\/index.php?rest_route=%2Fwp%2Fv2%2Fmedia&parent=57192"}],"wp:term":[{"taxonomy":"pwb-brand","embeddable":true,"href":"https:\/\/www.autonvaraosahaku.fi\/index.php?rest_route=%2Fwp%2Fv2%2Fpwb-brand&post=57192"},{"taxonomy":"product_cat","embeddable":true,"href":"https:\/\/www.autonvaraosahaku.fi\/index.php?rest_route=%2Fwp%2Fv2%2Fproduct_cat&post=57192"},{"taxonomy":"product_tag","embeddable":true,"href":"https:\/\/www.autonvaraosahaku.fi\/index.php?rest_route=%2Fwp%2Fv2%2Fproduct_tag&post=57192"}],"curies":[{"name":"wp","href":"https:\/\/api.w.org\/{rel}","templated":true}]}}