{"id":57197,"date":"2021-02-21T18:04:52","date_gmt":"2021-02-21T18:04:52","guid":{"rendered":"https:\/\/www.autonvaraosahaku.fi\/?product=van-wezel-03004200-valijaahdytin"},"modified":"2021-02-21T18:04:56","modified_gmt":"2021-02-21T18:04:56","slug":"van-wezel-03004200-valijaahdytin","status":"publish","type":"product","link":"https:\/\/www.autonvaraosahaku.fi\/?product=van-wezel-03004200-valijaahdytin","title":{"rendered":"VAN WEZEL 03004200 V\u00e4lij\u00e4\u00e4hdytin"},"content":{"rendered":"<p>J\u00e4hdytysripamateriaali: Alumiini; Matriaali j\u00e4\u00e4hdyttimen s\u00e4ili\u00f6: Muovi; Korvaava tuote\/korvaava tiedote 2: Ilman anturia, tulpalla; Sis\u00e4\u00e4ntulo-\u00d8 1 [mm]: 67; Ulostulo-\u00d8 1 [mm]: 67; Verkon pituus [mm]: 185; Verkon leveys [mm]: 190; Verkon syvyys [mm]: 85; Laatu: IR PLUS; Liittimet: QF; Vaihteistomalli: Schalt-\/optional Automatikgetriebe; VW: GOLF IV 1J1,GOLF IV Variant 1J5,BORA 1J2,BORA Kombi 1J6,GOLF IV Van 1J1; AUDI: A3 8L1; SKODA: OCTAVIA Combi 1U5,OCTAVIA 1U2; SEAT: LEON 1M1,TOLEDO II 1M2; 1J0145803AA, 1J0145803E, 1J0145803M<\/p>\n","protected":false},"excerpt":{"rendered":"<p>VAN WEZEL V\u00e4lij\u00e4\u00e4hdytin *** IR PLUS *** 03004200  VW,AUDI,SKODA,GOLF IV 1J1,GOLF IV Variant 1J5,BORA 1J2,BORA Kombi 1J6,GOLF IV Van 1J1,A3 8L1<\/p>\n","protected":false},"featured_media":0,"template":"","meta":{"site-sidebar-layout":"default","site-content-layout":"default","ast-global-header-display":"","ast-main-header-display":"","ast-hfb-above-header-display":"","ast-hfb-below-header-display":"","ast-hfb-mobile-header-display":"","site-post-title":"","ast-breadcrumbs-content":"","ast-featured-img":"","footer-sml-layout":"","theme-transparent-header-meta":"","adv-header-id-meta":"","stick-header-meta":"","header-above-stick-meta":"","header-main-stick-meta":"","header-below-stick-meta":""},"pwb-brand":[54],"product_cat":[234],"product_tag":[],"class_list":{"0":"post-57197","1":"product","2":"type-product","3":"status-publish","5":"pwb-brand-van-wezel","6":"product_cat-valijaahdytin","7":"desktop-align-left","8":"tablet-align-left","9":"mobile-align-left","11":"first","12":"instock","13":"product-type-external"},"brands":[{"id":54,"name":"VAN WEZEL","slug":"van-wezel"}],"_links":{"self":[{"href":"https:\/\/www.autonvaraosahaku.fi\/index.php?rest_route=\/wp\/v2\/product\/57197","targetHints":{"allow":["GET"]}}],"collection":[{"href":"https:\/\/www.autonvaraosahaku.fi\/index.php?rest_route=\/wp\/v2\/product"}],"about":[{"href":"https:\/\/www.autonvaraosahaku.fi\/index.php?rest_route=\/wp\/v2\/types\/product"}],"wp:attachment":[{"href":"https:\/\/www.autonvaraosahaku.fi\/index.php?rest_route=%2Fwp%2Fv2%2Fmedia&parent=57197"}],"wp:term":[{"taxonomy":"pwb-brand","embeddable":true,"href":"https:\/\/www.autonvaraosahaku.fi\/index.php?rest_route=%2Fwp%2Fv2%2Fpwb-brand&post=57197"},{"taxonomy":"product_cat","embeddable":true,"href":"https:\/\/www.autonvaraosahaku.fi\/index.php?rest_route=%2Fwp%2Fv2%2Fproduct_cat&post=57197"},{"taxonomy":"product_tag","embeddable":true,"href":"https:\/\/www.autonvaraosahaku.fi\/index.php?rest_route=%2Fwp%2Fv2%2Fproduct_tag&post=57197"}],"curies":[{"name":"wp","href":"https:\/\/api.w.org\/{rel}","templated":true}]}}