{"id":57251,"date":"2021-02-21T18:05:10","date_gmt":"2021-02-21T18:05:10","guid":{"rendered":"https:\/\/www.autonvaraosahaku.fi\/?product=gates-3161-jaahdyttimen-letku"},"modified":"2021-02-21T18:05:12","modified_gmt":"2021-02-21T18:05:12","slug":"gates-3161-jaahdyttimen-letku","status":"publish","type":"product","link":"https:\/\/www.autonvaraosahaku.fi\/?product=gates-3161-jaahdyttimen-letku","title":{"rendered":"GATES 3161 J\u00e4\u00e4hdyttimen letku"},"content":{"rendered":"<p>Materiaali: EPDM (eteenipropeeni-dieeni-kumi); V\u00e4ri: Musta; Letkupituus [mm]: 440; Sis\u00e4l\u00e4pimitta 1 [mm]: 32; Sis\u00e4l\u00e4pimitta 2 [mm]: 32; Asennuspuoli: oben; SKODA: 105,120 742,105,120 744,130,RAPID 120G, 130G, 135G; MERCEDES-BENZ: 190 W201,Stufenheck W124,KOMBI Kombi S124,E-CLASS W124,E-CLASS Kombi S124; LANCIA: DELTA I 831AB0,PRISMA 831AB0; FIAT: TIPO 160,TEMPRA 159,RITMO I 138A,TEMPRA S.W. 159,REGATA 138,RITMO Cabriolet,REGATA Weekend 138; RENAULT: TWINGO I C06_,TWINGO I Kasten S06_; 4458281, 5965906, 7032458, 7556314, 7620706, 7748215, 82416659, 1245011782, 2015015882, A1245011782, A2015015882, 7700352331, 8200033878, 113691970, 113691979, 441053123746, 20433700, 028121051A<\/p>\n","protected":false},"excerpt":{"rendered":"<p>GATES J\u00e4\u00e4hdyttimen Letku 3161  SKODA,MERCEDES-BENZ,LANCIA,105,120 742,105,120 744,130,RAPID 120G, 130G, 135G,190 W201,Stufenheck W124,KOMBI Kombi S124<\/p>\n","protected":false},"featured_media":0,"template":"","meta":{"site-sidebar-layout":"default","site-content-layout":"default","ast-global-header-display":"","ast-main-header-display":"","ast-hfb-above-header-display":"","ast-hfb-below-header-display":"","ast-hfb-mobile-header-display":"","site-post-title":"","ast-breadcrumbs-content":"","ast-featured-img":"","footer-sml-layout":"","theme-transparent-header-meta":"","adv-header-id-meta":"","stick-header-meta":"","header-above-stick-meta":"","header-main-stick-meta":"","header-below-stick-meta":""},"pwb-brand":[22],"product_cat":[206],"product_tag":[],"class_list":{"0":"post-57251","1":"product","2":"type-product","3":"status-publish","5":"pwb-brand-gates","6":"product_cat-jaahdyttimen-letku","7":"desktop-align-left","8":"tablet-align-left","9":"mobile-align-left","11":"first","12":"instock","13":"product-type-external"},"brands":[{"id":22,"name":"GATES","slug":"gates"}],"_links":{"self":[{"href":"https:\/\/www.autonvaraosahaku.fi\/index.php?rest_route=\/wp\/v2\/product\/57251","targetHints":{"allow":["GET"]}}],"collection":[{"href":"https:\/\/www.autonvaraosahaku.fi\/index.php?rest_route=\/wp\/v2\/product"}],"about":[{"href":"https:\/\/www.autonvaraosahaku.fi\/index.php?rest_route=\/wp\/v2\/types\/product"}],"wp:attachment":[{"href":"https:\/\/www.autonvaraosahaku.fi\/index.php?rest_route=%2Fwp%2Fv2%2Fmedia&parent=57251"}],"wp:term":[{"taxonomy":"pwb-brand","embeddable":true,"href":"https:\/\/www.autonvaraosahaku.fi\/index.php?rest_route=%2Fwp%2Fv2%2Fpwb-brand&post=57251"},{"taxonomy":"product_cat","embeddable":true,"href":"https:\/\/www.autonvaraosahaku.fi\/index.php?rest_route=%2Fwp%2Fv2%2Fproduct_cat&post=57251"},{"taxonomy":"product_tag","embeddable":true,"href":"https:\/\/www.autonvaraosahaku.fi\/index.php?rest_route=%2Fwp%2Fv2%2Fproduct_tag&post=57251"}],"curies":[{"name":"wp","href":"https:\/\/api.w.org\/{rel}","templated":true}]}}