{"id":57332,"date":"2021-02-21T18:05:34","date_gmt":"2021-02-21T18:05:34","guid":{"rendered":"https:\/\/www.autonvaraosahaku.fi\/?product=monroe-ml5563-konepellin-kaasujousi"},"modified":"2021-02-21T18:05:37","modified_gmt":"2021-02-21T18:05:37","slug":"monroe-ml5563-konepellin-kaasujousi","status":"publish","type":"product","link":"https:\/\/www.autonvaraosahaku.fi\/?product=monroe-ml5563-konepellin-kaasujousi","title":{"rendered":"MONROE ML5563 Konepellin kaasujousi"},"content":{"rendered":"<p>Pituus (mm): 374; Paino [kg]: 0,245; Sylinterin halkaisija [mm]: 18,5; Isku (mm): 140; Ty\u00f6nt\u00f6voima [N]: 350; Jousijalan l\u00e4pimitta [mm]: 8; Pakkauspituus [cm]: 57,5; Pakkausleveys [cm]: 3; Pakkauskorkeus [mm]: 3; Asennuspuoli: vorne; BMW: 1 E87,1 E81,1 Cabriolet E88,1 Coupe E82; 51237118370; Kaasujousi, Konepelti<\/p>\n","protected":false},"excerpt":{"rendered":"<p>MONROE Konepellin Kaasujousi MONROE MaxLift ML5563 Kaasujousi, Konepelti BMW,1 E87,1 E81,1 Cabriolet E88,1 Coupe E82<\/p>\n","protected":false},"featured_media":0,"template":"","meta":{"site-sidebar-layout":"default","site-content-layout":"default","ast-global-header-display":"","ast-main-header-display":"","ast-hfb-above-header-display":"","ast-hfb-below-header-display":"","ast-hfb-mobile-header-display":"","site-post-title":"","ast-breadcrumbs-content":"","ast-featured-img":"","footer-sml-layout":"","theme-transparent-header-meta":"","adv-header-id-meta":"","stick-header-meta":"","header-above-stick-meta":"","header-main-stick-meta":"","header-below-stick-meta":""},"pwb-brand":[79],"product_cat":[194],"product_tag":[],"class_list":{"0":"post-57332","1":"product","2":"type-product","3":"status-publish","5":"pwb-brand-monroe","6":"product_cat-konepellin-kaasujousi","7":"desktop-align-left","8":"tablet-align-left","9":"mobile-align-left","11":"first","12":"instock","13":"product-type-external"},"brands":[{"id":79,"name":"MONROE","slug":"monroe"}],"_links":{"self":[{"href":"https:\/\/www.autonvaraosahaku.fi\/index.php?rest_route=\/wp\/v2\/product\/57332","targetHints":{"allow":["GET"]}}],"collection":[{"href":"https:\/\/www.autonvaraosahaku.fi\/index.php?rest_route=\/wp\/v2\/product"}],"about":[{"href":"https:\/\/www.autonvaraosahaku.fi\/index.php?rest_route=\/wp\/v2\/types\/product"}],"wp:attachment":[{"href":"https:\/\/www.autonvaraosahaku.fi\/index.php?rest_route=%2Fwp%2Fv2%2Fmedia&parent=57332"}],"wp:term":[{"taxonomy":"pwb-brand","embeddable":true,"href":"https:\/\/www.autonvaraosahaku.fi\/index.php?rest_route=%2Fwp%2Fv2%2Fpwb-brand&post=57332"},{"taxonomy":"product_cat","embeddable":true,"href":"https:\/\/www.autonvaraosahaku.fi\/index.php?rest_route=%2Fwp%2Fv2%2Fproduct_cat&post=57332"},{"taxonomy":"product_tag","embeddable":true,"href":"https:\/\/www.autonvaraosahaku.fi\/index.php?rest_route=%2Fwp%2Fv2%2Fproduct_tag&post=57332"}],"curies":[{"name":"wp","href":"https:\/\/api.w.org\/{rel}","templated":true}]}}