{"id":57342,"date":"2021-02-21T18:05:40","date_gmt":"2021-02-21T18:05:40","guid":{"rendered":"https:\/\/www.autonvaraosahaku.fi\/?product=optimal-ag-40416-takaluukun-kaasujousi"},"modified":"2021-02-21T18:05:40","modified_gmt":"2021-02-21T18:05:40","slug":"optimal-ag-40416-takaluukun-kaasujousi","status":"publish","type":"product","link":"https:\/\/www.autonvaraosahaku.fi\/?product=optimal-ag-40416-takaluukun-kaasujousi","title":{"rendered":"OPTIMAL AG-40416 Takaluukun kaasujousi"},"content":{"rendered":"<p>Isku (mm): 105; Ty\u00f6nt\u00f6voima [N]: 490; Kopan l\u00e4pimitta (mm): 18; L\u00e4pimitta 1 [mm]: 8; Kokonaispituus (mm): 288; JEEP: GRAND CHEROKEE II WJ, WG; 55136764AA, 55352896AB, 55352897AB; Kaasujousi, Tavaratila<\/p>\n","protected":false},"excerpt":{"rendered":"<p>OPTIMAL Takaluukun Kaasujousi AG-40416 Kaasujousi, Tavaratila JEEP,GRAND CHEROKEE II WJ, WG<\/p>\n","protected":false},"featured_media":0,"template":"","meta":{"site-sidebar-layout":"default","site-content-layout":"default","ast-global-header-display":"","ast-main-header-display":"","ast-hfb-above-header-display":"","ast-hfb-below-header-display":"","ast-hfb-mobile-header-display":"","site-post-title":"","ast-breadcrumbs-content":"","ast-featured-img":"","footer-sml-layout":"","theme-transparent-header-meta":"","adv-header-id-meta":"","stick-header-meta":"","header-above-stick-meta":"","header-main-stick-meta":"","header-below-stick-meta":""},"pwb-brand":[307],"product_cat":[59],"product_tag":[],"class_list":{"0":"post-57342","1":"product","2":"type-product","3":"status-publish","5":"pwb-brand-optimal","6":"product_cat-takaluukun-kaasujousi","7":"desktop-align-left","8":"tablet-align-left","9":"mobile-align-left","11":"first","12":"instock","13":"product-type-external"},"brands":[{"id":307,"name":"OPTIMAL","slug":"optimal"}],"_links":{"self":[{"href":"https:\/\/www.autonvaraosahaku.fi\/index.php?rest_route=\/wp\/v2\/product\/57342","targetHints":{"allow":["GET"]}}],"collection":[{"href":"https:\/\/www.autonvaraosahaku.fi\/index.php?rest_route=\/wp\/v2\/product"}],"about":[{"href":"https:\/\/www.autonvaraosahaku.fi\/index.php?rest_route=\/wp\/v2\/types\/product"}],"wp:attachment":[{"href":"https:\/\/www.autonvaraosahaku.fi\/index.php?rest_route=%2Fwp%2Fv2%2Fmedia&parent=57342"}],"wp:term":[{"taxonomy":"pwb-brand","embeddable":true,"href":"https:\/\/www.autonvaraosahaku.fi\/index.php?rest_route=%2Fwp%2Fv2%2Fpwb-brand&post=57342"},{"taxonomy":"product_cat","embeddable":true,"href":"https:\/\/www.autonvaraosahaku.fi\/index.php?rest_route=%2Fwp%2Fv2%2Fproduct_cat&post=57342"},{"taxonomy":"product_tag","embeddable":true,"href":"https:\/\/www.autonvaraosahaku.fi\/index.php?rest_route=%2Fwp%2Fv2%2Fproduct_tag&post=57342"}],"curies":[{"name":"wp","href":"https:\/\/api.w.org\/{rel}","templated":true}]}}