{"id":57360,"date":"2021-02-21T18:05:40","date_gmt":"2021-02-21T18:05:40","guid":{"rendered":"https:\/\/www.autonvaraosahaku.fi\/?product=daco-germany-454705-iskunvaimennin"},"modified":"2021-02-21T18:05:45","modified_gmt":"2021-02-21T18:05:45","slug":"daco-germany-454705-iskunvaimennin","status":"publish","type":"product","link":"https:\/\/www.autonvaraosahaku.fi\/?product=daco-germany-454705-iskunvaimennin","title":{"rendered":"DACO Germany 454705 Iskunvaimennin"},"content":{"rendered":"<p>Asennuspuoli: Etuakseli; Iskunvaimennin tyyppi: Kaasupaine; Iskunvaimennusj\u00e4rjestelm\u00e4: Kaksiputki; Iskunvaimennin asennustapa: Tappi ylh\u00e4\u00e4ll\u00e4, Haarukka alhaalla; Valmistusvuoteen: 10\/2000; VW: PASSAT Variant 3B6,PASSAT Variant 3B5,PASSAT 3B2,PASSAT 3B3; AUDI: A6 Avant 4B5, C5,A6 4B2, C5,ALLROAD 4BH, C5; SKODA: SUPERB 3U4; 3B0413031J, 3B0413031Q, 3B0413031R, 3B0413031S, 4B0412031BT, 4B0412031CA, 4B0412031CB, 8D0413031BS, 3B0413031BS; Iskarit,Iskunvaimennin<\/p>\n","protected":false},"excerpt":{"rendered":"<p>DACO Germany Iskunvaimentimet 454705 Iskarit,Iskunvaimennin VW,AUDI,SKODA,PASSAT Variant 3B6,PASSAT Variant 3B5,PASSAT 3B2,PASSAT 3B3,A6 Avant 4B5, C5<\/p>\n","protected":false},"featured_media":0,"template":"","meta":{"site-sidebar-layout":"default","site-content-layout":"default","ast-global-header-display":"","ast-main-header-display":"","ast-hfb-above-header-display":"","ast-hfb-below-header-display":"","ast-hfb-mobile-header-display":"","site-post-title":"","ast-breadcrumbs-content":"","ast-featured-img":"","footer-sml-layout":"","theme-transparent-header-meta":"","adv-header-id-meta":"","stick-header-meta":"","header-above-stick-meta":"","header-main-stick-meta":"","header-below-stick-meta":""},"pwb-brand":[349],"product_cat":[80],"product_tag":[],"class_list":{"0":"post-57360","1":"product","2":"type-product","3":"status-publish","5":"pwb-brand-daco-germany","6":"product_cat-iskunvaimennin","7":"desktop-align-left","8":"tablet-align-left","9":"mobile-align-left","11":"first","12":"instock","13":"product-type-external"},"brands":[{"id":349,"name":"DACO Germany","slug":"daco-germany"}],"_links":{"self":[{"href":"https:\/\/www.autonvaraosahaku.fi\/index.php?rest_route=\/wp\/v2\/product\/57360","targetHints":{"allow":["GET"]}}],"collection":[{"href":"https:\/\/www.autonvaraosahaku.fi\/index.php?rest_route=\/wp\/v2\/product"}],"about":[{"href":"https:\/\/www.autonvaraosahaku.fi\/index.php?rest_route=\/wp\/v2\/types\/product"}],"wp:attachment":[{"href":"https:\/\/www.autonvaraosahaku.fi\/index.php?rest_route=%2Fwp%2Fv2%2Fmedia&parent=57360"}],"wp:term":[{"taxonomy":"pwb-brand","embeddable":true,"href":"https:\/\/www.autonvaraosahaku.fi\/index.php?rest_route=%2Fwp%2Fv2%2Fpwb-brand&post=57360"},{"taxonomy":"product_cat","embeddable":true,"href":"https:\/\/www.autonvaraosahaku.fi\/index.php?rest_route=%2Fwp%2Fv2%2Fproduct_cat&post=57360"},{"taxonomy":"product_tag","embeddable":true,"href":"https:\/\/www.autonvaraosahaku.fi\/index.php?rest_route=%2Fwp%2Fv2%2Fproduct_tag&post=57360"}],"curies":[{"name":"wp","href":"https:\/\/api.w.org\/{rel}","templated":true}]}}