{"id":57372,"date":"2021-02-21T18:05:46","date_gmt":"2021-02-21T18:05:46","guid":{"rendered":"https:\/\/www.autonvaraosahaku.fi\/?product=hella-8dz-355-209-051-muut-luokat"},"modified":"2021-02-21T18:05:49","modified_gmt":"2021-02-21T18:05:49","slug":"hella-8dz-355-209-051-muut-luokat","status":"publish","type":"product","link":"https:\/\/www.autonvaraosahaku.fi\/?product=hella-8dz-355-209-051-muut-luokat","title":{"rendered":"HELLA 8DZ 355 209-051 Muut luokat"},"content":{"rendered":"<p>Pituus (mm): 21,3; Kierremitta: M12x1,5; Materiaali: Ter\u00e4s; Pinta: Kromi-(VI)-vapaa passivointi; Ruuvikanta\/mutteriprofiili: Torx, sis\u00e4; M\u00e4\u00e4r\u00e4: 2; saatavana yleistarvikkeena katso tuote-nro.: 8DZ 355 209-991; Teknisten tietojen numero: PAG0005; Asennuspuoli: Vorderachse; VW: TOUAREG 7LA, 7L6, 7L7,TOUAREG 7P5; AUDI: Q7 4L,A8 4H_; MERCEDES-BENZ: G-CLASS W463,SPRINTER CLASSIC 3,5-t Kasten 909,G-CLASS Cabrio W463,SPRINTER CLASSIC 4,6-t Bus 909; PORSCHE: CAYENNE 955,CAYENNE; BENTLEY: MULSANNE 3Y_; N91028202, 0019900914, A0019900914, N91028202, N91028202, N91028202, N91028202<\/p>\n","protected":false},"excerpt":{"rendered":"<p>HELLA Ruuvi, Jarrulevy 8DZ 355 209-051  VW,AUDI,MERCEDES-BENZ,TOUAREG 7LA, 7L6, 7L7,TOUAREG 7P5,Q7 4L,A8 4H_,G-CLASS W463<\/p>\n","protected":false},"featured_media":0,"template":"","meta":{"site-sidebar-layout":"default","site-content-layout":"default","ast-global-header-display":"","ast-main-header-display":"","ast-hfb-above-header-display":"","ast-hfb-below-header-display":"","ast-hfb-mobile-header-display":"","site-post-title":"","ast-breadcrumbs-content":"","ast-featured-img":"","footer-sml-layout":"","theme-transparent-header-meta":"","adv-header-id-meta":"","stick-header-meta":"","header-above-stick-meta":"","header-main-stick-meta":"","header-below-stick-meta":""},"pwb-brand":[24],"product_cat":[37],"product_tag":[],"class_list":{"0":"post-57372","1":"product","2":"type-product","3":"status-publish","5":"pwb-brand-hella","6":"product_cat-muut-luokat","7":"desktop-align-left","8":"tablet-align-left","9":"mobile-align-left","11":"first","12":"instock","13":"product-type-external"},"brands":[{"id":24,"name":"HELLA","slug":"hella"}],"_links":{"self":[{"href":"https:\/\/www.autonvaraosahaku.fi\/index.php?rest_route=\/wp\/v2\/product\/57372","targetHints":{"allow":["GET"]}}],"collection":[{"href":"https:\/\/www.autonvaraosahaku.fi\/index.php?rest_route=\/wp\/v2\/product"}],"about":[{"href":"https:\/\/www.autonvaraosahaku.fi\/index.php?rest_route=\/wp\/v2\/types\/product"}],"wp:attachment":[{"href":"https:\/\/www.autonvaraosahaku.fi\/index.php?rest_route=%2Fwp%2Fv2%2Fmedia&parent=57372"}],"wp:term":[{"taxonomy":"pwb-brand","embeddable":true,"href":"https:\/\/www.autonvaraosahaku.fi\/index.php?rest_route=%2Fwp%2Fv2%2Fpwb-brand&post=57372"},{"taxonomy":"product_cat","embeddable":true,"href":"https:\/\/www.autonvaraosahaku.fi\/index.php?rest_route=%2Fwp%2Fv2%2Fproduct_cat&post=57372"},{"taxonomy":"product_tag","embeddable":true,"href":"https:\/\/www.autonvaraosahaku.fi\/index.php?rest_route=%2Fwp%2Fv2%2Fproduct_tag&post=57372"}],"curies":[{"name":"wp","href":"https:\/\/api.w.org\/{rel}","templated":true}]}}