{"id":57380,"date":"2021-02-21T18:05:46","date_gmt":"2021-02-21T18:05:46","guid":{"rendered":"https:\/\/www.autonvaraosahaku.fi\/?product=hella-8mt-354-777-921-termostaatti"},"modified":"2021-02-21T18:05:51","modified_gmt":"2021-02-21T18:05:51","slug":"hella-8mt-354-777-921-termostaatti","status":"publish","type":"product","link":"https:\/\/www.autonvaraosahaku.fi\/?product=hella-8mt-354-777-921-termostaatti","title":{"rendered":"HELLA 8MT 354 777-921 Termostaatti"},"content":{"rendered":"<p>Lis\u00e4tarvike\/lis\u00e4tieto: Tiivisteill\u00e4; Avausl\u00e4mp\u00f6tila [\u00b0C]: 92; Moottorinumerosta: 41531281; MERCEDES-BENZ: E-CLASS W212,VIANO W639,M-CLASS W164,E-CLASS T-Model S212,VITO Bus W639,VITO \/ MIXTO Kasten W639,S-CLASS W221,R-CLASS W251, V251,M-CLASS W166,E-CLASS Coupe C207,E-CLASS Cabriolet A207,GL-CLASS X164,CLS C218,CLS Shooting Brake X218,S-CLASS W222, V222, X222,GL-CLASS X166,E-CLASS W213,GLC X253,E-CLASS T-Model S213,GLE W166,GLC Coupe C253,GLE Coupe C292,GLS X166,E-CLASS Coupe C238,E-CLASS Cabriolet A238,E-CLASS All-Terrain S213; 6422001915, 6422002315, A6422001915, A6422002315; Termostaatti, J\u00e4\u00e4hdytysneste<\/p>\n","protected":false},"excerpt":{"rendered":"<p>HELLA Termostaatti 8MT 354 777-921 Termostaatti, J\u00e4\u00e4hdytysneste MERCEDES-BENZ,E-CLASS W212,VIANO W639,M-CLASS W164,E-CLASS T-Model S212,VITO Bus W639<\/p>\n","protected":false},"featured_media":0,"template":"","meta":{"site-sidebar-layout":"default","site-content-layout":"default","ast-global-header-display":"","ast-main-header-display":"","ast-hfb-above-header-display":"","ast-hfb-below-header-display":"","ast-hfb-mobile-header-display":"","site-post-title":"","ast-breadcrumbs-content":"","ast-featured-img":"","footer-sml-layout":"","theme-transparent-header-meta":"","adv-header-id-meta":"","stick-header-meta":"","header-above-stick-meta":"","header-main-stick-meta":"","header-below-stick-meta":""},"pwb-brand":[24],"product_cat":[174],"product_tag":[],"class_list":{"0":"post-57380","1":"product","2":"type-product","3":"status-publish","5":"pwb-brand-hella","6":"product_cat-termostaatti","7":"desktop-align-left","8":"tablet-align-left","9":"mobile-align-left","11":"first","12":"instock","13":"product-type-external"},"brands":[{"id":24,"name":"HELLA","slug":"hella"}],"_links":{"self":[{"href":"https:\/\/www.autonvaraosahaku.fi\/index.php?rest_route=\/wp\/v2\/product\/57380","targetHints":{"allow":["GET"]}}],"collection":[{"href":"https:\/\/www.autonvaraosahaku.fi\/index.php?rest_route=\/wp\/v2\/product"}],"about":[{"href":"https:\/\/www.autonvaraosahaku.fi\/index.php?rest_route=\/wp\/v2\/types\/product"}],"wp:attachment":[{"href":"https:\/\/www.autonvaraosahaku.fi\/index.php?rest_route=%2Fwp%2Fv2%2Fmedia&parent=57380"}],"wp:term":[{"taxonomy":"pwb-brand","embeddable":true,"href":"https:\/\/www.autonvaraosahaku.fi\/index.php?rest_route=%2Fwp%2Fv2%2Fpwb-brand&post=57380"},{"taxonomy":"product_cat","embeddable":true,"href":"https:\/\/www.autonvaraosahaku.fi\/index.php?rest_route=%2Fwp%2Fv2%2Fproduct_cat&post=57380"},{"taxonomy":"product_tag","embeddable":true,"href":"https:\/\/www.autonvaraosahaku.fi\/index.php?rest_route=%2Fwp%2Fv2%2Fproduct_tag&post=57380"}],"curies":[{"name":"wp","href":"https:\/\/api.w.org\/{rel}","templated":true}]}}