{"id":57386,"date":"2021-02-21T18:05:52","date_gmt":"2021-02-21T18:05:52","guid":{"rendered":"https:\/\/www.autonvaraosahaku.fi\/?product=xblitz-prism-muut-luokat"},"modified":"2021-02-21T18:05:53","modified_gmt":"2021-02-21T18:05:53","slug":"xblitz-prism-muut-luokat","status":"publish","type":"product","link":"https:\/\/www.autonvaraosahaku.fi\/?product=xblitz-prism-muut-luokat","title":{"rendered":"XBLITZ PRISM Muut luokat"},"content":{"rendered":"<p>Katselukulma [\u00b0]: 140; Videomuoto: AVI; Piirisarja: GP6248; Kameran anturi: SC2363; Linssi: 4G; N\u00e4yt\u00f6n koko diagonaali [Zoll]: 5; Iskutunnistin: Kyll\u00e4; Loop-tallennus: Kyll\u00e4; Videokoodekki: H.264; Kaiuttimen: Kyll\u00e4; Videon resoluutio [pix]: 1920&#215;1080; Ulostuloj\u00e4nnite USB [V]: 5; Muistikorttityyppi: microSD; Sarja sis\u00e4lt\u00e4\u00e4: USB-kaapelin, K\u00e4ytt\u00f6ohjeen, Autokameran; Suurin muistikapasiteetti [GB]: 64<\/p>\n","protected":false},"excerpt":{"rendered":"<p>XBLITZ Kojelautakamera PRISM<\/p>\n","protected":false},"featured_media":0,"template":"","meta":{"site-sidebar-layout":"default","site-content-layout":"default","ast-global-header-display":"","ast-main-header-display":"","ast-hfb-above-header-display":"","ast-hfb-below-header-display":"","ast-hfb-mobile-header-display":"","site-post-title":"","ast-breadcrumbs-content":"","ast-featured-img":"","footer-sml-layout":"","theme-transparent-header-meta":"","adv-header-id-meta":"","stick-header-meta":"","header-above-stick-meta":"","header-main-stick-meta":"","header-below-stick-meta":""},"pwb-brand":[409],"product_cat":[37],"product_tag":[],"class_list":{"0":"post-57386","1":"product","2":"type-product","3":"status-publish","5":"pwb-brand-xblitz","6":"product_cat-muut-luokat","7":"desktop-align-left","8":"tablet-align-left","9":"mobile-align-left","11":"first","12":"instock","13":"product-type-external"},"brands":[{"id":409,"name":"XBLITZ","slug":"xblitz"}],"_links":{"self":[{"href":"https:\/\/www.autonvaraosahaku.fi\/index.php?rest_route=\/wp\/v2\/product\/57386","targetHints":{"allow":["GET"]}}],"collection":[{"href":"https:\/\/www.autonvaraosahaku.fi\/index.php?rest_route=\/wp\/v2\/product"}],"about":[{"href":"https:\/\/www.autonvaraosahaku.fi\/index.php?rest_route=\/wp\/v2\/types\/product"}],"wp:attachment":[{"href":"https:\/\/www.autonvaraosahaku.fi\/index.php?rest_route=%2Fwp%2Fv2%2Fmedia&parent=57386"}],"wp:term":[{"taxonomy":"pwb-brand","embeddable":true,"href":"https:\/\/www.autonvaraosahaku.fi\/index.php?rest_route=%2Fwp%2Fv2%2Fpwb-brand&post=57386"},{"taxonomy":"product_cat","embeddable":true,"href":"https:\/\/www.autonvaraosahaku.fi\/index.php?rest_route=%2Fwp%2Fv2%2Fproduct_cat&post=57386"},{"taxonomy":"product_tag","embeddable":true,"href":"https:\/\/www.autonvaraosahaku.fi\/index.php?rest_route=%2Fwp%2Fv2%2Fproduct_tag&post=57386"}],"curies":[{"name":"wp","href":"https:\/\/api.w.org\/{rel}","templated":true}]}}