{"id":57394,"date":"2021-02-21T18:05:52","date_gmt":"2021-02-21T18:05:52","guid":{"rendered":"https:\/\/www.autonvaraosahaku.fi\/?product=ridex-470r0394-jaahdytin"},"modified":"2021-02-21T18:05:55","modified_gmt":"2021-02-21T18:05:55","slug":"ridex-470r0394-jaahdytin","status":"publish","type":"product","link":"https:\/\/www.autonvaraosahaku.fi\/?product=ridex-470r0394-jaahdytin","title":{"rendered":"RIDEX 470R0394 J\u00e4\u00e4hdytin"},"content":{"rendered":"<p>Materiaali: Alumiini; Leveys (mm): 322; Korkeus (mm): 380; Paksuus [mm]: 30; J\u00e4\u00e4hdytintyyppi: J\u00e4\u00e4hdytysrivat mekaan. kiinnitetyt; Vaihteistomalli: Schaltgetriebe; VW: POLO 86C, 80,POLO Coupe 86C, 80,PASSAT Variant 32B,POLO CLASSIC 86C, 80,PASSAT 32B,DERBY 86C, 80,PASSAT Stufenheck 32B,SANTANA 32B; SEAT: TERRA Kasten 024A,TERRA 24; 871121253, 867121253D, 867121253E, 867121253F, 871121253, 867121253D, 867121253E, 871121253; Syyl\u00e4ri,J\u00e4\u00e4hdytin,Moottorin J\u00e4\u00e4hdytys<\/p>\n","protected":false},"excerpt":{"rendered":"<p>RIDEX J\u00e4\u00e4hdytin 470R0394 Syyl\u00e4ri,J\u00e4\u00e4hdytin,Moottorin J\u00e4\u00e4hdytys VW,SEAT,POLO 86C, 80,POLO Coupe 86C, 80,PASSAT Variant 32B,POLO CLASSIC 86C, 80<\/p>\n","protected":false},"featured_media":0,"template":"","meta":{"site-sidebar-layout":"default","site-content-layout":"default","ast-global-header-display":"","ast-main-header-display":"","ast-hfb-above-header-display":"","ast-hfb-below-header-display":"","ast-hfb-mobile-header-display":"","site-post-title":"","ast-breadcrumbs-content":"","ast-featured-img":"","footer-sml-layout":"","theme-transparent-header-meta":"","adv-header-id-meta":"","stick-header-meta":"","header-above-stick-meta":"","header-main-stick-meta":"","header-below-stick-meta":""},"pwb-brand":[157],"product_cat":[421],"product_tag":[],"class_list":{"0":"post-57394","1":"product","2":"type-product","3":"status-publish","5":"pwb-brand-ridex","6":"product_cat-jaahdytin","7":"desktop-align-left","8":"tablet-align-left","9":"mobile-align-left","11":"first","12":"instock","13":"product-type-external"},"brands":[{"id":157,"name":"RIDEX","slug":"ridex"}],"_links":{"self":[{"href":"https:\/\/www.autonvaraosahaku.fi\/index.php?rest_route=\/wp\/v2\/product\/57394","targetHints":{"allow":["GET"]}}],"collection":[{"href":"https:\/\/www.autonvaraosahaku.fi\/index.php?rest_route=\/wp\/v2\/product"}],"about":[{"href":"https:\/\/www.autonvaraosahaku.fi\/index.php?rest_route=\/wp\/v2\/types\/product"}],"wp:attachment":[{"href":"https:\/\/www.autonvaraosahaku.fi\/index.php?rest_route=%2Fwp%2Fv2%2Fmedia&parent=57394"}],"wp:term":[{"taxonomy":"pwb-brand","embeddable":true,"href":"https:\/\/www.autonvaraosahaku.fi\/index.php?rest_route=%2Fwp%2Fv2%2Fpwb-brand&post=57394"},{"taxonomy":"product_cat","embeddable":true,"href":"https:\/\/www.autonvaraosahaku.fi\/index.php?rest_route=%2Fwp%2Fv2%2Fproduct_cat&post=57394"},{"taxonomy":"product_tag","embeddable":true,"href":"https:\/\/www.autonvaraosahaku.fi\/index.php?rest_route=%2Fwp%2Fv2%2Fproduct_tag&post=57394"}],"curies":[{"name":"wp","href":"https:\/\/api.w.org\/{rel}","templated":true}]}}