{"id":57396,"date":"2021-02-21T18:05:52","date_gmt":"2021-02-21T18:05:52","guid":{"rendered":"https:\/\/www.autonvaraosahaku.fi\/?product=era-880439a-sytytyspuola"},"modified":"2021-02-21T18:05:56","modified_gmt":"2021-02-21T18:05:56","slug":"era-880439a-sytytyspuola","status":"publish","type":"product","link":"https:\/\/www.autonvaraosahaku.fi\/?product=era-880439a-sytytyspuola","title":{"rendered":"ERA 880439A Sytytyspuola"},"content":{"rendered":"<p>Liittimi\u00e4: 3; Suositellun tarvikkeen tuotenumero: 883018; Porausreik\u00e4l\u00e4pimitta alkaen [mm]: 10,3; JEEP: CHEROKEE KJ,WRANGLER II TJ; MINI: MINI R50, R53,MINI Cabriolet R52; CHRYSLER: PT CRUISER PT_,VOYAGER IV RG, RS,VOYAGER III GS,SEBRING Cabriolet JR,STRATUS Cabriolet JX,PT CRUISER Cabriolet,SEBRING JR,NEON II,STRATUS JA,NEON PL,CIRRUS; MITSUBISHI: OUTLANDER I CU_W,LANCER Kombi CS_W,LANCER Stufenheck CS_A, CT0,L 300 Bus P0_W, P1_W, P2_W,ECLIPSE II D3_A,ECLIPSE I D2_A,SPACE RUNNER N6_W,SPACE RUNNER N1_W, N2_W,L 400 \/ SPACE GEAR Bus PD_W, PC_W, PA_V, PB_V,GALANT IV E3_A,SPACE WAGON N3_W, N4_W,GALANT IV Stufenheck E3_A,L 300 Kasten P0_W, P1_W,L 400 Kasten PD_W, PC_W, PB_V, PA_W, PA_V,SANTAMO,L 300 Pritsche\/Fahrgestell P1_T; DODGE: CARAVAN RG_,CARAVAN NS,STRATUS,NEON II,NEON; 12131487707, 12137510738<\/p>\n","protected":false},"excerpt":{"rendered":"<p>ERA Sytytyspuola 880439A  JEEP,MINI,CHRYSLER,CHEROKEE KJ,WRANGLER II TJ,MINI R50, R53,MINI Cabriolet R52,PT CRUISER PT_,VOYAGER IV RG, RS<\/p>\n","protected":false},"featured_media":0,"template":"","meta":{"site-sidebar-layout":"default","site-content-layout":"default","ast-global-header-display":"","ast-main-header-display":"","ast-hfb-above-header-display":"","ast-hfb-below-header-display":"","ast-hfb-mobile-header-display":"","site-post-title":"","ast-breadcrumbs-content":"","ast-featured-img":"","footer-sml-layout":"","theme-transparent-header-meta":"","adv-header-id-meta":"","stick-header-meta":"","header-above-stick-meta":"","header-main-stick-meta":"","header-below-stick-meta":""},"pwb-brand":[64],"product_cat":[25],"product_tag":[],"class_list":{"0":"post-57396","1":"product","2":"type-product","3":"status-publish","5":"pwb-brand-era","6":"product_cat-sytytyspuola","7":"desktop-align-left","8":"tablet-align-left","9":"mobile-align-left","11":"first","12":"instock","13":"product-type-external"},"brands":[{"id":64,"name":"ERA","slug":"era"}],"_links":{"self":[{"href":"https:\/\/www.autonvaraosahaku.fi\/index.php?rest_route=\/wp\/v2\/product\/57396","targetHints":{"allow":["GET"]}}],"collection":[{"href":"https:\/\/www.autonvaraosahaku.fi\/index.php?rest_route=\/wp\/v2\/product"}],"about":[{"href":"https:\/\/www.autonvaraosahaku.fi\/index.php?rest_route=\/wp\/v2\/types\/product"}],"wp:attachment":[{"href":"https:\/\/www.autonvaraosahaku.fi\/index.php?rest_route=%2Fwp%2Fv2%2Fmedia&parent=57396"}],"wp:term":[{"taxonomy":"pwb-brand","embeddable":true,"href":"https:\/\/www.autonvaraosahaku.fi\/index.php?rest_route=%2Fwp%2Fv2%2Fpwb-brand&post=57396"},{"taxonomy":"product_cat","embeddable":true,"href":"https:\/\/www.autonvaraosahaku.fi\/index.php?rest_route=%2Fwp%2Fv2%2Fproduct_cat&post=57396"},{"taxonomy":"product_tag","embeddable":true,"href":"https:\/\/www.autonvaraosahaku.fi\/index.php?rest_route=%2Fwp%2Fv2%2Fproduct_tag&post=57396"}],"curies":[{"name":"wp","href":"https:\/\/api.w.org\/{rel}","templated":true}]}}