{"id":57402,"date":"2021-02-21T18:05:58","date_gmt":"2021-02-21T18:05:58","guid":{"rendered":"https:\/\/www.autonvaraosahaku.fi\/?product=hr-29255-4-jouset"},"modified":"2021-02-21T18:05:58","modified_gmt":"2021-02-21T18:05:58","slug":"hr-29255-4-jouset","status":"publish","type":"product","link":"https:\/\/www.autonvaraosahaku.fi\/?product=hr-29255-4-jouset","title":{"rendered":"H&#038;R 29255-4 Jouset"},"content":{"rendered":"<p>Yksitt\u00e4isosat luettelossa: ; M\u00e4\u00e4r\u00e4yksikk\u00f6: Sarja; Asennuspuoli: Etuakseli; Madallus, etu [mm]: 35, 35; Jousimalli: Kierrejousi; M\u00e4\u00e4r\u00e4: 2; Tuning: 1; BMW: 5 E60,5 Touring E61; Alustasarja Jouset<\/p>\n","protected":false},"excerpt":{"rendered":"<p>H&#038;R Madallusjouset 29255-4 Alustasarja Jouset BMW,5 E60,5 Touring E61<\/p>\n","protected":false},"featured_media":0,"template":"","meta":{"site-sidebar-layout":"default","site-content-layout":"default","ast-global-header-display":"","ast-main-header-display":"","ast-hfb-above-header-display":"","ast-hfb-below-header-display":"","ast-hfb-mobile-header-display":"","site-post-title":"","ast-breadcrumbs-content":"","ast-featured-img":"","footer-sml-layout":"","theme-transparent-header-meta":"","adv-header-id-meta":"","stick-header-meta":"","header-above-stick-meta":"","header-main-stick-meta":"","header-below-stick-meta":""},"pwb-brand":[423],"product_cat":[171],"product_tag":[],"class_list":{"0":"post-57402","1":"product","2":"type-product","3":"status-publish","5":"pwb-brand-hr","6":"product_cat-jouset","7":"desktop-align-left","8":"tablet-align-left","9":"mobile-align-left","11":"first","12":"instock","13":"product-type-external"},"brands":[{"id":423,"name":"H&amp;R","slug":"hr"}],"_links":{"self":[{"href":"https:\/\/www.autonvaraosahaku.fi\/index.php?rest_route=\/wp\/v2\/product\/57402","targetHints":{"allow":["GET"]}}],"collection":[{"href":"https:\/\/www.autonvaraosahaku.fi\/index.php?rest_route=\/wp\/v2\/product"}],"about":[{"href":"https:\/\/www.autonvaraosahaku.fi\/index.php?rest_route=\/wp\/v2\/types\/product"}],"wp:attachment":[{"href":"https:\/\/www.autonvaraosahaku.fi\/index.php?rest_route=%2Fwp%2Fv2%2Fmedia&parent=57402"}],"wp:term":[{"taxonomy":"pwb-brand","embeddable":true,"href":"https:\/\/www.autonvaraosahaku.fi\/index.php?rest_route=%2Fwp%2Fv2%2Fpwb-brand&post=57402"},{"taxonomy":"product_cat","embeddable":true,"href":"https:\/\/www.autonvaraosahaku.fi\/index.php?rest_route=%2Fwp%2Fv2%2Fproduct_cat&post=57402"},{"taxonomy":"product_tag","embeddable":true,"href":"https:\/\/www.autonvaraosahaku.fi\/index.php?rest_route=%2Fwp%2Fv2%2Fproduct_tag&post=57402"}],"curies":[{"name":"wp","href":"https:\/\/api.w.org\/{rel}","templated":true}]}}