{"id":57415,"date":"2021-02-21T18:05:58","date_gmt":"2021-02-21T18:05:58","guid":{"rendered":"https:\/\/www.autonvaraosahaku.fi\/?product=ridex-1385c0018-ohjainlaite-lammitys-tuuletus"},"modified":"2021-02-21T18:06:01","modified_gmt":"2021-02-21T18:06:01","slug":"ridex-1385c0018-ohjainlaite-lammitys-tuuletus","status":"publish","type":"product","link":"https:\/\/www.autonvaraosahaku.fi\/?product=ridex-1385c0018-ohjainlaite-lammitys-tuuletus","title":{"rendered":"RIDEX 1385C0018 Ohjainlaite l\u00e4mmitys tuuletus"},"content":{"rendered":"<p>M\u00e4\u00e4r\u00e4: 1; Liittimi\u00e4: 5; V\u00e4ri: Musta, Vihre\u00e4; Materiaali: Muovi; Paino [kg]: 0,044; OPEL: CORSA D,ADAM,CORSA D Van,CORSA E,CORSA E Van; ALFA ROMEO: MITO 955; FIAT: GRANDE PUNTO 199,DUCATO Kasten 250,DUCATO Pritsche\/Fahrgestell 250,PUNTO EVO 199,DUCATO Bus 250,DUCATO Pritsche\/Fahrgestell 244,PUNTO 199,LINEA 323,PUNTO Van 199,GRANDE PUNTO Van 199_,PUNTO EVO Van 199_; CITRO\u00cbN: JUMPER Kasten,JUMPER Bus,JUMPER Pritsche\/Fahrgestell; PEUGEOT: BOXER Kasten,BOXER Bus,BOXER Pritsche\/Fahrgestell; VAUXHALL: CORSA Mk III D L_8,ADAM,CORSAVAN Mk III D,CORSA Mk IV E; 55702407, 77364061, 77364555, 6450XR, 55702407, 77364061, 77364555, 013480494, 13480494, 6845796, 6450XR, 013248240, 013480494, 13248240, 13480494<\/p>\n","protected":false},"excerpt":{"rendered":"<p>RIDEX Ohjainlaite, L\u00e4mmitys\/Tuuletus 1385C0018  OPEL,ALFA ROMEO,FIAT,CORSA D,ADAM,CORSA D Van,CORSA E,CORSA E Van,MITO 955,GRANDE PUNTO 199<\/p>\n","protected":false},"featured_media":0,"template":"","meta":{"site-sidebar-layout":"default","site-content-layout":"default","ast-global-header-display":"","ast-main-header-display":"","ast-hfb-above-header-display":"","ast-hfb-below-header-display":"","ast-hfb-mobile-header-display":"","site-post-title":"","ast-breadcrumbs-content":"","ast-featured-img":"","footer-sml-layout":"","theme-transparent-header-meta":"","adv-header-id-meta":"","stick-header-meta":"","header-above-stick-meta":"","header-main-stick-meta":"","header-below-stick-meta":""},"pwb-brand":[157],"product_cat":[262],"product_tag":[],"class_list":{"0":"post-57415","1":"product","2":"type-product","3":"status-publish","5":"pwb-brand-ridex","6":"product_cat-ohjainlaite-lammitys-tuuletus","7":"desktop-align-left","8":"tablet-align-left","9":"mobile-align-left","11":"first","12":"instock","13":"product-type-external"},"brands":[{"id":157,"name":"RIDEX","slug":"ridex"}],"_links":{"self":[{"href":"https:\/\/www.autonvaraosahaku.fi\/index.php?rest_route=\/wp\/v2\/product\/57415","targetHints":{"allow":["GET"]}}],"collection":[{"href":"https:\/\/www.autonvaraosahaku.fi\/index.php?rest_route=\/wp\/v2\/product"}],"about":[{"href":"https:\/\/www.autonvaraosahaku.fi\/index.php?rest_route=\/wp\/v2\/types\/product"}],"wp:attachment":[{"href":"https:\/\/www.autonvaraosahaku.fi\/index.php?rest_route=%2Fwp%2Fv2%2Fmedia&parent=57415"}],"wp:term":[{"taxonomy":"pwb-brand","embeddable":true,"href":"https:\/\/www.autonvaraosahaku.fi\/index.php?rest_route=%2Fwp%2Fv2%2Fpwb-brand&post=57415"},{"taxonomy":"product_cat","embeddable":true,"href":"https:\/\/www.autonvaraosahaku.fi\/index.php?rest_route=%2Fwp%2Fv2%2Fproduct_cat&post=57415"},{"taxonomy":"product_tag","embeddable":true,"href":"https:\/\/www.autonvaraosahaku.fi\/index.php?rest_route=%2Fwp%2Fv2%2Fproduct_tag&post=57415"}],"curies":[{"name":"wp","href":"https:\/\/api.w.org\/{rel}","templated":true}]}}