{"id":57416,"date":"2021-02-21T18:05:58","date_gmt":"2021-02-21T18:05:58","guid":{"rendered":"https:\/\/www.autonvaraosahaku.fi\/?product=hella-9xw-358-136-241-pyyhkijansulat"},"modified":"2021-02-21T18:06:01","modified_gmt":"2021-02-21T18:06:01","slug":"hella-9xw-358-136-241-pyyhkijansulat","status":"publish","type":"product","link":"https:\/\/www.autonvaraosahaku.fi\/?product=hella-9xw-358-136-241-pyyhkijansulat","title":{"rendered":"HELLA 9XW 358 136-241 Pyyhkij\u00e4nsulat"},"content":{"rendered":"<p>Asennuspuoli: Molemminpuolin, fahrerseitig; Pituus (mm): 600; Pituus (tuumaa): 24; Vasen \/ oikea liikenne: Oikean-\/vasemmanpuolinen ohjaus; M\u00e4\u00e4r\u00e4: 1; Pyyhkij\u00e4nsulkatyyppi: Flatblade-pyyhinsulka (rungoton); VW: GOLF V 1K1,TOURAN 1T1, 1T2,GOLF VI 5K1,PASSAT Variant 3C5,PASSAT 3C2,POLO 6R, 6C,TIGUAN 5N_,PASSAT Variant 365,CADDY III Kombi 2KB, 2KJ, 2CB, 2CJ,TRANSPORTER V Bus 7HB, 7HJ, 7EB, 7EJ, 7EF,TOURAN 1T3,GOLF VI Variant AJ5,GOLF V Variant 1K5,MULTIVAN V 7HM, 7HN, 7HF, 7EF, 7EM, 7EN,UP,CADDY III Kasten 2KA, 2KH, 2CA, 2CH,EOS 1F7, 1F8,SCIROCCO 137, 138,TRANSPORTER V Kasten 7HA, 7HH, 7EA, 7EH,PASSAT CC 357,CRAFTER 30-50 Kasten 2E_,JETTA III 1K2,PASSAT 362,AMAROK 2H_, S1B,CC 358,LT 28-46 II Kasten 2DA, 2DD, 2DH,JETTA IV 162, 163,CRAFTER 30-35 Bus 2E_,POLO Stufenheck,TRANSPORTER V Pritsche\/Fahrgestell 7JD, 7JE, 7JL, 7JY, 7JZ,,LT 28-35 II Bus 2DB, 2DE, 2DK,LT 28-46 II Pritsche\/Fahrgestell 2DC, 2DF, 2DG, 2DL, 2DM,CRAFTER 30-50 Pritsche\/Fahrgestell 2F_,PASSAT A32,MULTIVAN VI SGF, SGM, SGN,CADDY IV Kombi SAB, SAJ,TRANSPORTER VI Bus SGB, SGG, SGJ,POLO Van 6R,TRANSPORTER VI Kasten SGA, SGH,CADDY IV Kasten SAA, SAH,AMAROK Pritsche\/Fahrgestell S1B,LOAD UP,CADDY ALLTRACK Kasten SAA,CAD; AUDI: A4 Avant 8K5, B8,A3 8P1,A3 Sportback 8PA,A4 8K2, B8,Q5 8R,A5 8T3,A5 Sportback 8TA,Q7 4L,Q3 8U,A1 8X1, 8XF,A1 Sportback 8XA, 8XK,A4 Allroad 8KH, B8,A5 Cabriolet 8F7,A3 Cabriolet 8P7,R8 42,A4 Avant 8W5, B9,A4 8W2, B9,TT FV3,Q5 FY,A5 Sportback F5A,Q2 GA,TT Roadster FV9,A4 Allroad 8WH, B9,A5 Cabriolet F57; MAZDA: CX-5 KE, GH,2 DY,6 Kombi GH,2 DE,PREMACY CP,6 Hatchback GG,6 GG,3 BL,3 BM,6 Kombi GJ, GH,6 Schr\u00e4gheck GH,6 GH,MPV II LW,6 Stufenheck GJ, GH,3 Stufenheck BL,3 Stufenheck BM,2 Stufenheck DE; NISSAN: QASHQAI \/ QASHQAI +2 J10, JJ10,X-TRAIL T30,NOTE E11,NAVARA D40,JUKE F15,PATHFINDER R51,X-TRAIL T31,NAVARA Pritsche\/Fahrgestell D40,NOTE E12,TIIDA Schr\u00e4gheck,PRIMASTAR Bus X83,SERENA C23M,PRIMASTAR Kasten X83,TIIDA Stufenheck SC11X,QASHQAI J11, J11_,VANETTE CARGO Kasten HC 23,VANETTE CARGO Bus HC 23,NAVARA Pick-up D23,PRIMASTAR Pritsche\/Fahrgestell,PATROL III Y62,TEANA I J31,NAVARA Pritsche\/Fahrgestell; JEEP: COMPASS; DAEWOO: REZZO KLAU; ABARTH: 500 \/ 595 312_,500C \/ 595C 312_; LADA: KALINA Kombi 1117,KALINA Schr\u00e4gheck 1119,KALINA Stufenheck 1118,GRANTA 2190,VESTA,KALINA Kombi 2194,KALINA Schr\u00e4gheck 2192,VESTA SW,GRANTA Schr\u00e4gheck 2191; SKODA: OCTAVIA Combi 1Z5,OCTAVIA Combi 5E5,YETI 5L,SUPERB Kombi 3T5,OCTAVIA 1Z3,CITIGO,SUPERB 3T4,RAPID Spaceback NH1,OCTAVIA 5E3,RAPID NH3,KODIAQ NS7; SUZUKI: KIZASHI FR,VITARA LY; Tuulilasinpyyhkimet,Pyyhkij\u00e4t,Pyyhkij\u00e4nsulka<\/p>\n","protected":false},"excerpt":{"rendered":"<p>HELLA Pyyhkij\u00e4nsulat 9XW 358 136-241 Tuulilasinpyyhkimet,Pyyhkij\u00e4t VW,AUDI,MAZDA,GOLF V 1K1,TOURAN 1T1, 1T2,GOLF VI 5K1,PASSAT Variant 3C5,PASSAT 3C2<\/p>\n","protected":false},"featured_media":0,"template":"","meta":{"site-sidebar-layout":"default","site-content-layout":"default","ast-global-header-display":"","ast-main-header-display":"","ast-hfb-above-header-display":"","ast-hfb-below-header-display":"","ast-hfb-mobile-header-display":"","site-post-title":"","ast-breadcrumbs-content":"","ast-featured-img":"","footer-sml-layout":"","theme-transparent-header-meta":"","adv-header-id-meta":"","stick-header-meta":"","header-above-stick-meta":"","header-main-stick-meta":"","header-below-stick-meta":""},"pwb-brand":[24],"product_cat":[33],"product_tag":[],"class_list":{"0":"post-57416","1":"product","2":"type-product","3":"status-publish","5":"pwb-brand-hella","6":"product_cat-pyyhkijansulat","7":"desktop-align-left","8":"tablet-align-left","9":"mobile-align-left","11":"first","12":"instock","13":"product-type-external"},"brands":[{"id":24,"name":"HELLA","slug":"hella"}],"_links":{"self":[{"href":"https:\/\/www.autonvaraosahaku.fi\/index.php?rest_route=\/wp\/v2\/product\/57416","targetHints":{"allow":["GET"]}}],"collection":[{"href":"https:\/\/www.autonvaraosahaku.fi\/index.php?rest_route=\/wp\/v2\/product"}],"about":[{"href":"https:\/\/www.autonvaraosahaku.fi\/index.php?rest_route=\/wp\/v2\/types\/product"}],"wp:attachment":[{"href":"https:\/\/www.autonvaraosahaku.fi\/index.php?rest_route=%2Fwp%2Fv2%2Fmedia&parent=57416"}],"wp:term":[{"taxonomy":"pwb-brand","embeddable":true,"href":"https:\/\/www.autonvaraosahaku.fi\/index.php?rest_route=%2Fwp%2Fv2%2Fpwb-brand&post=57416"},{"taxonomy":"product_cat","embeddable":true,"href":"https:\/\/www.autonvaraosahaku.fi\/index.php?rest_route=%2Fwp%2Fv2%2Fproduct_cat&post=57416"},{"taxonomy":"product_tag","embeddable":true,"href":"https:\/\/www.autonvaraosahaku.fi\/index.php?rest_route=%2Fwp%2Fv2%2Fproduct_tag&post=57416"}],"curies":[{"name":"wp","href":"https:\/\/api.w.org\/{rel}","templated":true}]}}