{"id":57419,"date":"2021-02-21T18:05:58","date_gmt":"2021-02-21T18:05:58","guid":{"rendered":"https:\/\/www.autonvaraosahaku.fi\/?product=magneti-marelli-352317101090-termostaatti"},"modified":"2021-02-21T18:06:02","modified_gmt":"2021-02-21T18:06:02","slug":"magneti-marelli-352317101090-termostaatti","status":"publish","type":"product","link":"https:\/\/www.autonvaraosahaku.fi\/?product=magneti-marelli-352317101090-termostaatti","title":{"rendered":"MAGNETI MARELLI 352317101090 Termostaatti"},"content":{"rendered":"<p>Erittely: Single Thermostat; Lis\u00e4tarvike\/lis\u00e4tieto: Tiivisteill\u00e4; Avausl\u00e4mp\u00f6tila [\u00b0C]: 89; TECDOC-moottorinumero: 24254; VW: CADDY I 14; AUDI: A4 Avant 8ED, B7,A4 Cabriolet 8H7, B6, 8HE, B7; MERCEDES-BENZ: R-CLASS W251, V251; BMW: 3 Coupe E92; OPEL: ASTRA H L48,ASTRA H GTC L08,ANTARA,VIVARO Kasten F7,VIVARO Combi J7,VIVARO Pritsche\/Fahrgestell E7; FORD: S-MAX WA6,GALAXY WA6,TRANSIT MK-7 Kasten,TRANSIT MK-7 Bus,FOCUS II Cabriolet,TRANSIT MK-7 Pritsche\/Fahrgestell,TRANSIT TOURNEO FB; RENAULT: CLIO II BB0\/1\/2_, CB0\/1\/2_,CLIO III BR0\/1, CR0\/1,SC\u00c9NIC II JM0\/1_,KANGOO KC0\/1_,MEGANE III Grandtour KZ0\/1,ESPACE IV JK0\/1_,LAGUNA II Grandtour KG0\/1_,MEGANE II Kombi KM0\/1_,SC\u00c9NIC I JA0\/1_,MEGANE II Coup\u00e9-Cabriolet EM0\/1_,ESPACE III JE0_,LAGUNA III Grandtour KT0\/1,MEGANE Scenic JA0\/1_,MEGANE III Schr\u00e4gheck BZ0_,LAGUNA II BG0\/1_,MEGANE II BM0\/1_, CM0\/1_,TRAFIC II Bus JL,MEGANE I BA0\/1_,TRAFIC II Kasten FL,MEGANE III Coupe DZ0\/1_,KANGOO \/ GRAND KANGOO KW0\/1_,KANGOO Express FC0\/1_,GRAND SC\u00c9NIC II JM0\/1_,MEGANE I Grandtour KA0\/1_,MEGANE I Cabriolet EA0\/1_,LAGUNA I B56_, 556_,LAGUNA I Grandtour K56_,LAGUNA III BT0\/1,KANGOO Express FW0\/1_,MEGANE II Stufenheck LM0\/1_,MEGANE I Classic LA0\/1_,MEGANE I Coach DA0\/1_,MEGANE CC EZ0\/1_,VEL SATIS BJ0_,LAGUNA Coupe DT0\/1,AVANTIME DE0_,19 I Chamade L53_,THALIA I LB0\/1\/2_,SANDERO\/STEPWAY I,TRAFIC II Pritsche\/Fahrgestell EL,DUSTER,LOGAN I Kombi KS_,LOGAN I LS_,THALIA II LU1\/2_; PEUGEOT: 307 Break 3E,607 9D, 9U,407 6D_,PARTNER Combispace 5F,PARTNER Kasten 5; CITRO\u00cbN: JUMPER Kasten,JUMPER Bus,JUMPER Pritsche\/Fahrgestell; NISSAN: PRIMASTAR Bus X83,PRIMASTAR Kasten X83,KUBISTAR Kasten X80; 7700872554, 7700872635; Termostaatti, J\u00e4\u00e4hdytysneste<\/p>\n","protected":false},"excerpt":{"rendered":"<p>MAGNETI MARELLI Termostaatti 352317101090 Termostaatti, J\u00e4\u00e4hdytysneste VW,AUDI,MERCEDES-BENZ,CADDY I 14,A4 Avant 8ED, B7,A4 Cabriolet 8H7, B6, 8HE, B7<\/p>\n","protected":false},"featured_media":0,"template":"","meta":{"site-sidebar-layout":"default","site-content-layout":"default","ast-global-header-display":"","ast-main-header-display":"","ast-hfb-above-header-display":"","ast-hfb-below-header-display":"","ast-hfb-mobile-header-display":"","site-post-title":"","ast-breadcrumbs-content":"","ast-featured-img":"","footer-sml-layout":"","theme-transparent-header-meta":"","adv-header-id-meta":"","stick-header-meta":"","header-above-stick-meta":"","header-main-stick-meta":"","header-below-stick-meta":""},"pwb-brand":[34],"product_cat":[174],"product_tag":[],"class_list":{"0":"post-57419","1":"product","2":"type-product","3":"status-publish","5":"pwb-brand-magneti-marelli","6":"product_cat-termostaatti","7":"desktop-align-left","8":"tablet-align-left","9":"mobile-align-left","11":"first","12":"instock","13":"product-type-external"},"brands":[{"id":34,"name":"MAGNETI MARELLI","slug":"magneti-marelli"}],"_links":{"self":[{"href":"https:\/\/www.autonvaraosahaku.fi\/index.php?rest_route=\/wp\/v2\/product\/57419","targetHints":{"allow":["GET"]}}],"collection":[{"href":"https:\/\/www.autonvaraosahaku.fi\/index.php?rest_route=\/wp\/v2\/product"}],"about":[{"href":"https:\/\/www.autonvaraosahaku.fi\/index.php?rest_route=\/wp\/v2\/types\/product"}],"wp:attachment":[{"href":"https:\/\/www.autonvaraosahaku.fi\/index.php?rest_route=%2Fwp%2Fv2%2Fmedia&parent=57419"}],"wp:term":[{"taxonomy":"pwb-brand","embeddable":true,"href":"https:\/\/www.autonvaraosahaku.fi\/index.php?rest_route=%2Fwp%2Fv2%2Fpwb-brand&post=57419"},{"taxonomy":"product_cat","embeddable":true,"href":"https:\/\/www.autonvaraosahaku.fi\/index.php?rest_route=%2Fwp%2Fv2%2Fproduct_cat&post=57419"},{"taxonomy":"product_tag","embeddable":true,"href":"https:\/\/www.autonvaraosahaku.fi\/index.php?rest_route=%2Fwp%2Fv2%2Fproduct_tag&post=57419"}],"curies":[{"name":"wp","href":"https:\/\/api.w.org\/{rel}","templated":true}]}}