{"id":57451,"date":"2021-02-21T18:06:10","date_gmt":"2021-02-21T18:06:10","guid":{"rendered":"https:\/\/www.autonvaraosahaku.fi\/?product=vegaz-ald-122-pakosarjan-tiivisteet"},"modified":"2021-02-21T18:06:12","modified_gmt":"2021-02-21T18:06:12","slug":"vegaz-ald-122-pakosarjan-tiivisteet","status":"publish","type":"product","link":"https:\/\/www.autonvaraosahaku.fi\/?product=vegaz-ald-122-pakosarjan-tiivisteet","title":{"rendered":"VEGAZ ALD-122 Pakosarjan tiivisteet"},"content":{"rendered":"<p>Reik\u00e4lukum\u00e4\u00e4r\u00e4 1: 1; Reik\u00e4lukum\u00e4\u00e4r\u00e4 2: 2; L\u00e4pimitta 1 [mm]: 62; L\u00e4pimitta 2 [mm]: 9,2; Paino [kg]: 0,02; Valmistusvuoteen: 10\/2000; SUZUKI: SX4 EY, GY; LANCIA: KAPPA 838A,KAPPA SW 838B,KAPPA Coupe 838; FIAT: BRAVO II 198,FREEMONT JF_,DOBLO Kasten\/Kombi 263,COUPE FA\/175,SEDICI,DOBLO Gro\u00dfraumlimousine 152, 263,BRAVO I 182,MAREA Weekend 185,DOBLO Pritsche\/Fahrgestell 263,MAREA 185; ALFA ROMEO: 147 937,159 Sportwagon 939,156 Sportwagon 932,GIULIETTA 940,156 932,159 939,GT 937,SPIDER 916S_,166 936,GTV 916C_; 51799495, 60570513, 60654239, 60811208, 60815571, 73503584, 82473601, 18112243550, 52022294AA, 51799495, 60814051, 71750539, 73503584, 7798173, 82473525, 82473601, K52022294AA, 51799495, 0K00F40305, 854561, 854593, 95468209, 95510552, 1418179J80000; Tiiviste, Pakoputki<\/p>\n","protected":false},"excerpt":{"rendered":"<p>VEGAZ Pakoputken Tiiviste ALD-122 Tiiviste, Pakoputki SUZUKI,LANCIA,FIAT,SX4 EY, GY,KAPPA 838A,KAPPA SW 838B,KAPPA Coupe 838,BRAVO II 198,FREEMONT JF_<\/p>\n","protected":false},"featured_media":0,"template":"","meta":{"site-sidebar-layout":"default","site-content-layout":"default","ast-global-header-display":"","ast-main-header-display":"","ast-hfb-above-header-display":"","ast-hfb-below-header-display":"","ast-hfb-mobile-header-display":"","site-post-title":"","ast-breadcrumbs-content":"","ast-featured-img":"","footer-sml-layout":"","theme-transparent-header-meta":"","adv-header-id-meta":"","stick-header-meta":"","header-above-stick-meta":"","header-main-stick-meta":"","header-below-stick-meta":""},"pwb-brand":[306],"product_cat":[123],"product_tag":[],"class_list":{"0":"post-57451","1":"product","2":"type-product","3":"status-publish","5":"pwb-brand-vegaz","6":"product_cat-pakosarjan-tiivisteet","7":"desktop-align-left","8":"tablet-align-left","9":"mobile-align-left","11":"first","12":"instock","13":"product-type-external"},"brands":[{"id":306,"name":"VEGAZ","slug":"vegaz"}],"_links":{"self":[{"href":"https:\/\/www.autonvaraosahaku.fi\/index.php?rest_route=\/wp\/v2\/product\/57451","targetHints":{"allow":["GET"]}}],"collection":[{"href":"https:\/\/www.autonvaraosahaku.fi\/index.php?rest_route=\/wp\/v2\/product"}],"about":[{"href":"https:\/\/www.autonvaraosahaku.fi\/index.php?rest_route=\/wp\/v2\/types\/product"}],"wp:attachment":[{"href":"https:\/\/www.autonvaraosahaku.fi\/index.php?rest_route=%2Fwp%2Fv2%2Fmedia&parent=57451"}],"wp:term":[{"taxonomy":"pwb-brand","embeddable":true,"href":"https:\/\/www.autonvaraosahaku.fi\/index.php?rest_route=%2Fwp%2Fv2%2Fpwb-brand&post=57451"},{"taxonomy":"product_cat","embeddable":true,"href":"https:\/\/www.autonvaraosahaku.fi\/index.php?rest_route=%2Fwp%2Fv2%2Fproduct_cat&post=57451"},{"taxonomy":"product_tag","embeddable":true,"href":"https:\/\/www.autonvaraosahaku.fi\/index.php?rest_route=%2Fwp%2Fv2%2Fproduct_tag&post=57451"}],"curies":[{"name":"wp","href":"https:\/\/api.w.org\/{rel}","templated":true}]}}