{"id":57457,"date":"2021-02-21T18:06:10","date_gmt":"2021-02-21T18:06:10","guid":{"rendered":"https:\/\/www.autonvaraosahaku.fi\/?product=maxgear-28-0379-paisuntasailion-korkki"},"modified":"2021-02-21T18:06:14","modified_gmt":"2021-02-21T18:06:14","slug":"maxgear-28-0379-paisuntasailion-korkki","status":"publish","type":"product","link":"https:\/\/www.autonvaraosahaku.fi\/?product=maxgear-28-0379-paisuntasailion-korkki","title":{"rendered":"MAXGEAR 28-0379 Paisuntas\u00e4ili\u00f6n korkki"},"content":{"rendered":"<p>V\u00e4ri: valkoinen\/ruskea; VW: GOLF PLUS 5M1, 521,SCIROCCO 137, 138,JETTA III 1K2; SKODA: ROOMSTER Praktik 5J; BMW: 3 Coupe E92; DAEWOO: NUBIRA Stufenheck KLAJ; NISSAN: INTERSTAR Kasten X70,INTERSTAR Bus X70; HYUNDAI: i30 FD,i30 CW FD,SONATA V NF,GRANDEUR TG; VOLVO: C70 II Cabriolet,S80 II AS; OPEL: MOVANO Kasten F9,MOVANO Combi J9,MOVANO Pritsche\/Fahrgestell U9, E9,MOVANO Kipper H9,ARENA Kasten TB, TF; TOYOTA: HILUX IV Pick-up _N5_, _N6_; DACIA: SANDERO; 09110429, 2151600QAA, 2151600QAB, 4402429, 5000395208, 7700760508, 7700805031, 7700808836, 09110429, 4402429, 9110429, 09110429, 2151600QAA, 2151600QAB, 4402429, 5000395208, 7700760508, 7700805031, 7700808836; Korkki, Paisuntas\u00e4ili\u00f6<\/p>\n","protected":false},"excerpt":{"rendered":"<p>MAXGEAR Paisuntas\u00e4ili\u00f6n Korkki 28-0379 Korkki, Paisuntas\u00e4ili\u00f6 VW,SKODA,BMW,GOLF PLUS 5M1, 521,SCIROCCO 137, 138,JETTA III 1K2,ROOMSTER Praktik 5J<\/p>\n","protected":false},"featured_media":0,"template":"","meta":{"site-sidebar-layout":"default","site-content-layout":"default","ast-global-header-display":"","ast-main-header-display":"","ast-hfb-above-header-display":"","ast-hfb-below-header-display":"","ast-hfb-mobile-header-display":"","site-post-title":"","ast-breadcrumbs-content":"","ast-featured-img":"","footer-sml-layout":"","theme-transparent-header-meta":"","adv-header-id-meta":"","stick-header-meta":"","header-above-stick-meta":"","header-main-stick-meta":"","header-below-stick-meta":""},"pwb-brand":[48],"product_cat":[99],"product_tag":[],"class_list":{"0":"post-57457","1":"product","2":"type-product","3":"status-publish","5":"pwb-brand-maxgear","6":"product_cat-paisuntasailion-korkki","7":"desktop-align-left","8":"tablet-align-left","9":"mobile-align-left","11":"first","12":"instock","13":"product-type-external"},"brands":[{"id":48,"name":"MAXGEAR","slug":"maxgear"}],"_links":{"self":[{"href":"https:\/\/www.autonvaraosahaku.fi\/index.php?rest_route=\/wp\/v2\/product\/57457","targetHints":{"allow":["GET"]}}],"collection":[{"href":"https:\/\/www.autonvaraosahaku.fi\/index.php?rest_route=\/wp\/v2\/product"}],"about":[{"href":"https:\/\/www.autonvaraosahaku.fi\/index.php?rest_route=\/wp\/v2\/types\/product"}],"wp:attachment":[{"href":"https:\/\/www.autonvaraosahaku.fi\/index.php?rest_route=%2Fwp%2Fv2%2Fmedia&parent=57457"}],"wp:term":[{"taxonomy":"pwb-brand","embeddable":true,"href":"https:\/\/www.autonvaraosahaku.fi\/index.php?rest_route=%2Fwp%2Fv2%2Fpwb-brand&post=57457"},{"taxonomy":"product_cat","embeddable":true,"href":"https:\/\/www.autonvaraosahaku.fi\/index.php?rest_route=%2Fwp%2Fv2%2Fproduct_cat&post=57457"},{"taxonomy":"product_tag","embeddable":true,"href":"https:\/\/www.autonvaraosahaku.fi\/index.php?rest_route=%2Fwp%2Fv2%2Fproduct_tag&post=57457"}],"curies":[{"name":"wp","href":"https:\/\/api.w.org\/{rel}","templated":true}]}}