{"id":57461,"date":"2021-02-21T18:06:10","date_gmt":"2021-02-21T18:06:10","guid":{"rendered":"https:\/\/www.autonvaraosahaku.fi\/?product=alanko-10550671-ilmastoinnin-kompressori"},"modified":"2021-02-21T18:06:14","modified_gmt":"2021-02-21T18:06:14","slug":"alanko-10550671-ilmastoinnin-kompressori","status":"publish","type":"product","link":"https:\/\/www.autonvaraosahaku.fi\/?product=alanko-10550671-ilmastoinnin-kompressori","title":{"rendered":"ALANKO 10550671 Ilmastoinnin kompressori"},"content":{"rendered":"<p>Kompressorin tunnus: 6SEU16C; J\u00e4nnite (V): 12; Kiinnitysreikien lukum\u00e4\u00e4r\u00e4: 4; Hihnapy\u00f6r\u00e4-\u00d8[mm]: 100; kiiloja: 5; Hihnapy\u00f6r\u00e4t: Moniurahihnapy\u00f6r\u00e4; Pistokkeen kotelon muoto: Soikea; Kompressori\u00f6ljy: PAG 46; \u00d6ljynt\u00e4ytt\u00f6m\u00e4\u00e4r\u00e4 [ml]: 165; Kylm\u00e4aine: R 134a; M\u00e4\u00e4r\u00e4yksikk\u00f6: Kappale; Uusi osa: ; MERCEDES-BENZ: A-CLASS W169,B-CLASS W245; 0012303511, 0012303611, 0012309011, 0012309111, 0022301311, 0022301411, 0022304711, 0022304811, 22304811, 2301100191, 2301100214, A0012303511, A0012303611, A0012309011, A0012309111, A0022301311, A0022301411, A0022304711, A0022304811, A2301100191, A2301100214; AC Kompressori,Kompressori, Ilmastointilaite<\/p>\n","protected":false},"excerpt":{"rendered":"<p>ALANKO Ilmastoinnin Kompressori 10550671 AC Kompressori,Kompressori, Ilmastointilaite MERCEDES-BENZ,A-CLASS W169,B-CLASS W245<\/p>\n","protected":false},"featured_media":0,"template":"","meta":{"site-sidebar-layout":"default","site-content-layout":"default","ast-global-header-display":"","ast-main-header-display":"","ast-hfb-above-header-display":"","ast-hfb-below-header-display":"","ast-hfb-mobile-header-display":"","site-post-title":"","ast-breadcrumbs-content":"","ast-featured-img":"","footer-sml-layout":"","theme-transparent-header-meta":"","adv-header-id-meta":"","stick-header-meta":"","header-above-stick-meta":"","header-main-stick-meta":"","header-below-stick-meta":""},"pwb-brand":[324],"product_cat":[444],"product_tag":[],"class_list":{"0":"post-57461","1":"product","2":"type-product","3":"status-publish","5":"pwb-brand-alanko","6":"product_cat-ilmastoinnin-kompressori","7":"desktop-align-left","8":"tablet-align-left","9":"mobile-align-left","11":"first","12":"instock","13":"product-type-external"},"brands":[{"id":324,"name":"ALANKO","slug":"alanko"}],"_links":{"self":[{"href":"https:\/\/www.autonvaraosahaku.fi\/index.php?rest_route=\/wp\/v2\/product\/57461","targetHints":{"allow":["GET"]}}],"collection":[{"href":"https:\/\/www.autonvaraosahaku.fi\/index.php?rest_route=\/wp\/v2\/product"}],"about":[{"href":"https:\/\/www.autonvaraosahaku.fi\/index.php?rest_route=\/wp\/v2\/types\/product"}],"wp:attachment":[{"href":"https:\/\/www.autonvaraosahaku.fi\/index.php?rest_route=%2Fwp%2Fv2%2Fmedia&parent=57461"}],"wp:term":[{"taxonomy":"pwb-brand","embeddable":true,"href":"https:\/\/www.autonvaraosahaku.fi\/index.php?rest_route=%2Fwp%2Fv2%2Fpwb-brand&post=57461"},{"taxonomy":"product_cat","embeddable":true,"href":"https:\/\/www.autonvaraosahaku.fi\/index.php?rest_route=%2Fwp%2Fv2%2Fproduct_cat&post=57461"},{"taxonomy":"product_tag","embeddable":true,"href":"https:\/\/www.autonvaraosahaku.fi\/index.php?rest_route=%2Fwp%2Fv2%2Fproduct_tag&post=57461"}],"curies":[{"name":"wp","href":"https:\/\/api.w.org\/{rel}","templated":true}]}}