{"id":57479,"date":"2021-02-21T18:06:16","date_gmt":"2021-02-21T18:06:16","guid":{"rendered":"https:\/\/www.autonvaraosahaku.fi\/?product=ridex-219g0890-takaluukun-kaasujousi"},"modified":"2021-02-21T18:06:20","modified_gmt":"2021-02-21T18:06:20","slug":"ridex-219g0890-takaluukun-kaasujousi","status":"publish","type":"product","link":"https:\/\/www.autonvaraosahaku.fi\/?product=ridex-219g0890-takaluukun-kaasujousi","title":{"rendered":"RIDEX 219G0890 Takaluukun kaasujousi"},"content":{"rendered":"<p>Pituus (mm): 439,5; Isku (mm): 155; Jousijalan l\u00e4pimitta [mm]: 8; Sylinterin halkaisija [mm]: 18,5; Ty\u00f6nt\u00f6voima [N]: 410; Valmistusvuoteen: 12\/2011; SUZUKI: SWIFT III MZ, EZ; 8180063811, 8180162811000, 8185062J00; Kaasujousi, Tavaratila<\/p>\n","protected":false},"excerpt":{"rendered":"<p>RIDEX Takaluukun Kaasujousi 219G0890 Kaasujousi, Tavaratila SUZUKI,SWIFT III MZ, EZ<\/p>\n","protected":false},"featured_media":0,"template":"","meta":{"site-sidebar-layout":"default","site-content-layout":"default","ast-global-header-display":"","ast-main-header-display":"","ast-hfb-above-header-display":"","ast-hfb-below-header-display":"","ast-hfb-mobile-header-display":"","site-post-title":"","ast-breadcrumbs-content":"","ast-featured-img":"","footer-sml-layout":"","theme-transparent-header-meta":"","adv-header-id-meta":"","stick-header-meta":"","header-above-stick-meta":"","header-main-stick-meta":"","header-below-stick-meta":""},"pwb-brand":[157],"product_cat":[59],"product_tag":[],"class_list":{"0":"post-57479","1":"product","2":"type-product","3":"status-publish","5":"pwb-brand-ridex","6":"product_cat-takaluukun-kaasujousi","7":"desktop-align-left","8":"tablet-align-left","9":"mobile-align-left","11":"first","12":"instock","13":"product-type-external"},"brands":[{"id":157,"name":"RIDEX","slug":"ridex"}],"_links":{"self":[{"href":"https:\/\/www.autonvaraosahaku.fi\/index.php?rest_route=\/wp\/v2\/product\/57479","targetHints":{"allow":["GET"]}}],"collection":[{"href":"https:\/\/www.autonvaraosahaku.fi\/index.php?rest_route=\/wp\/v2\/product"}],"about":[{"href":"https:\/\/www.autonvaraosahaku.fi\/index.php?rest_route=\/wp\/v2\/types\/product"}],"wp:attachment":[{"href":"https:\/\/www.autonvaraosahaku.fi\/index.php?rest_route=%2Fwp%2Fv2%2Fmedia&parent=57479"}],"wp:term":[{"taxonomy":"pwb-brand","embeddable":true,"href":"https:\/\/www.autonvaraosahaku.fi\/index.php?rest_route=%2Fwp%2Fv2%2Fpwb-brand&post=57479"},{"taxonomy":"product_cat","embeddable":true,"href":"https:\/\/www.autonvaraosahaku.fi\/index.php?rest_route=%2Fwp%2Fv2%2Fproduct_cat&post=57479"},{"taxonomy":"product_tag","embeddable":true,"href":"https:\/\/www.autonvaraosahaku.fi\/index.php?rest_route=%2Fwp%2Fv2%2Fproduct_tag&post=57479"}],"curies":[{"name":"wp","href":"https:\/\/api.w.org\/{rel}","templated":true}]}}