{"id":57488,"date":"2021-02-21T18:06:22","date_gmt":"2021-02-21T18:06:22","guid":{"rendered":"https:\/\/www.autonvaraosahaku.fi\/?product=dolz-kd156-vesipumppu-jakohihnasarja"},"modified":"2021-02-21T18:06:24","modified_gmt":"2021-02-21T18:06:24","slug":"dolz-kd156-vesipumppu-jakohihnasarja","status":"publish","type":"product","link":"https:\/\/www.autonvaraosahaku.fi\/?product=dolz-kd156-vesipumppu-jakohihnasarja","title":{"rendered":"DOLZ KD156 Vesipumppu + jakohihnasarja"},"content":{"rendered":"<p>Hammasluku: 160; Leveys (mm): 25,0; Hihnojen m\u00e4\u00e4r\u00e4: 1; Paino [kg]: 2,29; tuotenumerolle: A251; Valmistusvuoteen: 11\/2012; VW: GOLF VI 5K1,GOLF PLUS 5M1, 521; AUDI: A3 8P1,A3 Sportback 8PA,A1 8X1, 8XF,A3 Cabriolet 8P7; SEAT: IBIZA V 6J5, 6P5,IBIZA V SPORTCOUPE 6J1, 6P1<\/p>\n","protected":false},"excerpt":{"rendered":"<p>DOLZ Vesipumppu + Jakohihnasarja KD156  VW,AUDI,SEAT,GOLF VI 5K1,GOLF PLUS 5M1, 521,A3 8P1,A3 Sportback 8PA,A1 8X1, 8XF,A3 Cabriolet 8P7<\/p>\n","protected":false},"featured_media":0,"template":"","meta":{"site-sidebar-layout":"default","site-content-layout":"default","ast-global-header-display":"","ast-main-header-display":"","ast-hfb-above-header-display":"","ast-hfb-below-header-display":"","ast-hfb-mobile-header-display":"","site-post-title":"","ast-breadcrumbs-content":"","ast-featured-img":"","footer-sml-layout":"","theme-transparent-header-meta":"","adv-header-id-meta":"","stick-header-meta":"","header-above-stick-meta":"","header-main-stick-meta":"","header-below-stick-meta":""},"pwb-brand":[265],"product_cat":[321],"product_tag":[],"class_list":{"0":"post-57488","1":"product","2":"type-product","3":"status-publish","5":"pwb-brand-dolz","6":"product_cat-vesipumppu-jakohihnasarja","7":"desktop-align-left","8":"tablet-align-left","9":"mobile-align-left","11":"first","12":"instock","13":"product-type-external"},"brands":[{"id":265,"name":"DOLZ","slug":"dolz"}],"_links":{"self":[{"href":"https:\/\/www.autonvaraosahaku.fi\/index.php?rest_route=\/wp\/v2\/product\/57488","targetHints":{"allow":["GET"]}}],"collection":[{"href":"https:\/\/www.autonvaraosahaku.fi\/index.php?rest_route=\/wp\/v2\/product"}],"about":[{"href":"https:\/\/www.autonvaraosahaku.fi\/index.php?rest_route=\/wp\/v2\/types\/product"}],"wp:attachment":[{"href":"https:\/\/www.autonvaraosahaku.fi\/index.php?rest_route=%2Fwp%2Fv2%2Fmedia&parent=57488"}],"wp:term":[{"taxonomy":"pwb-brand","embeddable":true,"href":"https:\/\/www.autonvaraosahaku.fi\/index.php?rest_route=%2Fwp%2Fv2%2Fpwb-brand&post=57488"},{"taxonomy":"product_cat","embeddable":true,"href":"https:\/\/www.autonvaraosahaku.fi\/index.php?rest_route=%2Fwp%2Fv2%2Fproduct_cat&post=57488"},{"taxonomy":"product_tag","embeddable":true,"href":"https:\/\/www.autonvaraosahaku.fi\/index.php?rest_route=%2Fwp%2Fv2%2Fproduct_tag&post=57488"}],"curies":[{"name":"wp","href":"https:\/\/api.w.org\/{rel}","templated":true}]}}