{"id":57494,"date":"2021-02-21T18:06:22","date_gmt":"2021-02-21T18:06:22","guid":{"rendered":"https:\/\/www.autonvaraosahaku.fi\/?product=hella-6pp-358-139-291-anturit-sensorit"},"modified":"2021-02-21T18:06:25","modified_gmt":"2021-02-21T18:06:25","slug":"hella-6pp-358-139-291-anturit-sensorit","status":"publish","type":"product","link":"https:\/\/www.autonvaraosahaku.fi\/?product=hella-6pp-358-139-291-anturit-sensorit","title":{"rendered":"HELLA 6PP 358 139-291 Anturit (sensorit)"},"content":{"rendered":"<p>Ohjelmoitu: ; Kiristysmomentti: 4; Valmistusvuosi alkaen: 10\/2017; FORD USA: MUSTANG Coupe,EDGE,MUSTANG Convertible; FORD: ECOSPORT,TRANSIT CUSTOM Kasten,TOURNEO CUSTOM Bus,TRANSIT CUSTOM Bus,TOURNEO CONNECT \/ GRAND TOURNEO CONNECT Kombi,TRANSIT CONNECT Kasten,MONDEO V Turnier,S-MAX,MONDEO V Stufenheck,TRANSIT Custom  Bus,FIESTA VII,GALAXY,TRANSIT Custom Pritsche\/Fahrgestell,MONDEO V Schr\u00e4gheck,TRANSIT CONNECT Kombi; F2GT1A180DB; Rengaspainevalvonta,Py\u00f6r\u00e4anturi, Rengaspaine<\/p>\n","protected":false},"excerpt":{"rendered":"<p>HELLA Rengaspainetunnistimet 6PP 358 139-291 Rengaspainevalvonta,Py\u00f6r\u00e4anturi, Rengaspaine FORD USA,FORD,MUSTANG Coupe,EDGE,MUSTANG Convertible<\/p>\n","protected":false},"featured_media":0,"template":"","meta":{"site-sidebar-layout":"default","site-content-layout":"default","ast-global-header-display":"","ast-main-header-display":"","ast-hfb-above-header-display":"","ast-hfb-below-header-display":"","ast-hfb-mobile-header-display":"","site-post-title":"","ast-breadcrumbs-content":"","ast-featured-img":"","footer-sml-layout":"","theme-transparent-header-meta":"","adv-header-id-meta":"","stick-header-meta":"","header-above-stick-meta":"","header-main-stick-meta":"","header-below-stick-meta":""},"pwb-brand":[24],"product_cat":[98],"product_tag":[],"class_list":{"0":"post-57494","1":"product","2":"type-product","3":"status-publish","5":"pwb-brand-hella","6":"product_cat-anturit-sensorit","7":"desktop-align-left","8":"tablet-align-left","9":"mobile-align-left","11":"first","12":"instock","13":"product-type-external"},"brands":[{"id":24,"name":"HELLA","slug":"hella"}],"_links":{"self":[{"href":"https:\/\/www.autonvaraosahaku.fi\/index.php?rest_route=\/wp\/v2\/product\/57494","targetHints":{"allow":["GET"]}}],"collection":[{"href":"https:\/\/www.autonvaraosahaku.fi\/index.php?rest_route=\/wp\/v2\/product"}],"about":[{"href":"https:\/\/www.autonvaraosahaku.fi\/index.php?rest_route=\/wp\/v2\/types\/product"}],"wp:attachment":[{"href":"https:\/\/www.autonvaraosahaku.fi\/index.php?rest_route=%2Fwp%2Fv2%2Fmedia&parent=57494"}],"wp:term":[{"taxonomy":"pwb-brand","embeddable":true,"href":"https:\/\/www.autonvaraosahaku.fi\/index.php?rest_route=%2Fwp%2Fv2%2Fpwb-brand&post=57494"},{"taxonomy":"product_cat","embeddable":true,"href":"https:\/\/www.autonvaraosahaku.fi\/index.php?rest_route=%2Fwp%2Fv2%2Fproduct_cat&post=57494"},{"taxonomy":"product_tag","embeddable":true,"href":"https:\/\/www.autonvaraosahaku.fi\/index.php?rest_route=%2Fwp%2Fv2%2Fproduct_tag&post=57494"}],"curies":[{"name":"wp","href":"https:\/\/api.w.org\/{rel}","templated":true}]}}