{"id":57501,"date":"2021-02-21T18:06:22","date_gmt":"2021-02-21T18:06:22","guid":{"rendered":"https:\/\/www.autonvaraosahaku.fi\/?product=era-770034a-polttoainepumppu"},"modified":"2021-02-21T18:06:27","modified_gmt":"2021-02-21T18:06:27","slug":"era-770034a-polttoainepumppu","status":"publish","type":"product","link":"https:\/\/www.autonvaraosahaku.fi\/?product=era-770034a-polttoainepumppu","title":{"rendered":"ERA 770034A Polttoainepumppu"},"content":{"rendered":"<p>Paino [kg]: 0,54; Paine (bar): 0,2; K\u00e4ytt\u00f6: S\u00e4hk\u00f6inen; Liittimi\u00e4: 2; Siirtom\u00e4\u00e4r\u00e4 (l\/h): 70; VW: GOLF II 19E, 1G1,PASSAT Variant 3A5, 35I,GOLF I Cabriolet 155,TRANSPORTER III Bus,POLO 86C, 80,KAEFER,POLO Coupe 86C, 80,PASSAT 3A2, 35I,SCIROCCO 53B,GOLF I 17,CADDY I 14,JETTA II 19E, 1G2, 165,KAEFER Cabriolet 15,PASSAT Variant 32B,POLO CLASSIC 86C, 80,TRANSPORTER II Bus,PASSAT 32B,POLO 86,411412,SCIROCCO 53,SAFARI,1500,1600 Variant 36,ILTIS 183,JETTA I 16,1500,1600 31,DERBY 86C, 80,PASSAT 32,DERBY 86,1500,1600 Schr\u00e4gheck 31,PASSAT Stufenheck 32B,TRANSPORTER II Kasten,PASSAT Variant 33,SANTANA 32B,KARMANN GHIA Cabriolet 14, 34,TRANSPORTER II Pritsche\/Fahrgestell; AUDI: 80 8C, B4,80 89, 89Q, 8A, B3,100 44, 44Q, C3,80 81, 85, B2,100 Avant 44, 44Q, C3,COUPE 81, 85,80 80, 82, B1,100 C1,100 Coupe C1,100 43, C2,50 86,100 Avant 43, C2; MAZDA: RX 7 I SA,626 I CB; SKODA: FELICIA I 6U1,FELICIA II 6U1,FELICIA I Fun 797,FELICIA I Kombi 6U5,105,120 742,FELICIA II Kombi 6U5,FAVORIT 781,105,120 744,FAVORIT Forman 785,FAVORIT Pick-up 787,130; BMW: 3 E30,02 E10,5 E28,6 E24,3 E21,7 E23,5 E12,02 Touring E6,02 Cabriolet E10; SEAT: MARBELLA 28,IBIZA I 021A,MARBELLA Kasten 028A,MALAGA 023A,133,131,RONDA 022A; LADA: NIVA 2121,1200-1600,1200-1500 Kombi,NOVA 2105,TOSCANA 2107,NOVA Kombi 2104; HONDA: ACCORD III CA,ACCORD I Hatchback SJ, SY,ACCORD I SJ, SY; HYUNDAI: ACCENT I X-3,ACCENT Stufenheck X-3,PONY X-2,PONY \/ EXCEL Stufenheck X-2,PONY Stufenheck X-1; VOLVO: 240 Kombi P245,740 Kombi 745,740 744,240 P242, P244,P 121,340-360 343, 345,140 142, 144,66,P 122 S AMAZON,260 P262, P264,P 122 S AMAZON Kombi,340-360 Stufenheck 344,66 Kombi,260 Kombi P265; 045313350, 194313350A, 807213350B, 811613350A, 811813350A, 817313350, 817413350, 878813350, 0020910001, 0020918401, A0020910001, A0020918401, 060906089<\/p>\n","protected":false},"excerpt":{"rendered":"<p>ERA Polttoainepumppu 770034A  VW,AUDI,MAZDA,GOLF II 19E, 1G1,PASSAT Variant 3A5, 35I,GOLF I Cabriolet 155,TRANSPORTER III Bus,POLO 86C, 80,KAEFER<\/p>\n","protected":false},"featured_media":0,"template":"","meta":{"site-sidebar-layout":"default","site-content-layout":"default","ast-global-header-display":"","ast-main-header-display":"","ast-hfb-above-header-display":"","ast-hfb-below-header-display":"","ast-hfb-mobile-header-display":"","site-post-title":"","ast-breadcrumbs-content":"","ast-featured-img":"","footer-sml-layout":"","theme-transparent-header-meta":"","adv-header-id-meta":"","stick-header-meta":"","header-above-stick-meta":"","header-main-stick-meta":"","header-below-stick-meta":""},"pwb-brand":[64],"product_cat":[73],"product_tag":[],"class_list":{"0":"post-57501","1":"product","2":"type-product","3":"status-publish","5":"pwb-brand-era","6":"product_cat-polttoainepumppu","7":"desktop-align-left","8":"tablet-align-left","9":"mobile-align-left","11":"first","12":"instock","13":"product-type-external"},"brands":[{"id":64,"name":"ERA","slug":"era"}],"_links":{"self":[{"href":"https:\/\/www.autonvaraosahaku.fi\/index.php?rest_route=\/wp\/v2\/product\/57501","targetHints":{"allow":["GET"]}}],"collection":[{"href":"https:\/\/www.autonvaraosahaku.fi\/index.php?rest_route=\/wp\/v2\/product"}],"about":[{"href":"https:\/\/www.autonvaraosahaku.fi\/index.php?rest_route=\/wp\/v2\/types\/product"}],"wp:attachment":[{"href":"https:\/\/www.autonvaraosahaku.fi\/index.php?rest_route=%2Fwp%2Fv2%2Fmedia&parent=57501"}],"wp:term":[{"taxonomy":"pwb-brand","embeddable":true,"href":"https:\/\/www.autonvaraosahaku.fi\/index.php?rest_route=%2Fwp%2Fv2%2Fpwb-brand&post=57501"},{"taxonomy":"product_cat","embeddable":true,"href":"https:\/\/www.autonvaraosahaku.fi\/index.php?rest_route=%2Fwp%2Fv2%2Fproduct_cat&post=57501"},{"taxonomy":"product_tag","embeddable":true,"href":"https:\/\/www.autonvaraosahaku.fi\/index.php?rest_route=%2Fwp%2Fv2%2Fproduct_tag&post=57501"}],"curies":[{"name":"wp","href":"https:\/\/api.w.org\/{rel}","templated":true}]}}