{"id":57509,"date":"2021-02-21T18:06:28","date_gmt":"2021-02-21T18:06:28","guid":{"rendered":"https:\/\/www.autonvaraosahaku.fi\/?product=ridex-2669i0047-lammityslaitteen-puhallin"},"modified":"2021-02-21T18:06:30","modified_gmt":"2021-02-21T18:06:30","slug":"ridex-2669i0047-lammityslaitteen-puhallin","status":"publish","type":"product","link":"https:\/\/www.autonvaraosahaku.fi\/?product=ridex-2669i0047-lammityslaitteen-puhallin","title":{"rendered":"RIDEX 2669I0047 L\u00e4mmityslaitteen puhallin"},"content":{"rendered":"<p>Varusteet: Autoihin, joissa autom. ilmastointi, Autoihin, joissa ilmastointi, Ajoneuvoille CAN-bus-j\u00e4rjestelm\u00e4ll\u00e4, Ajoneuvoille CAN-bus-j\u00e4rjestelm\u00e4ll\u00e4; L\u00e4pimitta [mm]: 120; CITRO\u00cbN: C4 I LC_,C4 Coupe LA_,C4 Stufenheck L; PEUGEOT: 307 SW 3H,307 CC 3B,307 3A\/C,307 Break 3E; 6441S6, 6441Y7, 6441S6, 6441Y7; Sis\u00e4tilan Puhallin,Sis\u00e4tilapuhallin<\/p>\n","protected":false},"excerpt":{"rendered":"<p>RIDEX L\u00e4mmityslaitteen Puhallin 2669I0047 Sis\u00e4tilan Puhallin,Sis\u00e4tilapuhallin CITRO\u00cbN,PEUGEOT,C4 I LC_,C4 Coupe LA_,C4 Stufenheck L,307 SW 3H<\/p>\n","protected":false},"featured_media":0,"template":"","meta":{"site-sidebar-layout":"default","site-content-layout":"default","ast-global-header-display":"","ast-main-header-display":"","ast-hfb-above-header-display":"","ast-hfb-below-header-display":"","ast-hfb-mobile-header-display":"","site-post-title":"","ast-breadcrumbs-content":"","ast-featured-img":"","footer-sml-layout":"","theme-transparent-header-meta":"","adv-header-id-meta":"","stick-header-meta":"","header-above-stick-meta":"","header-main-stick-meta":"","header-below-stick-meta":""},"pwb-brand":[157],"product_cat":[86],"product_tag":[],"class_list":{"0":"post-57509","1":"product","2":"type-product","3":"status-publish","5":"pwb-brand-ridex","6":"product_cat-lammityslaitteen-puhallin","7":"desktop-align-left","8":"tablet-align-left","9":"mobile-align-left","11":"first","12":"instock","13":"product-type-external"},"brands":[{"id":157,"name":"RIDEX","slug":"ridex"}],"_links":{"self":[{"href":"https:\/\/www.autonvaraosahaku.fi\/index.php?rest_route=\/wp\/v2\/product\/57509","targetHints":{"allow":["GET"]}}],"collection":[{"href":"https:\/\/www.autonvaraosahaku.fi\/index.php?rest_route=\/wp\/v2\/product"}],"about":[{"href":"https:\/\/www.autonvaraosahaku.fi\/index.php?rest_route=\/wp\/v2\/types\/product"}],"wp:attachment":[{"href":"https:\/\/www.autonvaraosahaku.fi\/index.php?rest_route=%2Fwp%2Fv2%2Fmedia&parent=57509"}],"wp:term":[{"taxonomy":"pwb-brand","embeddable":true,"href":"https:\/\/www.autonvaraosahaku.fi\/index.php?rest_route=%2Fwp%2Fv2%2Fpwb-brand&post=57509"},{"taxonomy":"product_cat","embeddable":true,"href":"https:\/\/www.autonvaraosahaku.fi\/index.php?rest_route=%2Fwp%2Fv2%2Fproduct_cat&post=57509"},{"taxonomy":"product_tag","embeddable":true,"href":"https:\/\/www.autonvaraosahaku.fi\/index.php?rest_route=%2Fwp%2Fv2%2Fproduct_tag&post=57509"}],"curies":[{"name":"wp","href":"https:\/\/api.w.org\/{rel}","templated":true}]}}