{"id":57543,"date":"2021-02-21T18:06:40","date_gmt":"2021-02-21T18:06:40","guid":{"rendered":"https:\/\/www.autonvaraosahaku.fi\/?product=skf-vkjc-6973-vetoakseli"},"modified":"2021-02-21T18:06:41","modified_gmt":"2021-02-21T18:06:41","slug":"skf-vkjc-6973-vetoakseli","status":"publish","type":"product","link":"https:\/\/www.autonvaraosahaku.fi\/?product=skf-vkjc-6973-vetoakseli","title":{"rendered":"SKF VKJC 6973 Vetoakseli"},"content":{"rendered":"<p>Pituus (mm): 607; Kierremitta: M8x1,5; Ulkohammastus, py\u00f6r\u00e4npuoli: 26; Ulkohammastus tasauspy\u00f6r\u00e4st\u00f6puoli: 26; Tiivisteen l\u00e4pimitta [mm]: 48; Pituus 2 (mm): 96; Uusi osa: ; Nivelen l\u00e4pimitta py\u00f6r\u00e4puoli [mm]: 84; Nivelen l\u00e4pimitta vaihteistopuoli [mm]: 79; Vaihteistomalli: Schaltgetriebe; SUZUKI: GRAND VITARA I FT; 4410167D01, 4410177E12<\/p>\n","protected":false},"excerpt":{"rendered":"<p>SKF Vetoakseli VKJC 6973  SUZUKI,GRAND VITARA I FT<\/p>\n","protected":false},"featured_media":0,"template":"","meta":{"site-sidebar-layout":"default","site-content-layout":"default","ast-global-header-display":"","ast-main-header-display":"","ast-hfb-above-header-display":"","ast-hfb-below-header-display":"","ast-hfb-mobile-header-display":"","site-post-title":"","ast-breadcrumbs-content":"","ast-featured-img":"","footer-sml-layout":"","theme-transparent-header-meta":"","adv-header-id-meta":"","stick-header-meta":"","header-above-stick-meta":"","header-main-stick-meta":"","header-below-stick-meta":""},"pwb-brand":[237],"product_cat":[215],"product_tag":[],"class_list":{"0":"post-57543","1":"product","2":"type-product","3":"status-publish","5":"pwb-brand-skf","6":"product_cat-vetoakseli","7":"desktop-align-left","8":"tablet-align-left","9":"mobile-align-left","11":"first","12":"instock","13":"product-type-external"},"brands":[{"id":237,"name":"SKF","slug":"skf"}],"_links":{"self":[{"href":"https:\/\/www.autonvaraosahaku.fi\/index.php?rest_route=\/wp\/v2\/product\/57543","targetHints":{"allow":["GET"]}}],"collection":[{"href":"https:\/\/www.autonvaraosahaku.fi\/index.php?rest_route=\/wp\/v2\/product"}],"about":[{"href":"https:\/\/www.autonvaraosahaku.fi\/index.php?rest_route=\/wp\/v2\/types\/product"}],"wp:attachment":[{"href":"https:\/\/www.autonvaraosahaku.fi\/index.php?rest_route=%2Fwp%2Fv2%2Fmedia&parent=57543"}],"wp:term":[{"taxonomy":"pwb-brand","embeddable":true,"href":"https:\/\/www.autonvaraosahaku.fi\/index.php?rest_route=%2Fwp%2Fv2%2Fpwb-brand&post=57543"},{"taxonomy":"product_cat","embeddable":true,"href":"https:\/\/www.autonvaraosahaku.fi\/index.php?rest_route=%2Fwp%2Fv2%2Fproduct_cat&post=57543"},{"taxonomy":"product_tag","embeddable":true,"href":"https:\/\/www.autonvaraosahaku.fi\/index.php?rest_route=%2Fwp%2Fv2%2Fproduct_tag&post=57543"}],"curies":[{"name":"wp","href":"https:\/\/api.w.org\/{rel}","templated":true}]}}