{"id":57550,"date":"2021-02-21T18:06:40","date_gmt":"2021-02-21T18:06:40","guid":{"rendered":"https:\/\/www.autonvaraosahaku.fi\/?product=ridex-2669i0154-lammityslaitteen-puhallin"},"modified":"2021-02-21T18:06:42","modified_gmt":"2021-02-21T18:06:42","slug":"ridex-2669i0154-lammityslaitteen-puhallin","status":"publish","type":"product","link":"https:\/\/www.autonvaraosahaku.fi\/?product=ridex-2669i0154-lammityslaitteen-puhallin","title":{"rendered":"RIDEX 2669I0154 L\u00e4mmityslaitteen puhallin"},"content":{"rendered":"<p>Vasen \/ oikea liikenne: Ohjaus vasemmalla; Virrankulutus (W): 235; Paino [kg]: 1,755; Varusteet: f\u00fcr Fahrzeuge mit Klimaautomatik; VW: GOLF VII 5G1, BE1,GOLF VII Kombi BA5,PASSAT Variant 3G5,GOLF SPORTSVAN AM1,TOURAN,TIGUAN AD1,PASSAT 3G2,PASSAT ALLTRACK 3G5,T-ROC A11,GOLF ALLTRACK BA5; AUDI: A3 Sportback 8VA,A3 Limousine 8VS,A3 8V1,A3 Cabriolet 8V7,Q2 GA; SKODA: OCTAVIA Combi 5E5,OCTAVIA 5E3,SUPERB Kombi 3V5,KODIAQ NS7,SUPERB 3V3,KAROQ NU7; SEAT: LEON 5F1,LEON ST 5F8,LEON SC 5F5,ATECA KH7; 5Q1819021, 5Q1819021B, 5Q1819021E, 5Q1819021, 5Q1819021B, 5Q1819021E, 5Q1819021B, 5Q1819021E, 5Q1819021, 5Q1819021B, 5Q1819021E; Sis\u00e4tilan Puhallin,Sis\u00e4tilapuhallin<\/p>\n","protected":false},"excerpt":{"rendered":"<p>RIDEX L\u00e4mmityslaitteen Puhallin 2669I0154 Sis\u00e4tilan Puhallin,Sis\u00e4tilapuhallin VW,AUDI,SKODA,GOLF VII 5G1, BE1,GOLF VII Kombi BA5,PASSAT Variant 3G5<\/p>\n","protected":false},"featured_media":0,"template":"","meta":{"site-sidebar-layout":"default","site-content-layout":"default","ast-global-header-display":"","ast-main-header-display":"","ast-hfb-above-header-display":"","ast-hfb-below-header-display":"","ast-hfb-mobile-header-display":"","site-post-title":"","ast-breadcrumbs-content":"","ast-featured-img":"","footer-sml-layout":"","theme-transparent-header-meta":"","adv-header-id-meta":"","stick-header-meta":"","header-above-stick-meta":"","header-main-stick-meta":"","header-below-stick-meta":""},"pwb-brand":[157],"product_cat":[86],"product_tag":[],"class_list":{"0":"post-57550","1":"product","2":"type-product","3":"status-publish","5":"pwb-brand-ridex","6":"product_cat-lammityslaitteen-puhallin","7":"desktop-align-left","8":"tablet-align-left","9":"mobile-align-left","11":"first","12":"instock","13":"product-type-external"},"brands":[{"id":157,"name":"RIDEX","slug":"ridex"}],"_links":{"self":[{"href":"https:\/\/www.autonvaraosahaku.fi\/index.php?rest_route=\/wp\/v2\/product\/57550","targetHints":{"allow":["GET"]}}],"collection":[{"href":"https:\/\/www.autonvaraosahaku.fi\/index.php?rest_route=\/wp\/v2\/product"}],"about":[{"href":"https:\/\/www.autonvaraosahaku.fi\/index.php?rest_route=\/wp\/v2\/types\/product"}],"wp:attachment":[{"href":"https:\/\/www.autonvaraosahaku.fi\/index.php?rest_route=%2Fwp%2Fv2%2Fmedia&parent=57550"}],"wp:term":[{"taxonomy":"pwb-brand","embeddable":true,"href":"https:\/\/www.autonvaraosahaku.fi\/index.php?rest_route=%2Fwp%2Fv2%2Fpwb-brand&post=57550"},{"taxonomy":"product_cat","embeddable":true,"href":"https:\/\/www.autonvaraosahaku.fi\/index.php?rest_route=%2Fwp%2Fv2%2Fproduct_cat&post=57550"},{"taxonomy":"product_tag","embeddable":true,"href":"https:\/\/www.autonvaraosahaku.fi\/index.php?rest_route=%2Fwp%2Fv2%2Fproduct_tag&post=57550"}],"curies":[{"name":"wp","href":"https:\/\/api.w.org\/{rel}","templated":true}]}}