{"id":57564,"date":"2021-02-21T18:06:46","date_gmt":"2021-02-21T18:06:46","guid":{"rendered":"https:\/\/www.autonvaraosahaku.fi\/?product=eibach-r10106-jouset"},"modified":"2021-02-21T18:06:47","modified_gmt":"2021-02-21T18:06:47","slug":"eibach-r10106-jouset","status":"publish","type":"product","link":"https:\/\/www.autonvaraosahaku.fi\/?product=eibach-r10106-jouset","title":{"rendered":"EIBACH R10106 Jouset"},"content":{"rendered":"<p>Asennuspuoli: Taka-akseli; Jousimalli: Kierrejousi kiinte\u00e4ll\u00e4 lankal\u00e4pimitalla; Johtimen l\u00e4pimitta [mm]: 15,25; Pituus (mm): 235; Vaihdettava pareittain: ; Tarkasta OE-numero: , ; Tuotelinja: Single Spring ERL (OE-Replacement); Tuning: 1; Alustarakenne: f\u00fcr Fahrzeuge mit Sportfahrwerk; BMW: 3 E46,3 Touring E46,3 Compact E46,3 Coupe E46,3 Cabriolet E46; 33531095711, 33531095712, 33531095713, 33536756974, 33536756981, 33536756982; Kierrejousi<\/p>\n","protected":false},"excerpt":{"rendered":"<p>EIBACH Jousi R10106 Kierrejousi BMW,3 E46,3 Touring E46,3 Compact E46,3 Coupe E46,3 Cabriolet E46<\/p>\n","protected":false},"featured_media":0,"template":"","meta":{"site-sidebar-layout":"default","site-content-layout":"default","ast-global-header-display":"","ast-main-header-display":"","ast-hfb-above-header-display":"","ast-hfb-below-header-display":"","ast-hfb-mobile-header-display":"","site-post-title":"","ast-breadcrumbs-content":"","ast-featured-img":"","footer-sml-layout":"","theme-transparent-header-meta":"","adv-header-id-meta":"","stick-header-meta":"","header-above-stick-meta":"","header-main-stick-meta":"","header-below-stick-meta":""},"pwb-brand":[328],"product_cat":[171],"product_tag":[],"class_list":{"0":"post-57564","1":"product","2":"type-product","3":"status-publish","5":"pwb-brand-eibach","6":"product_cat-jouset","7":"desktop-align-left","8":"tablet-align-left","9":"mobile-align-left","11":"first","12":"instock","13":"product-type-external"},"brands":[{"id":328,"name":"EIBACH","slug":"eibach"}],"_links":{"self":[{"href":"https:\/\/www.autonvaraosahaku.fi\/index.php?rest_route=\/wp\/v2\/product\/57564","targetHints":{"allow":["GET"]}}],"collection":[{"href":"https:\/\/www.autonvaraosahaku.fi\/index.php?rest_route=\/wp\/v2\/product"}],"about":[{"href":"https:\/\/www.autonvaraosahaku.fi\/index.php?rest_route=\/wp\/v2\/types\/product"}],"wp:attachment":[{"href":"https:\/\/www.autonvaraosahaku.fi\/index.php?rest_route=%2Fwp%2Fv2%2Fmedia&parent=57564"}],"wp:term":[{"taxonomy":"pwb-brand","embeddable":true,"href":"https:\/\/www.autonvaraosahaku.fi\/index.php?rest_route=%2Fwp%2Fv2%2Fpwb-brand&post=57564"},{"taxonomy":"product_cat","embeddable":true,"href":"https:\/\/www.autonvaraosahaku.fi\/index.php?rest_route=%2Fwp%2Fv2%2Fproduct_cat&post=57564"},{"taxonomy":"product_tag","embeddable":true,"href":"https:\/\/www.autonvaraosahaku.fi\/index.php?rest_route=%2Fwp%2Fv2%2Fproduct_tag&post=57564"}],"curies":[{"name":"wp","href":"https:\/\/api.w.org\/{rel}","templated":true}]}}