{"id":57589,"date":"2021-02-21T18:06:52","date_gmt":"2021-02-21T18:06:52","guid":{"rendered":"https:\/\/www.autonvaraosahaku.fi\/?product=swf-119430-pyyhkijansulat"},"modified":"2021-02-21T18:06:54","modified_gmt":"2021-02-21T18:06:54","slug":"swf-119430-pyyhkijansulat","status":"publish","type":"product","link":"https:\/\/www.autonvaraosahaku.fi\/?product=swf-119430-pyyhkijansulat","title":{"rendered":"SWF 119430 Pyyhkij\u00e4nsulat"},"content":{"rendered":"<p>Vasen \/ oikea liikenne: Ohjaus vasemmalla; Asennuspuoli: Edess\u00e4; M\u00e4\u00e4r\u00e4: 2, 2; Pituus 1 (mm): 650; Pituus 2 (mm): 600; Pituus1\/pituus2 [tuuma]: 26\/24; Muotoilu: Spoilerilla; Paino [kg]: 0,29; Tuotelinja: VisioFlex; Pyyhkij\u00e4nsulkatyyppi: Rungottomat; Valmistusvuoteen: 03\/2014; MERCEDES-BENZ: E-CLASS W212,E-CLASS T-Model S212; 2128201045, 2128201145, 2128201445, 2128201545, 2128201745, 2128201845, 2128201900, 2128202000, A2128201045, A2128201145, A2128201445, A2128201545, A2128201745, A2128201845, A2128202000; Tuulilasinpyyhkimet,Pyyhkij\u00e4t,Pyyhkij\u00e4nsulka<\/p>\n","protected":false},"excerpt":{"rendered":"<p>SWF Pyyhkij\u00e4nsulat 119430 Tuulilasinpyyhkimet,Pyyhkij\u00e4t MERCEDES-BENZ,E-CLASS W212,E-CLASS T-Model S212<\/p>\n","protected":false},"featured_media":0,"template":"","meta":{"site-sidebar-layout":"default","site-content-layout":"default","ast-global-header-display":"","ast-main-header-display":"","ast-hfb-above-header-display":"","ast-hfb-below-header-display":"","ast-hfb-mobile-header-display":"","site-post-title":"","ast-breadcrumbs-content":"","ast-featured-img":"","footer-sml-layout":"","theme-transparent-header-meta":"","adv-header-id-meta":"","stick-header-meta":"","header-above-stick-meta":"","header-main-stick-meta":"","header-below-stick-meta":""},"pwb-brand":[204],"product_cat":[33],"product_tag":[],"class_list":{"0":"post-57589","1":"product","2":"type-product","3":"status-publish","5":"pwb-brand-swf","6":"product_cat-pyyhkijansulat","7":"desktop-align-left","8":"tablet-align-left","9":"mobile-align-left","11":"first","12":"instock","13":"product-type-external"},"brands":[{"id":204,"name":"SWF","slug":"swf"}],"_links":{"self":[{"href":"https:\/\/www.autonvaraosahaku.fi\/index.php?rest_route=\/wp\/v2\/product\/57589","targetHints":{"allow":["GET"]}}],"collection":[{"href":"https:\/\/www.autonvaraosahaku.fi\/index.php?rest_route=\/wp\/v2\/product"}],"about":[{"href":"https:\/\/www.autonvaraosahaku.fi\/index.php?rest_route=\/wp\/v2\/types\/product"}],"wp:attachment":[{"href":"https:\/\/www.autonvaraosahaku.fi\/index.php?rest_route=%2Fwp%2Fv2%2Fmedia&parent=57589"}],"wp:term":[{"taxonomy":"pwb-brand","embeddable":true,"href":"https:\/\/www.autonvaraosahaku.fi\/index.php?rest_route=%2Fwp%2Fv2%2Fpwb-brand&post=57589"},{"taxonomy":"product_cat","embeddable":true,"href":"https:\/\/www.autonvaraosahaku.fi\/index.php?rest_route=%2Fwp%2Fv2%2Fproduct_cat&post=57589"},{"taxonomy":"product_tag","embeddable":true,"href":"https:\/\/www.autonvaraosahaku.fi\/index.php?rest_route=%2Fwp%2Fv2%2Fproduct_tag&post=57589"}],"curies":[{"name":"wp","href":"https:\/\/api.w.org\/{rel}","templated":true}]}}