{"id":57624,"date":"2021-02-21T18:07:04","date_gmt":"2021-02-21T18:07:04","guid":{"rendered":"https:\/\/www.autonvaraosahaku.fi\/?product=sachs-802-541-jousijalan-tukilaakeri"},"modified":"2021-02-21T18:07:05","modified_gmt":"2021-02-21T18:07:05","slug":"sachs-802-541-jousijalan-tukilaakeri","status":"publish","type":"product","link":"https:\/\/www.autonvaraosahaku.fi\/?product=sachs-802-541-jousijalan-tukilaakeri","title":{"rendered":"SACHS 802 541 Jousijalan tukilaakeri"},"content":{"rendered":"<p>Lukum\u00e4\u00e4r\u00e4 akselille: 2; Asennuspuoli: Taka-akseli; FORD: FOCUS III Turnier,KUGA I,FOCUS III,C-MAX II,KUGA II DM2,GRAND C-MAX,FOCUS II Cabriolet,FOCUS III Stufenheck,C-MAX II Van,KUGA II Van,FOCUS III Kasten\/Schr\u00e4gheck; 06031049, 1444281, 1692273, 1725158, 1745064, 3N6118A116AA, 8N6118A116AB, AV6118A116A, AV6118A116AC, AV6118A116AD, AV6118A116AE; Iskarin Yl\u00e4p\u00e4\u00e4,Iskunvaimentimen Yl\u00e4p\u00e4\u00e4<\/p>\n","protected":false},"excerpt":{"rendered":"<p>SACHS Jousijalan Tukilaakeri 802 541 Iskarin Yl\u00e4p\u00e4\u00e4,Iskunvaimentimen Yl\u00e4p\u00e4\u00e4 FORD,FOCUS III Turnier,KUGA I,FOCUS III,C-MAX II,KUGA II DM2,GRAND C-MAX<\/p>\n","protected":false},"featured_media":0,"template":"","meta":{"site-sidebar-layout":"default","site-content-layout":"default","ast-global-header-display":"","ast-main-header-display":"","ast-hfb-above-header-display":"","ast-hfb-below-header-display":"","ast-hfb-mobile-header-display":"","site-post-title":"","ast-breadcrumbs-content":"","ast-featured-img":"","footer-sml-layout":"","theme-transparent-header-meta":"","adv-header-id-meta":"","stick-header-meta":"","header-above-stick-meta":"","header-main-stick-meta":"","header-below-stick-meta":""},"pwb-brand":[91],"product_cat":[45],"product_tag":[],"class_list":{"0":"post-57624","1":"product","2":"type-product","3":"status-publish","5":"pwb-brand-sachs","6":"product_cat-jousijalan-tukilaakeri","7":"desktop-align-left","8":"tablet-align-left","9":"mobile-align-left","11":"first","12":"instock","13":"product-type-external"},"brands":[{"id":91,"name":"SACHS","slug":"sachs"}],"_links":{"self":[{"href":"https:\/\/www.autonvaraosahaku.fi\/index.php?rest_route=\/wp\/v2\/product\/57624","targetHints":{"allow":["GET"]}}],"collection":[{"href":"https:\/\/www.autonvaraosahaku.fi\/index.php?rest_route=\/wp\/v2\/product"}],"about":[{"href":"https:\/\/www.autonvaraosahaku.fi\/index.php?rest_route=\/wp\/v2\/types\/product"}],"wp:attachment":[{"href":"https:\/\/www.autonvaraosahaku.fi\/index.php?rest_route=%2Fwp%2Fv2%2Fmedia&parent=57624"}],"wp:term":[{"taxonomy":"pwb-brand","embeddable":true,"href":"https:\/\/www.autonvaraosahaku.fi\/index.php?rest_route=%2Fwp%2Fv2%2Fpwb-brand&post=57624"},{"taxonomy":"product_cat","embeddable":true,"href":"https:\/\/www.autonvaraosahaku.fi\/index.php?rest_route=%2Fwp%2Fv2%2Fproduct_cat&post=57624"},{"taxonomy":"product_tag","embeddable":true,"href":"https:\/\/www.autonvaraosahaku.fi\/index.php?rest_route=%2Fwp%2Fv2%2Fproduct_tag&post=57624"}],"curies":[{"name":"wp","href":"https:\/\/api.w.org\/{rel}","templated":true}]}}