{"id":57651,"date":"2021-02-21T18:07:10","date_gmt":"2021-02-21T18:07:10","guid":{"rendered":"https:\/\/www.autonvaraosahaku.fi\/?product=valeo-438183-starttimoottori"},"modified":"2021-02-21T18:07:12","modified_gmt":"2021-02-21T18:07:12","slug":"valeo-438183-starttimoottori","status":"publish","type":"product","link":"https:\/\/www.autonvaraosahaku.fi\/?product=valeo-438183-starttimoottori","title":{"rendered":"VALEO 438183 Starttimoottori"},"content":{"rendered":"<p>Uusi osa: ; J\u00e4nnite (V): 12; K\u00e4ynnistinmoottori teho (kW): 1,3; Hammasluku: 9\/10; Reikien m\u00e4\u00e4r\u00e4: 2; kierrereiki\u00e4 [kpl]: 0; Py\u00f6rimissuunta: Py\u00f6rimissuunta my\u00f6t\u00e4p\u00e4iv\u00e4\u00e4n; Asento \/ aste: L  75; Liitin: NO; Laippa \u00d8(mm): 68; Paino [kg]: 2,84; Tuotelinja: NEW ORIGINAL PART; Moottorinumero: Z14XEP; CHEVROLET: ORLANDO J309,NUBIRA Kombi,CRUZE J300,KALOS,AVEO Schr\u00e4gheck T250, T255,AVEO Schr\u00e4gheck T300,TRAX,LACETTI J200,AVEO Stufenheck T250, T255,REZZO,NUBIRA Stufenheck,LACETTI Kombi J200,LACETTI Stufenheck; DAEWOO: KALOS KLAS,REZZO KLAU,LANOS KLAT,LACETTI Schr\u00e4gheck KLAN,NUBIRA Stufenheck KLAN,NUBIRA Wagon KLAN,NUBIRA Wagon KLAJ,LANOS Stufenheck KLAT,NEXIA KLETN,NUBIRA Stufenheck KLAJ,ESPERO KLEJ,NUBIRA KLAJ,TICO KLY3,NEXIA Stufenheck KLETN; SAAB: 9-3 YS3F,9-3 Kombi YS3F; OPEL: CORSA D,CORSA C F08, F68,ZAFIRA B A05,ASTRA H Caravan L35,MERIVA,ZAFIRA A F75_,ASTRA G CC F48_, F08_,OMEGA A 16_, 17_, 19_,ASTRA H L48,ASTRA J Sports Tourer,ASTRA G Caravan F35_,CORSA B 73_, 78_, 79_,INSIGNIA Caravan,VECTRA C Caravan,ASTRA J,ASTRA H GTC L08,MERIVA B,SIGNUM,VECTRA C,AGILA A H00,ZAFIRA TOURER C P12,VECTRA B 36_,ASTRA F CC 53_, 54_, 58_, 59_,OMEGA B Caravan 21_, 22_, 23_,MOKKA,OMEGA B 25_, 26_, 27_,ADAM,VECTRA C GTS,TIGRA TwinTop,VECTRA B Caravan 31_,ASTRA H TwinTop L67,INSIGNIA,ASTRA G Cabriolet F67,ASTRA F Caravan 51_, 52_,INSIGNIA Stufenheck,ASTRA G Coupe F07_,COMBO Kasten\/Kombi,ASTRA G Stufenheck F69_,CALIBRA A 85_,ASTRA GTC J,VECTRA B CC 38_,COMBO Tour,AGILA B H08,VECTRA A 86_, 87_,ASTRA F Cabriolet 53_B,ASTRA J Stufenheck,ASTRA F 56_, 57_,KADETT E CC 33_, 34_, 43_, 44_,CORSA D Van,FRONTERA A Sport 5_SUD2,TIGRA 95_,CORSA A CC 93_, 94_, 98_, 99_,FRONTERA A 5_MWL4,CASCADA W13,CORSA C Kasten F08, W5L,ASTRA H Stufenheck L69,VECTRA A CC 88_; FIAT: STILO 192; VAUXHALL: CORSA Mk III D L_8,CALIBRA,INSIGNIA Mk I A,ZAFIRA Mk II B M75,ASTRA Mk V H CC,VECTRA Mk II C CC,ZAFIRA Mk I A F75,ADAM,INSIGNIA Mk I A Estate,CORSA Mk II C W5L, F08,ASTRA Mk V H Estate,ZAFIRA Mk III P12,VECTRA Mk II C Estate,ASTRA Mk V H Convertible,ASTRA Mk IV G CC,VECTRA Mk II C,ASTRA Mk VI J CC,INSIGNIA Mk I A Sedan,ASTRA Mk VI J,ASTRA Mk III F CC,CORSA Mk I B,SIGNUM,MERIVA Mk I A,CORSAVAN Mk II C,ASTRA Mk IV G Sedan,ASTRA Mk II CC,CORSAVAN Mk III D,MERIVA Mk II B,TIGRA Convertible,AGILA Mk I A,VECTRA B CC,CAVALIER Mk III 87,ASTRA Mk VI J Sedan,VECTRA B Estate,VECTRA B,FRONTERA Mk I A Sport,ASTRA Mk III F Estate,ASTRA Mk VI J Estate,MOKKA,ASTRAVAN Mk V H,ASTRAVAN Mk IV G,ASTRA Mk IV G Coupe F67,CAVALIER Mk III CC,COMBO Mk I B,TIGRA Mk I F07,CORSA Mk IV E,COMBO TOUR Mk II C F25,ASTRAVAN Mk III F,ASTRA Mk IV G Convertible,COMBO Mk II C Kasten\/Kombi F25,ASTRA Mk IV G Estate,CAVALIER Mk II CC,NOVA,NOVA CC,CARLTON Mk III; 25186107, 25187957, 25196021, 25198414, 25200067, 55578921, 9130838, 93184533, 25182244, 25186107, 25187957, 25196021, 25198414, 25200067, 55578921, 96208782, 96469963, 96550792, 96843578, 96952006, 09000801, 10455506, 25182244, 25186107, 25187957, 9000801, 96208781, 96208782, 96469963, 96550792, 96843578, 96952006, 71739718, 1202000, 1202002, 1202003, 1202010, 1202011, 1202125, 1202127, 1202128, 1202130, 1202131, 1202137, 1202142, 1202172, 1202173, 1202174, 1202217, 1202958, 1202959, 1202961, 1202962, 25196021, 25198414, 25200067, 6202011, 6202013, 6202016, 6202049, 6202050, 6202061, 6202064, 6202072, 6202075, 6202077, 6202079, 6202094, 9000700, 9000756, 90337028, 9163860, 9190838, 93176051, 93184533, 93604828, 9512055, 95524203, 96469960, 93176051, 25196021, 25198414, 25200067, 3471174, 3471850, 3491342, 55578921, 90272669, 90273370, 90348290, 90421877, 90543871, 90543872, 9115192, 9117031, 9130838, 9198701, 9199321, 93171936, 93171950, 93175884, 93175885, 93175996, 93176051, 93178&#8230;; Startti,K\u00e4ynnistinmoottori<\/p>\n","protected":false},"excerpt":{"rendered":"<p>VALEO Starttimoottori 438183 Startti,K\u00e4ynnistinmoottori CHEVROLET,DAEWOO,SAAB,ORLANDO J309,NUBIRA Kombi,CRUZE J300,KALOS,AVEO Schr\u00e4gheck T250, T255<\/p>\n","protected":false},"featured_media":0,"template":"","meta":{"site-sidebar-layout":"default","site-content-layout":"default","ast-global-header-display":"","ast-main-header-display":"","ast-hfb-above-header-display":"","ast-hfb-below-header-display":"","ast-hfb-mobile-header-display":"","site-post-title":"","ast-breadcrumbs-content":"","ast-featured-img":"","footer-sml-layout":"","theme-transparent-header-meta":"","adv-header-id-meta":"","stick-header-meta":"","header-above-stick-meta":"","header-main-stick-meta":"","header-below-stick-meta":""},"pwb-brand":[28],"product_cat":[295],"product_tag":[],"class_list":{"0":"post-57651","1":"product","2":"type-product","3":"status-publish","5":"pwb-brand-valeo","6":"product_cat-starttimoottori","7":"desktop-align-left","8":"tablet-align-left","9":"mobile-align-left","11":"first","12":"instock","13":"product-type-external"},"brands":[{"id":28,"name":"VALEO","slug":"valeo"}],"_links":{"self":[{"href":"https:\/\/www.autonvaraosahaku.fi\/index.php?rest_route=\/wp\/v2\/product\/57651","targetHints":{"allow":["GET"]}}],"collection":[{"href":"https:\/\/www.autonvaraosahaku.fi\/index.php?rest_route=\/wp\/v2\/product"}],"about":[{"href":"https:\/\/www.autonvaraosahaku.fi\/index.php?rest_route=\/wp\/v2\/types\/product"}],"wp:attachment":[{"href":"https:\/\/www.autonvaraosahaku.fi\/index.php?rest_route=%2Fwp%2Fv2%2Fmedia&parent=57651"}],"wp:term":[{"taxonomy":"pwb-brand","embeddable":true,"href":"https:\/\/www.autonvaraosahaku.fi\/index.php?rest_route=%2Fwp%2Fv2%2Fpwb-brand&post=57651"},{"taxonomy":"product_cat","embeddable":true,"href":"https:\/\/www.autonvaraosahaku.fi\/index.php?rest_route=%2Fwp%2Fv2%2Fproduct_cat&post=57651"},{"taxonomy":"product_tag","embeddable":true,"href":"https:\/\/www.autonvaraosahaku.fi\/index.php?rest_route=%2Fwp%2Fv2%2Fproduct_tag&post=57651"}],"curies":[{"name":"wp","href":"https:\/\/api.w.org\/{rel}","templated":true}]}}