{"id":57697,"date":"2021-02-21T18:07:22","date_gmt":"2021-02-21T18:07:22","guid":{"rendered":"https:\/\/www.autonvaraosahaku.fi\/?product=tyc-337-0064-sivupeilit"},"modified":"2021-02-21T18:07:26","modified_gmt":"2021-02-21T18:07:26","slug":"tyc-337-0064-sivupeilit","status":"publish","type":"product","link":"https:\/\/www.autonvaraosahaku.fi\/?product=tyc-337-0064-sivupeilit","title":{"rendered":"TYC 337-0064 Sivupeilit"},"content":{"rendered":"<p>Asennuspuoli: Vasen; K\u00e4ytt\u00f6: S\u00e4hk\u00f6inen; Ulko-\/sis\u00e4peili: Asf\u00e4\u00e4rinen, L\u00e4mmitett\u00e4v\u00e4; V\u00e4ri: Musta; Rekister\u00f6ity tyyppi: E-hyv\u00e4ksytty; Napoja k\u00e4yt\u00f6ss\u00e4, m\u00e4\u00e4r\u00e4: 5; Valmistusvuoteen: 05\/2005; VW: POLO 9N_; 6Q0857521A, 6Q0857521B, 6Q0857537, 6Q085753701C, 6Q1857507G, 6Q1857507G01C, 6Q1857537; Ulkopeilit,Ulkopeili<\/p>\n","protected":false},"excerpt":{"rendered":"<p>TYC Sivupeilit 337-0064 Ulkopeilit,Ulkopeili VW,POLO 9N_<\/p>\n","protected":false},"featured_media":0,"template":"","meta":{"site-sidebar-layout":"default","site-content-layout":"default","ast-global-header-display":"","ast-main-header-display":"","ast-hfb-above-header-display":"","ast-hfb-below-header-display":"","ast-hfb-mobile-header-display":"","site-post-title":"","ast-breadcrumbs-content":"","ast-featured-img":"","footer-sml-layout":"","theme-transparent-header-meta":"","adv-header-id-meta":"","stick-header-meta":"","header-above-stick-meta":"","header-main-stick-meta":"","header-below-stick-meta":""},"pwb-brand":[124],"product_cat":[220],"product_tag":[],"class_list":{"0":"post-57697","1":"product","2":"type-product","3":"status-publish","5":"pwb-brand-tyc","6":"product_cat-sivupeilit","7":"desktop-align-left","8":"tablet-align-left","9":"mobile-align-left","11":"first","12":"instock","13":"product-type-external"},"brands":[{"id":124,"name":"TYC","slug":"tyc"}],"_links":{"self":[{"href":"https:\/\/www.autonvaraosahaku.fi\/index.php?rest_route=\/wp\/v2\/product\/57697","targetHints":{"allow":["GET"]}}],"collection":[{"href":"https:\/\/www.autonvaraosahaku.fi\/index.php?rest_route=\/wp\/v2\/product"}],"about":[{"href":"https:\/\/www.autonvaraosahaku.fi\/index.php?rest_route=\/wp\/v2\/types\/product"}],"wp:attachment":[{"href":"https:\/\/www.autonvaraosahaku.fi\/index.php?rest_route=%2Fwp%2Fv2%2Fmedia&parent=57697"}],"wp:term":[{"taxonomy":"pwb-brand","embeddable":true,"href":"https:\/\/www.autonvaraosahaku.fi\/index.php?rest_route=%2Fwp%2Fv2%2Fpwb-brand&post=57697"},{"taxonomy":"product_cat","embeddable":true,"href":"https:\/\/www.autonvaraosahaku.fi\/index.php?rest_route=%2Fwp%2Fv2%2Fproduct_cat&post=57697"},{"taxonomy":"product_tag","embeddable":true,"href":"https:\/\/www.autonvaraosahaku.fi\/index.php?rest_route=%2Fwp%2Fv2%2Fproduct_tag&post=57697"}],"curies":[{"name":"wp","href":"https:\/\/api.w.org\/{rel}","templated":true}]}}