{"id":57768,"date":"2021-02-21T18:07:46","date_gmt":"2021-02-21T18:07:46","guid":{"rendered":"https:\/\/www.autonvaraosahaku.fi\/?product=swf-115706-muut-luokat"},"modified":"2021-02-21T18:07:48","modified_gmt":"2021-02-21T18:07:48","slug":"swf-115706-muut-luokat","status":"publish","type":"product","link":"https:\/\/www.autonvaraosahaku.fi\/?product=swf-115706-muut-luokat","title":{"rendered":"SWF 115706 Muut luokat"},"content":{"rendered":"<p>M\u00e4\u00e4r\u00e4: 2; Pituus (mm): 500; Paino [kg]: 0,055; Asennuspuoli: vorne; MAZDA: 6 Hatchback GG,6 GG,TRIBUTE EP,DEMIO DW,323 P V BA,626 IV Hatchback GE,XEDOS 6 CA,FAMILIA IV BF,XEDOS 9 TA,626 IV GE,FAMILIA V BA,FAMILIA V BG8,RX 7 II FC,121 II DB,MX-6 GE,626 III Station Wagon GV,929 III HC,MPV I LV,RX 7 III FD; SKODA: FELICIA I 6U1,FELICIA II 6U1,FELICIA I Fun 797,FELICIA I Kombi 6U5,FELICIA II Kombi 6U5; BMW: 3 Compact E36,3 E36,3 E30,3 Coupe E36,Z3 E36,Z4 E85,3 Cabriolet E30,3 Cabriolet E36,3 Touring E36,3 Touring E30,Z3 Coupe E36,Z1; SEAT: IBIZA II 6K1,TOLEDO I 1L; CHEVROLET: BLAZER S10; JEEP: GRAND CHEROKEE II WJ, WG,GRAND CHEROKEE I ZJ,WRANGLER II TJ; DAEWOO: NUBIRA Wagon KLAJ,NUBIRA Stufenheck KLAJ; LADA: 111 2111,110 2110,112 2112; NISSAN: MICRA III K12,MICRA II K11,ALMERA TINO V10,PRIMERA P11,PRIMERA P12,TERRANO II R20,PRIMERA Hatchback P11,PATROL GR II Wagon Y61,PATHFINDER R50,200 SX S13,100 NX B13,200 SX S14,TERRANO I WD21,300 ZX Z31,SUNNY III N14,PULSAR V Schr\u00e4gheck N14,SUNNY III Liftback N14,SILVIA S12,LAUREL JC32,SUNNY III Traveller Y10,MAXIMA II J30,SUNNY Kasten Y10; KIA: MAGENTIS GD,SPORTAGE K00,SHUMA II FB,SHUMA FB,SHUMA II Stufenheck FB,CLARUS K9A,CLARUS Kombi GC; 1372578, 61613413585; Pyyhkij\u00e4nkumi<\/p>\n","protected":false},"excerpt":{"rendered":"<p>SWF Pyyhkij\u00e4n Kumi 115706 Pyyhkij\u00e4nkumi MAZDA,SKODA,BMW,6 Hatchback GG,6 GG,TRIBUTE EP,DEMIO DW,323 P V BA,626 IV Hatchback GE,XEDOS 6 CA<\/p>\n","protected":false},"featured_media":0,"template":"","meta":{"site-sidebar-layout":"default","site-content-layout":"default","ast-global-header-display":"","ast-main-header-display":"","ast-hfb-above-header-display":"","ast-hfb-below-header-display":"","ast-hfb-mobile-header-display":"","site-post-title":"","ast-breadcrumbs-content":"","ast-featured-img":"","footer-sml-layout":"","theme-transparent-header-meta":"","adv-header-id-meta":"","stick-header-meta":"","header-above-stick-meta":"","header-main-stick-meta":"","header-below-stick-meta":""},"pwb-brand":[204],"product_cat":[37],"product_tag":[],"class_list":{"0":"post-57768","1":"product","2":"type-product","3":"status-publish","5":"pwb-brand-swf","6":"product_cat-muut-luokat","7":"desktop-align-left","8":"tablet-align-left","9":"mobile-align-left","11":"first","12":"instock","13":"product-type-external"},"brands":[{"id":204,"name":"SWF","slug":"swf"}],"_links":{"self":[{"href":"https:\/\/www.autonvaraosahaku.fi\/index.php?rest_route=\/wp\/v2\/product\/57768","targetHints":{"allow":["GET"]}}],"collection":[{"href":"https:\/\/www.autonvaraosahaku.fi\/index.php?rest_route=\/wp\/v2\/product"}],"about":[{"href":"https:\/\/www.autonvaraosahaku.fi\/index.php?rest_route=\/wp\/v2\/types\/product"}],"wp:attachment":[{"href":"https:\/\/www.autonvaraosahaku.fi\/index.php?rest_route=%2Fwp%2Fv2%2Fmedia&parent=57768"}],"wp:term":[{"taxonomy":"pwb-brand","embeddable":true,"href":"https:\/\/www.autonvaraosahaku.fi\/index.php?rest_route=%2Fwp%2Fv2%2Fpwb-brand&post=57768"},{"taxonomy":"product_cat","embeddable":true,"href":"https:\/\/www.autonvaraosahaku.fi\/index.php?rest_route=%2Fwp%2Fv2%2Fproduct_cat&post=57768"},{"taxonomy":"product_tag","embeddable":true,"href":"https:\/\/www.autonvaraosahaku.fi\/index.php?rest_route=%2Fwp%2Fv2%2Fproduct_tag&post=57768"}],"curies":[{"name":"wp","href":"https:\/\/api.w.org\/{rel}","templated":true}]}}