{"id":57791,"date":"2021-02-21T18:07:52","date_gmt":"2021-02-21T18:07:52","guid":{"rendered":"https:\/\/www.autonvaraosahaku.fi\/?product=ngk-6301-sytytysjohto"},"modified":"2021-02-21T18:07:55","modified_gmt":"2021-02-21T18:07:55","slug":"ngk-6301-sytytysjohto","status":"publish","type":"product","link":"https:\/\/www.autonvaraosahaku.fi\/?product=ngk-6301-sytytysjohto","title":{"rendered":"NGK 6301 Sytytysjohto"},"content":{"rendered":"<p>Johtojen lukum\u00e4\u00e4r\u00e4: 2; Sytytysjohto: Vastussytytysjohdin; V\u00e4ri: Musta; Moottorinumero: G4JP-E; KIA: SORENTO I JC,MAGENTIS GD; HYUNDAI: SANTA F\u00c9 I SM,TRAJET FO,SONATA IV EF,H-1 \/ STAREX,SANTAMO,HIGHWAY VAN; 2750138B00, 2750138B00; Sytytysjohtosarja,Sytytyskaapeli<\/p>\n","protected":false},"excerpt":{"rendered":"<p>NGK Sytytysjohto 6301 Sytytysjohtosarja,Sytytyskaapeli KIA,HYUNDAI,SORENTO I JC,MAGENTIS GD,SANTA F\u00c9 I SM,TRAJET FO,SONATA IV EF,H-1 \/ STAREX,SANTAMO<\/p>\n","protected":false},"featured_media":0,"template":"","meta":{"site-sidebar-layout":"default","site-content-layout":"default","ast-global-header-display":"","ast-main-header-display":"","ast-hfb-above-header-display":"","ast-hfb-below-header-display":"","ast-hfb-mobile-header-display":"","site-post-title":"","ast-breadcrumbs-content":"","ast-featured-img":"","footer-sml-layout":"","theme-transparent-header-meta":"","adv-header-id-meta":"","stick-header-meta":"","header-above-stick-meta":"","header-main-stick-meta":"","header-below-stick-meta":""},"pwb-brand":[189],"product_cat":[198],"product_tag":[],"class_list":{"0":"post-57791","1":"product","2":"type-product","3":"status-publish","5":"pwb-brand-ngk","6":"product_cat-sytytysjohto","7":"desktop-align-left","8":"tablet-align-left","9":"mobile-align-left","11":"first","12":"instock","13":"product-type-external"},"brands":[{"id":189,"name":"NGK","slug":"ngk"}],"_links":{"self":[{"href":"https:\/\/www.autonvaraosahaku.fi\/index.php?rest_route=\/wp\/v2\/product\/57791","targetHints":{"allow":["GET"]}}],"collection":[{"href":"https:\/\/www.autonvaraosahaku.fi\/index.php?rest_route=\/wp\/v2\/product"}],"about":[{"href":"https:\/\/www.autonvaraosahaku.fi\/index.php?rest_route=\/wp\/v2\/types\/product"}],"wp:attachment":[{"href":"https:\/\/www.autonvaraosahaku.fi\/index.php?rest_route=%2Fwp%2Fv2%2Fmedia&parent=57791"}],"wp:term":[{"taxonomy":"pwb-brand","embeddable":true,"href":"https:\/\/www.autonvaraosahaku.fi\/index.php?rest_route=%2Fwp%2Fv2%2Fpwb-brand&post=57791"},{"taxonomy":"product_cat","embeddable":true,"href":"https:\/\/www.autonvaraosahaku.fi\/index.php?rest_route=%2Fwp%2Fv2%2Fproduct_cat&post=57791"},{"taxonomy":"product_tag","embeddable":true,"href":"https:\/\/www.autonvaraosahaku.fi\/index.php?rest_route=%2Fwp%2Fv2%2Fproduct_tag&post=57791"}],"curies":[{"name":"wp","href":"https:\/\/api.w.org\/{rel}","templated":true}]}}