{"id":57816,"date":"2021-02-21T18:07:58","date_gmt":"2021-02-21T18:07:58","guid":{"rendered":"https:\/\/www.autonvaraosahaku.fi\/?product=bremi-10223-1-muut-luokat"},"modified":"2021-02-21T18:08:02","modified_gmt":"2021-02-21T18:08:02","slug":"bremi-10223-1-muut-luokat","status":"publish","type":"product","link":"https:\/\/www.autonvaraosahaku.fi\/?product=bremi-10223-1-muut-luokat","title":{"rendered":"BREMI 10223\/1 Muut luokat"},"content":{"rendered":"<p>Materiaali: PP (polypropeeni), Silikoni; Vastus [Ohm]: 1000; Sytytysjohto: Liit\u00e4nt\u00e4 puuruuvi; Sytytyspuola: Liit\u00e4nt\u00e4 DIN, vesitiivis; Virranjakaja: vesitiivis; Valmistusvuoteen: 08\/1980; VW: GOLF II 19E, 1G1,GOLF I Cabriolet 155,TRANSPORTER III Bus,POLO 86C, 80,POLO Coupe 86C, 80,SCIROCCO 53B,GOLF I 17,CADDY I 14,JETTA II 19E, 1G2, 165,PASSAT Variant 32B,TRANSPORTER III Kasten,POLO CLASSIC 86C, 80,TRANSPORTER II Bus,TRANSPORTER III Pritsche\/Fahrgestell,PASSAT 32B,POLO 86,SCIROCCO 53,ILTIS 183,JETTA I 16,DERBY 86C, 80,DERBY 86,PASSAT Variant 33,SANTANA 32B; AUDI: 80 81, 85, B2,100 Avant 44, 44Q, C3,COUPE 81, 85,100 C1,100 Avant 43, C2; BMW: 3 E21,5 E12; SEAT: IBIZA I 021A; 461384, 052905445<\/p>\n","protected":false},"excerpt":{"rendered":"<p>BREMI Pistoke, Sytytyspuola 10223\/1  VW,AUDI,BMW,GOLF II 19E, 1G1,GOLF I Cabriolet 155,TRANSPORTER III Bus,POLO 86C, 80,POLO Coupe 86C, 80<\/p>\n","protected":false},"featured_media":0,"template":"","meta":{"site-sidebar-layout":"default","site-content-layout":"default","ast-global-header-display":"","ast-main-header-display":"","ast-hfb-above-header-display":"","ast-hfb-below-header-display":"","ast-hfb-mobile-header-display":"","site-post-title":"","ast-breadcrumbs-content":"","ast-featured-img":"","footer-sml-layout":"","theme-transparent-header-meta":"","adv-header-id-meta":"","stick-header-meta":"","header-above-stick-meta":"","header-main-stick-meta":"","header-below-stick-meta":""},"pwb-brand":[480],"product_cat":[37],"product_tag":[],"class_list":{"0":"post-57816","1":"product","2":"type-product","3":"status-publish","5":"pwb-brand-bremi","6":"product_cat-muut-luokat","7":"desktop-align-left","8":"tablet-align-left","9":"mobile-align-left","11":"first","12":"instock","13":"product-type-external"},"brands":[{"id":480,"name":"BREMI","slug":"bremi"}],"_links":{"self":[{"href":"https:\/\/www.autonvaraosahaku.fi\/index.php?rest_route=\/wp\/v2\/product\/57816","targetHints":{"allow":["GET"]}}],"collection":[{"href":"https:\/\/www.autonvaraosahaku.fi\/index.php?rest_route=\/wp\/v2\/product"}],"about":[{"href":"https:\/\/www.autonvaraosahaku.fi\/index.php?rest_route=\/wp\/v2\/types\/product"}],"wp:attachment":[{"href":"https:\/\/www.autonvaraosahaku.fi\/index.php?rest_route=%2Fwp%2Fv2%2Fmedia&parent=57816"}],"wp:term":[{"taxonomy":"pwb-brand","embeddable":true,"href":"https:\/\/www.autonvaraosahaku.fi\/index.php?rest_route=%2Fwp%2Fv2%2Fpwb-brand&post=57816"},{"taxonomy":"product_cat","embeddable":true,"href":"https:\/\/www.autonvaraosahaku.fi\/index.php?rest_route=%2Fwp%2Fv2%2Fproduct_cat&post=57816"},{"taxonomy":"product_tag","embeddable":true,"href":"https:\/\/www.autonvaraosahaku.fi\/index.php?rest_route=%2Fwp%2Fv2%2Fproduct_tag&post=57816"}],"curies":[{"name":"wp","href":"https:\/\/api.w.org\/{rel}","templated":true}]}}