{"id":57817,"date":"2021-02-21T18:07:58","date_gmt":"2021-02-21T18:07:58","guid":{"rendered":"https:\/\/www.autonvaraosahaku.fi\/?product=bremi-10206w1h-muut-luokat"},"modified":"2021-02-21T18:08:02","modified_gmt":"2021-02-21T18:08:02","slug":"bremi-10206w1h-muut-luokat","status":"publish","type":"product","link":"https:\/\/www.autonvaraosahaku.fi\/?product=bremi-10206w1h-muut-luokat","title":{"rendered":"BREMI 10206W1H Muut luokat"},"content":{"rendered":"<p>Materiaali: PBT, Silikoni; Vastus [Ohm]: 1000; Sytytysjohto: Liit\u00e4nt\u00e4 puuruuvi; Sytytyspuola: Liit\u00e4nt\u00e4 M4, vesitiivis; Virranjakaja: vesitiivis<\/p>\n","protected":false},"excerpt":{"rendered":"<p>BREMI Pistoke, Virranjakaja 10206W1H<\/p>\n","protected":false},"featured_media":0,"template":"","meta":{"site-sidebar-layout":"default","site-content-layout":"default","ast-global-header-display":"","ast-main-header-display":"","ast-hfb-above-header-display":"","ast-hfb-below-header-display":"","ast-hfb-mobile-header-display":"","site-post-title":"","ast-breadcrumbs-content":"","ast-featured-img":"","footer-sml-layout":"","theme-transparent-header-meta":"","adv-header-id-meta":"","stick-header-meta":"","header-above-stick-meta":"","header-main-stick-meta":"","header-below-stick-meta":""},"pwb-brand":[480],"product_cat":[37],"product_tag":[],"class_list":{"0":"post-57817","1":"product","2":"type-product","3":"status-publish","5":"pwb-brand-bremi","6":"product_cat-muut-luokat","7":"desktop-align-left","8":"tablet-align-left","9":"mobile-align-left","11":"first","12":"instock","13":"product-type-external"},"brands":[{"id":480,"name":"BREMI","slug":"bremi"}],"_links":{"self":[{"href":"https:\/\/www.autonvaraosahaku.fi\/index.php?rest_route=\/wp\/v2\/product\/57817","targetHints":{"allow":["GET"]}}],"collection":[{"href":"https:\/\/www.autonvaraosahaku.fi\/index.php?rest_route=\/wp\/v2\/product"}],"about":[{"href":"https:\/\/www.autonvaraosahaku.fi\/index.php?rest_route=\/wp\/v2\/types\/product"}],"wp:attachment":[{"href":"https:\/\/www.autonvaraosahaku.fi\/index.php?rest_route=%2Fwp%2Fv2%2Fmedia&parent=57817"}],"wp:term":[{"taxonomy":"pwb-brand","embeddable":true,"href":"https:\/\/www.autonvaraosahaku.fi\/index.php?rest_route=%2Fwp%2Fv2%2Fpwb-brand&post=57817"},{"taxonomy":"product_cat","embeddable":true,"href":"https:\/\/www.autonvaraosahaku.fi\/index.php?rest_route=%2Fwp%2Fv2%2Fproduct_cat&post=57817"},{"taxonomy":"product_tag","embeddable":true,"href":"https:\/\/www.autonvaraosahaku.fi\/index.php?rest_route=%2Fwp%2Fv2%2Fproduct_tag&post=57817"}],"curies":[{"name":"wp","href":"https:\/\/api.w.org\/{rel}","templated":true}]}}