{"id":57831,"date":"2021-02-21T18:08:04","date_gmt":"2021-02-21T18:08:04","guid":{"rendered":"https:\/\/www.autonvaraosahaku.fi\/?product=ernst-114035-takaaanenvaimennin"},"modified":"2021-02-21T18:08:07","modified_gmt":"2021-02-21T18:08:07","slug":"ernst-114035-takaaanenvaimennin","status":"publish","type":"product","link":"https:\/\/www.autonvaraosahaku.fi\/?product=ernst-114035-takaaanenvaimennin","title":{"rendered":"ERNST 114035 Taka\u00e4\u00e4nenvaimennin"},"content":{"rendered":"<p>Lis\u00e4ksi tarvittavat tuotteet ks. tarvikeluettelo: ; TECDOC-moottorinumero: 23097; VW: POLO 9N_,POLO 6R, 6C; SKODA: FABIA,FABIA 6Y2,FABIA Combi,FABIA Stufenheck 6Y3; SEAT: IBIZA IV 6L1,IBIZA V 6J5, 6P5,IBIZA V ST 6J8, 6P8,IBIZA V SPORTCOUPE 6J1, 6P1; Takavaimennin,Takap\u00f6ntt\u00f6,Taka\u00e4\u00e4nenvaimentaja<\/p>\n","protected":false},"excerpt":{"rendered":"<p>ERNST Taka\u00e4\u00e4nenvaimennin 114035 Takavaimennin,Takap\u00f6ntt\u00f6 VW,SKODA,SEAT,POLO 9N_,POLO 6R, 6C,FABIA,FABIA 6Y2,FABIA Combi,FABIA Stufenheck 6Y3<\/p>\n","protected":false},"featured_media":0,"template":"","meta":{"site-sidebar-layout":"default","site-content-layout":"default","ast-global-header-display":"","ast-main-header-display":"","ast-hfb-above-header-display":"","ast-hfb-below-header-display":"","ast-hfb-mobile-header-display":"","site-post-title":"","ast-breadcrumbs-content":"","ast-featured-img":"","footer-sml-layout":"","theme-transparent-header-meta":"","adv-header-id-meta":"","stick-header-meta":"","header-above-stick-meta":"","header-main-stick-meta":"","header-below-stick-meta":""},"pwb-brand":[63],"product_cat":[90],"product_tag":[],"class_list":{"0":"post-57831","1":"product","2":"type-product","3":"status-publish","5":"pwb-brand-ernst","6":"product_cat-takaaanenvaimennin","7":"desktop-align-left","8":"tablet-align-left","9":"mobile-align-left","11":"first","12":"instock","13":"product-type-external"},"brands":[{"id":63,"name":"ERNST","slug":"ernst"}],"_links":{"self":[{"href":"https:\/\/www.autonvaraosahaku.fi\/index.php?rest_route=\/wp\/v2\/product\/57831","targetHints":{"allow":["GET"]}}],"collection":[{"href":"https:\/\/www.autonvaraosahaku.fi\/index.php?rest_route=\/wp\/v2\/product"}],"about":[{"href":"https:\/\/www.autonvaraosahaku.fi\/index.php?rest_route=\/wp\/v2\/types\/product"}],"wp:attachment":[{"href":"https:\/\/www.autonvaraosahaku.fi\/index.php?rest_route=%2Fwp%2Fv2%2Fmedia&parent=57831"}],"wp:term":[{"taxonomy":"pwb-brand","embeddable":true,"href":"https:\/\/www.autonvaraosahaku.fi\/index.php?rest_route=%2Fwp%2Fv2%2Fpwb-brand&post=57831"},{"taxonomy":"product_cat","embeddable":true,"href":"https:\/\/www.autonvaraosahaku.fi\/index.php?rest_route=%2Fwp%2Fv2%2Fproduct_cat&post=57831"},{"taxonomy":"product_tag","embeddable":true,"href":"https:\/\/www.autonvaraosahaku.fi\/index.php?rest_route=%2Fwp%2Fv2%2Fproduct_tag&post=57831"}],"curies":[{"name":"wp","href":"https:\/\/api.w.org\/{rel}","templated":true}]}}