{"id":57871,"date":"2021-02-21T18:08:16","date_gmt":"2021-02-21T18:08:16","guid":{"rendered":"https:\/\/www.autonvaraosahaku.fi\/?product=gates-3733-jaahdyttimen-letku"},"modified":"2021-02-21T18:08:19","modified_gmt":"2021-02-21T18:08:19","slug":"gates-3733-jaahdyttimen-letku","status":"publish","type":"product","link":"https:\/\/www.autonvaraosahaku.fi\/?product=gates-3733-jaahdyttimen-letku","title":{"rendered":"GATES 3733 J\u00e4\u00e4hdyttimen letku"},"content":{"rendered":"<p>Materiaali: EPDM (eteenipropeeni-dieeni-kumi); V\u00e4ri: Musta; Letkupituus [mm]: 170; Sis\u00e4l\u00e4pimitta 1 [mm]: 30; Sis\u00e4l\u00e4pimitta 2 [mm]: 40; Asennuspuoli: unten; CHEVROLET: CHEVY; OPEL: CORSA B 73_, 78_, 79_,ASTRA F CC 53_, 54_, 58_, 59_,ASTRA F Caravan 51_, 52_,CORSA CLASSIC Stufenheck,ASTRA F Cabriolet 53_B,ASTRA F 56_, 57_,KADETT E CC 33_, 34_, 43_, 44_,TIGRA 95_,CORSA A CC 93_, 94_, 98_, 99_,COMBO 71_,ASTRA F CLASSIC CC,ASTRA F CLASSIC Stufenheck,ASTRA F CLASSIC Caravan,CORSA B Kasten 73_,CORSA B Kombi F35,ASTRA F Van 55_; VAUXHALL: ASTRA Mk III F CC,CORSA Mk I B,CAVALIER Mk III 87,ASTRA Mk III F Estate,CAVALIER Mk III CC,COMBO Mk I B,TIGRA Mk I F07,NOVA,ASTRAVAN Mk III F,NOVA CC; 90354836, 1337095, 90354836, 1336095, 1337095, 90354836<\/p>\n","protected":false},"excerpt":{"rendered":"<p>GATES J\u00e4\u00e4hdyttimen Letku 3733  CHEVROLET,OPEL,VAUXHALL,CHEVY,CORSA B 73_, 78_, 79_,ASTRA F CC 53_, 54_, 58_, 59_,ASTRA F Caravan 51_, 52_<\/p>\n","protected":false},"featured_media":0,"template":"","meta":{"site-sidebar-layout":"default","site-content-layout":"default","ast-global-header-display":"","ast-main-header-display":"","ast-hfb-above-header-display":"","ast-hfb-below-header-display":"","ast-hfb-mobile-header-display":"","site-post-title":"","ast-breadcrumbs-content":"","ast-featured-img":"","footer-sml-layout":"","theme-transparent-header-meta":"","adv-header-id-meta":"","stick-header-meta":"","header-above-stick-meta":"","header-main-stick-meta":"","header-below-stick-meta":""},"pwb-brand":[22],"product_cat":[206],"product_tag":[],"class_list":{"0":"post-57871","1":"product","2":"type-product","3":"status-publish","5":"pwb-brand-gates","6":"product_cat-jaahdyttimen-letku","7":"desktop-align-left","8":"tablet-align-left","9":"mobile-align-left","11":"first","12":"instock","13":"product-type-external"},"brands":[{"id":22,"name":"GATES","slug":"gates"}],"_links":{"self":[{"href":"https:\/\/www.autonvaraosahaku.fi\/index.php?rest_route=\/wp\/v2\/product\/57871","targetHints":{"allow":["GET"]}}],"collection":[{"href":"https:\/\/www.autonvaraosahaku.fi\/index.php?rest_route=\/wp\/v2\/product"}],"about":[{"href":"https:\/\/www.autonvaraosahaku.fi\/index.php?rest_route=\/wp\/v2\/types\/product"}],"wp:attachment":[{"href":"https:\/\/www.autonvaraosahaku.fi\/index.php?rest_route=%2Fwp%2Fv2%2Fmedia&parent=57871"}],"wp:term":[{"taxonomy":"pwb-brand","embeddable":true,"href":"https:\/\/www.autonvaraosahaku.fi\/index.php?rest_route=%2Fwp%2Fv2%2Fpwb-brand&post=57871"},{"taxonomy":"product_cat","embeddable":true,"href":"https:\/\/www.autonvaraosahaku.fi\/index.php?rest_route=%2Fwp%2Fv2%2Fproduct_cat&post=57871"},{"taxonomy":"product_tag","embeddable":true,"href":"https:\/\/www.autonvaraosahaku.fi\/index.php?rest_route=%2Fwp%2Fv2%2Fproduct_tag&post=57871"}],"curies":[{"name":"wp","href":"https:\/\/api.w.org\/{rel}","templated":true}]}}