{"id":57893,"date":"2021-02-21T18:08:23","date_gmt":"2021-02-21T18:08:23","guid":{"rendered":"https:\/\/www.autonvaraosahaku.fi\/?product=tyc-18-5007-21-2-vilkku"},"modified":"2021-02-21T18:08:26","modified_gmt":"2021-02-21T18:08:26","slug":"tyc-18-5007-21-2-vilkku","status":"publish","type":"product","link":"https:\/\/www.autonvaraosahaku.fi\/?product=tyc-18-5007-21-2-vilkku","title":{"rendered":"TYC 18-5007-21-2 Vilkku"},"content":{"rendered":"<p>Asennuspuoli: Oikea, Asennus sivulle; V\u00e4ri: L\u00e4pin\u00e4kyv\u00e4; Rekister\u00f6ity tyyppi: E-hyv\u00e4ksytty; Lis\u00e4tarvike\/lis\u00e4tieto: Ilman lampun kantaa; Valmistusvuosi alkaen: 08\/1991; BMW: 3 Compact E36,3 E36,3 Coupe E36,5 E34,3 Cabriolet E36,3 Touring E36,7 E32,5 Touring E34; 82199404388, 9404388; Vilkkuvalo,Suuntavilkku<\/p>\n","protected":false},"excerpt":{"rendered":"<p>TYC Vilkku 18-5007-21-2 Vilkkuvalo,Suuntavilkku BMW,3 Compact E36,3 E36,3 Coupe E36,5 E34,3 Cabriolet E36,3 Touring E36,7 E32,5 Touring E34<\/p>\n","protected":false},"featured_media":0,"template":"","meta":{"site-sidebar-layout":"default","site-content-layout":"default","ast-global-header-display":"","ast-main-header-display":"","ast-hfb-above-header-display":"","ast-hfb-below-header-display":"","ast-hfb-mobile-header-display":"","site-post-title":"","ast-breadcrumbs-content":"","ast-featured-img":"","footer-sml-layout":"","theme-transparent-header-meta":"","adv-header-id-meta":"","stick-header-meta":"","header-above-stick-meta":"","header-main-stick-meta":"","header-below-stick-meta":""},"pwb-brand":[124],"product_cat":[149],"product_tag":[],"class_list":{"0":"post-57893","1":"product","2":"type-product","3":"status-publish","5":"pwb-brand-tyc","6":"product_cat-vilkku","7":"desktop-align-left","8":"tablet-align-left","9":"mobile-align-left","11":"first","12":"instock","13":"product-type-external"},"brands":[{"id":124,"name":"TYC","slug":"tyc"}],"_links":{"self":[{"href":"https:\/\/www.autonvaraosahaku.fi\/index.php?rest_route=\/wp\/v2\/product\/57893","targetHints":{"allow":["GET"]}}],"collection":[{"href":"https:\/\/www.autonvaraosahaku.fi\/index.php?rest_route=\/wp\/v2\/product"}],"about":[{"href":"https:\/\/www.autonvaraosahaku.fi\/index.php?rest_route=\/wp\/v2\/types\/product"}],"wp:attachment":[{"href":"https:\/\/www.autonvaraosahaku.fi\/index.php?rest_route=%2Fwp%2Fv2%2Fmedia&parent=57893"}],"wp:term":[{"taxonomy":"pwb-brand","embeddable":true,"href":"https:\/\/www.autonvaraosahaku.fi\/index.php?rest_route=%2Fwp%2Fv2%2Fpwb-brand&post=57893"},{"taxonomy":"product_cat","embeddable":true,"href":"https:\/\/www.autonvaraosahaku.fi\/index.php?rest_route=%2Fwp%2Fv2%2Fproduct_cat&post=57893"},{"taxonomy":"product_tag","embeddable":true,"href":"https:\/\/www.autonvaraosahaku.fi\/index.php?rest_route=%2Fwp%2Fv2%2Fproduct_tag&post=57893"}],"curies":[{"name":"wp","href":"https:\/\/api.w.org\/{rel}","templated":true}]}}