{"id":57962,"date":"2021-02-21T18:08:46","date_gmt":"2021-02-21T18:08:46","guid":{"rendered":"https:\/\/www.autonvaraosahaku.fi\/?product=ashika-122-08-810-kampiakselin-hihnapyora"},"modified":"2021-02-21T18:08:47","modified_gmt":"2021-02-21T18:08:47","slug":"ashika-122-08-810-kampiakselin-hihnapyora","status":"publish","type":"product","link":"https:\/\/www.autonvaraosahaku.fi\/?product=ashika-122-08-810-kampiakselin-hihnapyora","title":{"rendered":"ASHIKA 122-08-810 Kampiakselin hihnapy\u00f6r\u00e4"},"content":{"rendered":"<p>L\u00e4pimitta [mm]: 158; Sis\u00e4l\u00e4pimitta [mm]: 30; Korkeus (mm): 26; Rihloja (kpl): 6; SUZUKI: GRAND VITARA I FT; 1261067G03; Hihnapy\u00f6r\u00e4, Kampiakseli<\/p>\n","protected":false},"excerpt":{"rendered":"<p>ASHIKA Kampiakselin Hihnapy\u00f6r\u00e4 122-08-810 Hihnapy\u00f6r\u00e4, Kampiakseli SUZUKI,GRAND VITARA I FT<\/p>\n","protected":false},"featured_media":0,"template":"","meta":{"site-sidebar-layout":"default","site-content-layout":"default","ast-global-header-display":"","ast-main-header-display":"","ast-hfb-above-header-display":"","ast-hfb-below-header-display":"","ast-hfb-mobile-header-display":"","site-post-title":"","ast-breadcrumbs-content":"","ast-featured-img":"","footer-sml-layout":"","theme-transparent-header-meta":"","adv-header-id-meta":"","stick-header-meta":"","header-above-stick-meta":"","header-main-stick-meta":"","header-below-stick-meta":""},"pwb-brand":[102],"product_cat":[219],"product_tag":[],"class_list":{"0":"post-57962","1":"product","2":"type-product","3":"status-publish","5":"pwb-brand-ashika","6":"product_cat-kampiakselin-hihnapyora","7":"desktop-align-left","8":"tablet-align-left","9":"mobile-align-left","11":"first","12":"instock","13":"product-type-external"},"brands":[{"id":102,"name":"ASHIKA","slug":"ashika"}],"_links":{"self":[{"href":"https:\/\/www.autonvaraosahaku.fi\/index.php?rest_route=\/wp\/v2\/product\/57962","targetHints":{"allow":["GET"]}}],"collection":[{"href":"https:\/\/www.autonvaraosahaku.fi\/index.php?rest_route=\/wp\/v2\/product"}],"about":[{"href":"https:\/\/www.autonvaraosahaku.fi\/index.php?rest_route=\/wp\/v2\/types\/product"}],"wp:attachment":[{"href":"https:\/\/www.autonvaraosahaku.fi\/index.php?rest_route=%2Fwp%2Fv2%2Fmedia&parent=57962"}],"wp:term":[{"taxonomy":"pwb-brand","embeddable":true,"href":"https:\/\/www.autonvaraosahaku.fi\/index.php?rest_route=%2Fwp%2Fv2%2Fpwb-brand&post=57962"},{"taxonomy":"product_cat","embeddable":true,"href":"https:\/\/www.autonvaraosahaku.fi\/index.php?rest_route=%2Fwp%2Fv2%2Fproduct_cat&post=57962"},{"taxonomy":"product_tag","embeddable":true,"href":"https:\/\/www.autonvaraosahaku.fi\/index.php?rest_route=%2Fwp%2Fv2%2Fproduct_tag&post=57962"}],"curies":[{"name":"wp","href":"https:\/\/api.w.org\/{rel}","templated":true}]}}