{"id":57975,"date":"2021-02-21T18:08:46","date_gmt":"2021-02-21T18:08:46","guid":{"rendered":"https:\/\/www.autonvaraosahaku.fi\/?product=mahle-original-081-pl-21714-000-kiertokangen-laakeri"},"modified":"2021-02-21T18:08:50","modified_gmt":"2021-02-21T18:08:50","slug":"mahle-original-081-pl-21714-000-kiertokangen-laakeri","status":"publish","type":"product","link":"https:\/\/www.autonvaraosahaku.fi\/?product=mahle-original-081-pl-21714-000-kiertokangen-laakeri","title":{"rendered":"MAHLE ORIGINAL 081 PL 21714 000 Kiertokangen laakeri"},"content":{"rendered":"<p>M\u00e4\u00e4r\u00e4yksikk\u00f6: Pari; Ylimitta [mm]: 0,000; Korvaava tuote\/korvaava tiedote 2: Pronssipinnoitettu ter\u00e4s; Pinta: Galvaaninen pinnoite; Lakkeriv\u00e4lykselle alkaen [mm]: 0,011; Laakeriv\u00e4lykseen [mm]: 0,063; Kotelol\u00e4pimitalle alkaen [mm]: 53,600; Kotelol\u00e4pimittaan [mm]: 53,616; Leveys alkaen [mm]: 17,30; Leveys enint\u00e4\u00e4n [mm]: 17,55; sein\u00e4paksuudelle alkaen [mm]: 1,786; Sein\u00e4n paksuus: 1,796; Akselil\u00e4pimitalle v\u00e4h. [mm]: 49,981; Akselil\u00e4pimittaan [mm]: 49,997; Tarvittava kappalem\u00e4\u00e4r\u00e4: 6; BMW: 3 E46,3 Touring E91,3 E90,5 E60,1 E87,5 Touring E61,3 Touring E46,X3 E83,5 Touring F11,5 F10, F18,3 Compact E46,3 Coupe E46,X1 E84,1 E81,X5 E70,X3 F25,3 Coupe E92,3 Cabriolet E46,Z4 E85,3 Cabriolet E93,7 E65, E66, E67,1 Cabriolet E88,7 F01, F02, F03, F04,1 Coupe E82,Z4 E89,6 E63,Z4 Coupe E86,6 Cabriolet E64; 11247536774, 11247536777, 7536774<\/p>\n","protected":false},"excerpt":{"rendered":"<p>MAHLE ORIGINAL Kiertokangen Laakeri 081 PL 21714 000  BMW,3 E46,3 Touring E91,3 E90,5 E60,1 E87,5 Touring E61,3 Touring E46,X3 E83,5 Touring F11<\/p>\n","protected":false},"featured_media":0,"template":"","meta":{"site-sidebar-layout":"default","site-content-layout":"default","ast-global-header-display":"","ast-main-header-display":"","ast-hfb-above-header-display":"","ast-hfb-below-header-display":"","ast-hfb-mobile-header-display":"","site-post-title":"","ast-breadcrumbs-content":"","ast-featured-img":"","footer-sml-layout":"","theme-transparent-header-meta":"","adv-header-id-meta":"","stick-header-meta":"","header-above-stick-meta":"","header-main-stick-meta":"","header-below-stick-meta":""},"pwb-brand":[153],"product_cat":[252],"product_tag":[],"class_list":{"0":"post-57975","1":"product","2":"type-product","3":"status-publish","5":"pwb-brand-mahle-original","6":"product_cat-kiertokangen-laakeri","7":"desktop-align-left","8":"tablet-align-left","9":"mobile-align-left","11":"first","12":"instock","13":"product-type-external"},"brands":[{"id":153,"name":"MAHLE ORIGINAL","slug":"mahle-original"}],"_links":{"self":[{"href":"https:\/\/www.autonvaraosahaku.fi\/index.php?rest_route=\/wp\/v2\/product\/57975","targetHints":{"allow":["GET"]}}],"collection":[{"href":"https:\/\/www.autonvaraosahaku.fi\/index.php?rest_route=\/wp\/v2\/product"}],"about":[{"href":"https:\/\/www.autonvaraosahaku.fi\/index.php?rest_route=\/wp\/v2\/types\/product"}],"wp:attachment":[{"href":"https:\/\/www.autonvaraosahaku.fi\/index.php?rest_route=%2Fwp%2Fv2%2Fmedia&parent=57975"}],"wp:term":[{"taxonomy":"pwb-brand","embeddable":true,"href":"https:\/\/www.autonvaraosahaku.fi\/index.php?rest_route=%2Fwp%2Fv2%2Fpwb-brand&post=57975"},{"taxonomy":"product_cat","embeddable":true,"href":"https:\/\/www.autonvaraosahaku.fi\/index.php?rest_route=%2Fwp%2Fv2%2Fproduct_cat&post=57975"},{"taxonomy":"product_tag","embeddable":true,"href":"https:\/\/www.autonvaraosahaku.fi\/index.php?rest_route=%2Fwp%2Fv2%2Fproduct_tag&post=57975"}],"curies":[{"name":"wp","href":"https:\/\/api.w.org\/{rel}","templated":true}]}}