{"id":58013,"date":"2021-02-21T18:08:58","date_gmt":"2021-02-21T18:08:58","guid":{"rendered":"https:\/\/www.autonvaraosahaku.fi\/?product=caffaro-500419-ohjainrulla"},"modified":"2021-02-21T18:09:01","modified_gmt":"2021-02-21T18:09:01","slug":"caffaro-500419-ohjainrulla","status":"publish","type":"product","link":"https:\/\/www.autonvaraosahaku.fi\/?product=caffaro-500419-ohjainrulla","title":{"rendered":"CAFFARO 500419 Ohjainrulla"},"content":{"rendered":"<p>Ulkol\u00e4pimitta [mm]: 80; Sis\u00e4l\u00e4pimitta [mm]: 10; Leveys (mm): 28,6; Materiaali: Metalli; TOYOTA: LAND CRUISER KDJ12_, GRJ12_,HILUX III Pick-up TGN1_, GGN2_, GGN1_, KUN2_, KUN1_,LAND CRUISER 90 _J9_,LAND CRUISER 150 KDJ15_, GRJ15_,HILUX VI Pick-up _N1_,HILUX III Pritsche\/Fahrgestell KUN1_, TGN3_, TGN2_, TGN1_,,HIACE IV Bus LH1_,HIACE IV Kasten LXH1_, RZH1_, LH1_,HIACE IV Kasten TRH2_, KDH2_,HIACE \/ COMMUTER IV TRH2_, KDH2_,DYNA Pritsche\/Fahrgestell KD_, LY_, TRY2_, KDY2_, XZU4_, XZ,FORTUNER Gel\u00e4ndewagen geschlossen TGN6_, KUN6_, GGN6_, TGN5,HILUX Pick-up GUN1_; 884400K060, 884400K061, 884400K250, 884400K251, 8844025060, 8844035100, 8844035101, 8844035120; Ohjainrulla, Moniurahihna<\/p>\n","protected":false},"excerpt":{"rendered":"<p>CAFFARO Ohjainrulla 500419 Ohjainrulla, Moniurahihna TOYOTA,LAND CRUISER KDJ12_, GRJ12_,HILUX III Pick-up TGN1_, GGN2_, GGN1_, KUN2_, KUN1_<\/p>\n","protected":false},"featured_media":0,"template":"","meta":{"site-sidebar-layout":"default","site-content-layout":"default","ast-global-header-display":"","ast-main-header-display":"","ast-hfb-above-header-display":"","ast-hfb-below-header-display":"","ast-hfb-mobile-header-display":"","site-post-title":"","ast-breadcrumbs-content":"","ast-featured-img":"","footer-sml-layout":"","theme-transparent-header-meta":"","adv-header-id-meta":"","stick-header-meta":"","header-above-stick-meta":"","header-main-stick-meta":"","header-below-stick-meta":""},"pwb-brand":[470],"product_cat":[308],"product_tag":[],"class_list":{"0":"post-58013","1":"product","2":"type-product","3":"status-publish","5":"pwb-brand-caffaro","6":"product_cat-ohjainrulla","7":"desktop-align-left","8":"tablet-align-left","9":"mobile-align-left","11":"first","12":"instock","13":"product-type-external"},"brands":[{"id":470,"name":"CAFFARO","slug":"caffaro"}],"_links":{"self":[{"href":"https:\/\/www.autonvaraosahaku.fi\/index.php?rest_route=\/wp\/v2\/product\/58013","targetHints":{"allow":["GET"]}}],"collection":[{"href":"https:\/\/www.autonvaraosahaku.fi\/index.php?rest_route=\/wp\/v2\/product"}],"about":[{"href":"https:\/\/www.autonvaraosahaku.fi\/index.php?rest_route=\/wp\/v2\/types\/product"}],"wp:attachment":[{"href":"https:\/\/www.autonvaraosahaku.fi\/index.php?rest_route=%2Fwp%2Fv2%2Fmedia&parent=58013"}],"wp:term":[{"taxonomy":"pwb-brand","embeddable":true,"href":"https:\/\/www.autonvaraosahaku.fi\/index.php?rest_route=%2Fwp%2Fv2%2Fpwb-brand&post=58013"},{"taxonomy":"product_cat","embeddable":true,"href":"https:\/\/www.autonvaraosahaku.fi\/index.php?rest_route=%2Fwp%2Fv2%2Fproduct_cat&post=58013"},{"taxonomy":"product_tag","embeddable":true,"href":"https:\/\/www.autonvaraosahaku.fi\/index.php?rest_route=%2Fwp%2Fv2%2Fproduct_tag&post=58013"}],"curies":[{"name":"wp","href":"https:\/\/api.w.org\/{rel}","templated":true}]}}