{"id":58014,"date":"2021-02-21T18:08:58","date_gmt":"2021-02-21T18:08:58","guid":{"rendered":"https:\/\/www.autonvaraosahaku.fi\/?product=rotinger-rt-4512-gl-t5-jarrulevyt"},"modified":"2021-02-21T18:09:02","modified_gmt":"2021-02-21T18:09:02","slug":"rotinger-rt-4512-gl-t5-jarrulevyt","status":"publish","type":"product","link":"https:\/\/www.autonvaraosahaku.fi\/?product=rotinger-rt-4512-gl-t5-jarrulevyt","title":{"rendered":"ROTINGER RT 4512-GL T5 Jarrulevyt"},"content":{"rendered":"<p>Jarrulevytyyppi: Reijitetty, Tuuletettu, sis\u00e4; Ulkol\u00e4pimitta [mm]: 313,80; Sis\u00e4l\u00e4pimitta [mm]: 154; keskitt\u00e4misl\u00e4pimitta [mm]: 68; Korkeus (mm): 52; Jarrulevyn paksuus (mm): 25; Reikien m\u00e4\u00e4r\u00e4: 5; Kierremitta: 15,30; Reik\u00e4lukum\u00e4\u00e4r\u00e4 1: 1; Reik\u00e4v\u00e4li 1 [mm]: 112, 112; Pinta: Galvaaninen pinnoite; Paino [kg]: 8,40; Reik\u00e4ympyr\u00e4-\u00d8 [mm]: 112; Asennuspuoli: Vorderachse; AUDI: A4 Avant 8K5, B8,A4 8K2, B8,A5 8T3,A5 Sportback 8TA,A4 Allroad 8KH, B8,A5 Cabriolet 8F7,A4 Avant 8W5, B9,A4 8W2, B9,A5 Sportback F5A,A5 F53,A4 Allroad 8WH, B9,A5 Cabriolet F57; 8K0615301, 8K0615301T, 8W0615301G, 8W0615301T, L8KD615301, 8K0615301, 8W0615301G, 8W0615301T, 8K0615301, 8W0615301G, 8W0615301T, 8K0098301F, 8K0615301, 8W0615301G, 8W0615301T; Jarrulevy<\/p>\n","protected":false},"excerpt":{"rendered":"<p>ROTINGER Jarrulevyt GRAPHITE LINE TUNING RT 4512-GL T5 Jarrulevy AUDI,A4 Avant 8K5, B8,A4 8K2, B8,A5 8T3,A5 Sportback 8TA,A4 Allroad 8KH, B8<\/p>\n","protected":false},"featured_media":0,"template":"","meta":{"site-sidebar-layout":"default","site-content-layout":"default","ast-global-header-display":"","ast-main-header-display":"","ast-hfb-above-header-display":"","ast-hfb-below-header-display":"","ast-hfb-mobile-header-display":"","site-post-title":"","ast-breadcrumbs-content":"","ast-featured-img":"","footer-sml-layout":"","theme-transparent-header-meta":"","adv-header-id-meta":"","stick-header-meta":"","header-above-stick-meta":"","header-main-stick-meta":"","header-below-stick-meta":""},"pwb-brand":[440],"product_cat":[66],"product_tag":[],"class_list":{"0":"post-58014","1":"product","2":"type-product","3":"status-publish","5":"pwb-brand-rotinger","6":"product_cat-jarrulevyt","7":"desktop-align-left","8":"tablet-align-left","9":"mobile-align-left","11":"first","12":"instock","13":"product-type-external"},"brands":[{"id":440,"name":"ROTINGER","slug":"rotinger"}],"_links":{"self":[{"href":"https:\/\/www.autonvaraosahaku.fi\/index.php?rest_route=\/wp\/v2\/product\/58014","targetHints":{"allow":["GET"]}}],"collection":[{"href":"https:\/\/www.autonvaraosahaku.fi\/index.php?rest_route=\/wp\/v2\/product"}],"about":[{"href":"https:\/\/www.autonvaraosahaku.fi\/index.php?rest_route=\/wp\/v2\/types\/product"}],"wp:attachment":[{"href":"https:\/\/www.autonvaraosahaku.fi\/index.php?rest_route=%2Fwp%2Fv2%2Fmedia&parent=58014"}],"wp:term":[{"taxonomy":"pwb-brand","embeddable":true,"href":"https:\/\/www.autonvaraosahaku.fi\/index.php?rest_route=%2Fwp%2Fv2%2Fpwb-brand&post=58014"},{"taxonomy":"product_cat","embeddable":true,"href":"https:\/\/www.autonvaraosahaku.fi\/index.php?rest_route=%2Fwp%2Fv2%2Fproduct_cat&post=58014"},{"taxonomy":"product_tag","embeddable":true,"href":"https:\/\/www.autonvaraosahaku.fi\/index.php?rest_route=%2Fwp%2Fv2%2Fproduct_tag&post=58014"}],"curies":[{"name":"wp","href":"https:\/\/api.w.org\/{rel}","templated":true}]}}