{"id":58028,"date":"2021-02-21T18:09:04","date_gmt":"2021-02-21T18:09:04","guid":{"rendered":"https:\/\/www.autonvaraosahaku.fi\/?product=gates-05-2650-jaahdyttimen-letku"},"modified":"2021-02-21T18:09:06","modified_gmt":"2021-02-21T18:09:06","slug":"gates-05-2650-jaahdyttimen-letku","status":"publish","type":"product","link":"https:\/\/www.autonvaraosahaku.fi\/?product=gates-05-2650-jaahdyttimen-letku","title":{"rendered":"GATES 05-2650 J\u00e4\u00e4hdyttimen letku"},"content":{"rendered":"<p>Materiaali: EPDM (eteenipropeeni-dieeni-kumi); V\u00e4ri: Musta; Letkupituus [mm]: 850; Sis\u00e4l\u00e4pimitta 1 [mm]: 31; Sis\u00e4l\u00e4pimitta 2 [mm]: 30; Asennuspuoli: unten; VW: GOLF V 1K1,TOURAN 1T1, 1T2,GOLF PLUS 5M1, 521,GOLF V Variant 1K5; AUDI: A3 8P1,A3 Sportback 8PA; SKODA: OCTAVIA Combi 1Z5,SUPERB Kombi 3T5,OCTAVIA 1Z3,SUPERB 3T4; SEAT: LEON 1P1,ALTEA 5P1,ALTEA XL 5P5, 5P8,TOLEDO III 5P2; 1K0121051H, 1K0121156DN, 1K0121156DN, 1K0121156DN, 1K0121156DN, 1K0122051AE<\/p>\n","protected":false},"excerpt":{"rendered":"<p>GATES J\u00e4\u00e4hdyttimen Letku 05-2650  VW,AUDI,SKODA,GOLF V 1K1,TOURAN 1T1, 1T2,GOLF PLUS 5M1, 521,GOLF V Variant 1K5,A3 8P1,A3 Sportback 8PA<\/p>\n","protected":false},"featured_media":0,"template":"","meta":{"site-sidebar-layout":"default","site-content-layout":"default","ast-global-header-display":"","ast-main-header-display":"","ast-hfb-above-header-display":"","ast-hfb-below-header-display":"","ast-hfb-mobile-header-display":"","site-post-title":"","ast-breadcrumbs-content":"","ast-featured-img":"","footer-sml-layout":"","theme-transparent-header-meta":"","adv-header-id-meta":"","stick-header-meta":"","header-above-stick-meta":"","header-main-stick-meta":"","header-below-stick-meta":""},"pwb-brand":[22],"product_cat":[206],"product_tag":[],"class_list":{"0":"post-58028","1":"product","2":"type-product","3":"status-publish","5":"pwb-brand-gates","6":"product_cat-jaahdyttimen-letku","7":"desktop-align-left","8":"tablet-align-left","9":"mobile-align-left","11":"first","12":"instock","13":"product-type-external"},"brands":[{"id":22,"name":"GATES","slug":"gates"}],"_links":{"self":[{"href":"https:\/\/www.autonvaraosahaku.fi\/index.php?rest_route=\/wp\/v2\/product\/58028","targetHints":{"allow":["GET"]}}],"collection":[{"href":"https:\/\/www.autonvaraosahaku.fi\/index.php?rest_route=\/wp\/v2\/product"}],"about":[{"href":"https:\/\/www.autonvaraosahaku.fi\/index.php?rest_route=\/wp\/v2\/types\/product"}],"wp:attachment":[{"href":"https:\/\/www.autonvaraosahaku.fi\/index.php?rest_route=%2Fwp%2Fv2%2Fmedia&parent=58028"}],"wp:term":[{"taxonomy":"pwb-brand","embeddable":true,"href":"https:\/\/www.autonvaraosahaku.fi\/index.php?rest_route=%2Fwp%2Fv2%2Fpwb-brand&post=58028"},{"taxonomy":"product_cat","embeddable":true,"href":"https:\/\/www.autonvaraosahaku.fi\/index.php?rest_route=%2Fwp%2Fv2%2Fproduct_cat&post=58028"},{"taxonomy":"product_tag","embeddable":true,"href":"https:\/\/www.autonvaraosahaku.fi\/index.php?rest_route=%2Fwp%2Fv2%2Fproduct_tag&post=58028"}],"curies":[{"name":"wp","href":"https:\/\/api.w.org\/{rel}","templated":true}]}}