{"id":58029,"date":"2021-02-21T18:09:04","date_gmt":"2021-02-21T18:09:04","guid":{"rendered":"https:\/\/www.autonvaraosahaku.fi\/?product=esen-skv-23skv016-jarrusatula"},"modified":"2021-02-21T18:09:06","modified_gmt":"2021-02-21T18:09:06","slug":"esen-skv-23skv016-jarrusatula","status":"publish","type":"product","link":"https:\/\/www.autonvaraosahaku.fi\/?product=esen-skv-23skv016-jarrusatula","title":{"rendered":"ESEN SKV 23SKV016 Jarrusatula"},"content":{"rendered":"<p>Asennuspuoli: Etuakseli, oikea; Paino [kg]: 3,68; Jarrusatulatyyppi: Jarrusatula (1-m\u00e4nt\u00e4); Jarrulevyn paksuus (mm): 25; Jarruj\u00e4rjestelm\u00e4: ATE; parilliset tuotenumerot: 23SKV015; Jarrusatulam\u00e4nt\u00e4l\u00e4pimitta [mm]: 57; Valmistusvuosi alkaen: 10\/1995; VW: PASSAT Variant 3B6,PASSAT Variant 3B5,PASSAT 3B2,PASSAT 3B3; AUDI: A6 Avant 4F5, C6,A4 8D2, B5,A4 Avant 8ED, B7,A4 Avant 8E5, B6,A6 Avant 4B5, C5,A4 Avant 8D5, B5,A4 8E2, B6,A6 4F2, C6,A6 4B2, C5,A4 Cabriolet 8H7, B6, 8HE, B7,A4 8EC, B7; SKODA: SUPERB 3U4; SEAT: EXEO ST 3R5,EXEO 3R2; 4B0615124, 8D0615124B, 8E0615124A, 4B0615124, 8D0615124B, 8E0615124A, 4B0615124, 8D0615124B, 8E0615124A, 4B0615124, 8D0615124B, 8E0615124A<\/p>\n","protected":false},"excerpt":{"rendered":"<p>ESEN SKV Jarrusatula 23SKV016  VW,AUDI,SKODA,PASSAT Variant 3B6,PASSAT Variant 3B5,PASSAT 3B2,PASSAT 3B3,A6 Avant 4F5, C6,A4 8D2, B5,A4 Avant 8ED, B7<\/p>\n","protected":false},"featured_media":0,"template":"","meta":{"site-sidebar-layout":"default","site-content-layout":"default","ast-global-header-display":"","ast-main-header-display":"","ast-hfb-above-header-display":"","ast-hfb-below-header-display":"","ast-hfb-mobile-header-display":"","site-post-title":"","ast-breadcrumbs-content":"","ast-featured-img":"","footer-sml-layout":"","theme-transparent-header-meta":"","adv-header-id-meta":"","stick-header-meta":"","header-above-stick-meta":"","header-main-stick-meta":"","header-below-stick-meta":""},"pwb-brand":[384],"product_cat":[177],"product_tag":[],"class_list":{"0":"post-58029","1":"product","2":"type-product","3":"status-publish","5":"pwb-brand-esen-skv","6":"product_cat-jarrusatula","7":"desktop-align-left","8":"tablet-align-left","9":"mobile-align-left","11":"first","12":"instock","13":"product-type-external"},"brands":[{"id":384,"name":"ESEN SKV","slug":"esen-skv"}],"_links":{"self":[{"href":"https:\/\/www.autonvaraosahaku.fi\/index.php?rest_route=\/wp\/v2\/product\/58029","targetHints":{"allow":["GET"]}}],"collection":[{"href":"https:\/\/www.autonvaraosahaku.fi\/index.php?rest_route=\/wp\/v2\/product"}],"about":[{"href":"https:\/\/www.autonvaraosahaku.fi\/index.php?rest_route=\/wp\/v2\/types\/product"}],"wp:attachment":[{"href":"https:\/\/www.autonvaraosahaku.fi\/index.php?rest_route=%2Fwp%2Fv2%2Fmedia&parent=58029"}],"wp:term":[{"taxonomy":"pwb-brand","embeddable":true,"href":"https:\/\/www.autonvaraosahaku.fi\/index.php?rest_route=%2Fwp%2Fv2%2Fpwb-brand&post=58029"},{"taxonomy":"product_cat","embeddable":true,"href":"https:\/\/www.autonvaraosahaku.fi\/index.php?rest_route=%2Fwp%2Fv2%2Fproduct_cat&post=58029"},{"taxonomy":"product_tag","embeddable":true,"href":"https:\/\/www.autonvaraosahaku.fi\/index.php?rest_route=%2Fwp%2Fv2%2Fproduct_tag&post=58029"}],"curies":[{"name":"wp","href":"https:\/\/api.w.org\/{rel}","templated":true}]}}