{"id":58053,"date":"2021-02-21T18:09:10","date_gmt":"2021-02-21T18:09:10","guid":{"rendered":"https:\/\/www.autonvaraosahaku.fi\/?product=as-pl-s3020pr-starttimoottori"},"modified":"2021-02-21T18:09:13","modified_gmt":"2021-02-21T18:09:13","slug":"as-pl-s3020pr-starttimoottori","status":"publish","type":"product","link":"https:\/\/www.autonvaraosahaku.fi\/?product=as-pl-s3020pr-starttimoottori","title":{"rendered":"AS-PL S3020PR Starttimoottori"},"content":{"rendered":"<p>Pituus 1 (mm): 70,00; Pituus 2 (mm): 14,00; K\u00e4ynnistinmoottori teho (kW): 1,00; J\u00e4nnite (V): 12; Kiinnitysreikien lukum\u00e4\u00e4r\u00e4: 2; kierrereiki\u00e4 [kpl]: 0; Py\u00f6rimissuunta: Py\u00f6rimissuunta my\u00f6t\u00e4p\u00e4iv\u00e4\u00e4n; Hammasluku: 8; Valmistusvuosi alkaen: 10\/1997; MERCEDES-BENZ: A-CLASS W169,A-CLASS W168,B-CLASS W245,VANEO 414,CITARO (O 530); 0041518501, 004151850180, 0051511101, 005151110180, 0051512101, 005151210180, 0051514701, 005151470180, 0061510301, 006151030180, A0041518501, A004151850180, A0051511101, A005151110180, A0051512101, A005151210180, A0051514701, A005151470180, A0061510301, A006151030180; Startti,K\u00e4ynnistinmoottori<\/p>\n","protected":false},"excerpt":{"rendered":"<p>AS-PL Starttimoottori Brand new AS-PL Starter motor 0001231003 S3020PR Startti,K\u00e4ynnistinmoottori MERCEDES-BENZ,A-CLASS W169,A-CLASS W168,B-CLASS W245<\/p>\n","protected":false},"featured_media":0,"template":"","meta":{"site-sidebar-layout":"default","site-content-layout":"default","ast-global-header-display":"","ast-main-header-display":"","ast-hfb-above-header-display":"","ast-hfb-below-header-display":"","ast-hfb-mobile-header-display":"","site-post-title":"","ast-breadcrumbs-content":"","ast-featured-img":"","footer-sml-layout":"","theme-transparent-header-meta":"","adv-header-id-meta":"","stick-header-meta":"","header-above-stick-meta":"","header-main-stick-meta":"","header-below-stick-meta":""},"pwb-brand":[347],"product_cat":[295],"product_tag":[],"class_list":{"0":"post-58053","1":"product","2":"type-product","3":"status-publish","5":"pwb-brand-as-pl","6":"product_cat-starttimoottori","7":"desktop-align-left","8":"tablet-align-left","9":"mobile-align-left","11":"first","12":"instock","13":"product-type-external"},"brands":[{"id":347,"name":"AS-PL","slug":"as-pl"}],"_links":{"self":[{"href":"https:\/\/www.autonvaraosahaku.fi\/index.php?rest_route=\/wp\/v2\/product\/58053","targetHints":{"allow":["GET"]}}],"collection":[{"href":"https:\/\/www.autonvaraosahaku.fi\/index.php?rest_route=\/wp\/v2\/product"}],"about":[{"href":"https:\/\/www.autonvaraosahaku.fi\/index.php?rest_route=\/wp\/v2\/types\/product"}],"wp:attachment":[{"href":"https:\/\/www.autonvaraosahaku.fi\/index.php?rest_route=%2Fwp%2Fv2%2Fmedia&parent=58053"}],"wp:term":[{"taxonomy":"pwb-brand","embeddable":true,"href":"https:\/\/www.autonvaraosahaku.fi\/index.php?rest_route=%2Fwp%2Fv2%2Fpwb-brand&post=58053"},{"taxonomy":"product_cat","embeddable":true,"href":"https:\/\/www.autonvaraosahaku.fi\/index.php?rest_route=%2Fwp%2Fv2%2Fproduct_cat&post=58053"},{"taxonomy":"product_tag","embeddable":true,"href":"https:\/\/www.autonvaraosahaku.fi\/index.php?rest_route=%2Fwp%2Fv2%2Fproduct_tag&post=58053"}],"curies":[{"name":"wp","href":"https:\/\/api.w.org\/{rel}","templated":true}]}}