{"id":58110,"date":"2021-02-21T18:09:27","date_gmt":"2021-02-21T18:09:27","guid":{"rendered":"https:\/\/www.autonvaraosahaku.fi\/?product=blue-print-adw192105-oljynsuodatin"},"modified":"2021-02-21T18:09:28","modified_gmt":"2021-02-21T18:09:28","slug":"blue-print-adw192105-oljynsuodatin","status":"publish","type":"product","link":"https:\/\/www.autonvaraosahaku.fi\/?product=blue-print-adw192105-oljynsuodatin","title":{"rendered":"Blue Print ADW192105 \u00d6ljynsuodatin"},"content":{"rendered":"<p>Suodatintyyppi: Ruuvattava suodatin, Ruuvattava suodatin; Korkeus (mm): 86,5; Ulkol\u00e4pimitta [mm]: 74,0; Sis\u00e4kierre (mm): M22 x 1,5; Tiivisteen l\u00e4pimitta [mm]: 71; Paino [kg]: 0,30; Huomioi tekniset tiedot: ; OPEL: MOKKA,ADAM,CORSA E,ASTRA K,ASTRA K Caravan,KARL,INSIGNIA Caravan,INSIGNIA CC,INSIGNIA B Country Tourer Z18; CHEVROLET: CRUZE Schr\u00e4gheck J305,MALIBU; VAUXHALL: ADAM,MOKKA,ASTRA Mk VII K Estate,ASTRA Mk VII K,CORSA Mk IV E; 12670058, 12674698, 00650237, 012670058, 012674698, 055496755, 055499629, 0650237, 095528296, 12670058, 12674698, 55496755, 55499629, 650237, 95528296, 012667194, 012670058, 012674698, 055496755, 055499629, 095528296, 12667194, 12670058, 12674698, 55496755, 55499629, 95528296<\/p>\n","protected":false},"excerpt":{"rendered":"<p>BLUE PRINT \u00d6ljynsuodatin ADW192105  OPEL,CHEVROLET,VAUXHALL,MOKKA,ADAM,CORSA E,ASTRA K,ASTRA K Caravan,KARL,INSIGNIA Caravan,INSIGNIA CC<\/p>\n","protected":false},"featured_media":0,"template":"","meta":{"site-sidebar-layout":"default","site-content-layout":"default","ast-global-header-display":"","ast-main-header-display":"","ast-hfb-above-header-display":"","ast-hfb-below-header-display":"","ast-hfb-mobile-header-display":"","site-post-title":"","ast-breadcrumbs-content":"","ast-featured-img":"","footer-sml-layout":"","theme-transparent-header-meta":"","adv-header-id-meta":"","stick-header-meta":"","header-above-stick-meta":"","header-main-stick-meta":"","header-below-stick-meta":""},"pwb-brand":[533],"product_cat":[30],"product_tag":[],"class_list":{"0":"post-58110","1":"product","2":"type-product","3":"status-publish","5":"pwb-brand-blue-print","6":"product_cat-oljynsuodatin","7":"desktop-align-left","8":"tablet-align-left","9":"mobile-align-left","11":"first","12":"instock","13":"product-type-external"},"brands":[{"id":533,"name":"Blue Print","slug":"blue-print"}],"_links":{"self":[{"href":"https:\/\/www.autonvaraosahaku.fi\/index.php?rest_route=\/wp\/v2\/product\/58110","targetHints":{"allow":["GET"]}}],"collection":[{"href":"https:\/\/www.autonvaraosahaku.fi\/index.php?rest_route=\/wp\/v2\/product"}],"about":[{"href":"https:\/\/www.autonvaraosahaku.fi\/index.php?rest_route=\/wp\/v2\/types\/product"}],"wp:attachment":[{"href":"https:\/\/www.autonvaraosahaku.fi\/index.php?rest_route=%2Fwp%2Fv2%2Fmedia&parent=58110"}],"wp:term":[{"taxonomy":"pwb-brand","embeddable":true,"href":"https:\/\/www.autonvaraosahaku.fi\/index.php?rest_route=%2Fwp%2Fv2%2Fpwb-brand&post=58110"},{"taxonomy":"product_cat","embeddable":true,"href":"https:\/\/www.autonvaraosahaku.fi\/index.php?rest_route=%2Fwp%2Fv2%2Fproduct_cat&post=58110"},{"taxonomy":"product_tag","embeddable":true,"href":"https:\/\/www.autonvaraosahaku.fi\/index.php?rest_route=%2Fwp%2Fv2%2Fproduct_tag&post=58110"}],"curies":[{"name":"wp","href":"https:\/\/api.w.org\/{rel}","templated":true}]}}