{"id":58133,"date":"2021-02-21T18:09:31","date_gmt":"2021-02-21T18:09:31","guid":{"rendered":"https:\/\/www.autonvaraosahaku.fi\/?product=blue-print-adf122122-oljynsuodatin"},"modified":"2021-02-21T18:09:34","modified_gmt":"2021-02-21T18:09:34","slug":"blue-print-adf122122-oljynsuodatin","status":"publish","type":"product","link":"https:\/\/www.autonvaraosahaku.fi\/?product=blue-print-adf122122-oljynsuodatin","title":{"rendered":"Blue Print ADF122122 \u00d6ljynsuodatin"},"content":{"rendered":"<p>Suodatintyyppi: Ruuvattava suodatin, Ruuvattava suodatin; Korkeus (mm): 100,5; Ulkol\u00e4pimitta [mm]: 80,0; Sis\u00e4kierre (mm): M22 x 1,5; Tiivisteen l\u00e4pimitta [mm]: 73; Paino [kg]: 0,35; Huomioi tekniset tiedot: ; FORD: TRANSIT CUSTOM Kasten,TOURNEO CUSTOM Bus,TRANSIT CUSTOM Bus,TRANSIT Custom  Bus,TRANSIT Custom Pritsche\/Fahrgestell; 2007929, GK2Q6714AA<\/p>\n","protected":false},"excerpt":{"rendered":"<p>BLUE PRINT \u00d6ljynsuodatin ADF122122  FORD,TRANSIT CUSTOM Kasten,TOURNEO CUSTOM Bus,TRANSIT CUSTOM Bus,TRANSIT Custom  Bus<\/p>\n","protected":false},"featured_media":0,"template":"","meta":{"site-sidebar-layout":"default","site-content-layout":"default","ast-global-header-display":"","ast-main-header-display":"","ast-hfb-above-header-display":"","ast-hfb-below-header-display":"","ast-hfb-mobile-header-display":"","site-post-title":"","ast-breadcrumbs-content":"","ast-featured-img":"","footer-sml-layout":"","theme-transparent-header-meta":"","adv-header-id-meta":"","stick-header-meta":"","header-above-stick-meta":"","header-main-stick-meta":"","header-below-stick-meta":""},"pwb-brand":[533],"product_cat":[30],"product_tag":[],"class_list":{"0":"post-58133","1":"product","2":"type-product","3":"status-publish","5":"pwb-brand-blue-print","6":"product_cat-oljynsuodatin","7":"desktop-align-left","8":"tablet-align-left","9":"mobile-align-left","11":"first","12":"instock","13":"product-type-external"},"brands":[{"id":533,"name":"Blue Print","slug":"blue-print"}],"_links":{"self":[{"href":"https:\/\/www.autonvaraosahaku.fi\/index.php?rest_route=\/wp\/v2\/product\/58133","targetHints":{"allow":["GET"]}}],"collection":[{"href":"https:\/\/www.autonvaraosahaku.fi\/index.php?rest_route=\/wp\/v2\/product"}],"about":[{"href":"https:\/\/www.autonvaraosahaku.fi\/index.php?rest_route=\/wp\/v2\/types\/product"}],"wp:attachment":[{"href":"https:\/\/www.autonvaraosahaku.fi\/index.php?rest_route=%2Fwp%2Fv2%2Fmedia&parent=58133"}],"wp:term":[{"taxonomy":"pwb-brand","embeddable":true,"href":"https:\/\/www.autonvaraosahaku.fi\/index.php?rest_route=%2Fwp%2Fv2%2Fpwb-brand&post=58133"},{"taxonomy":"product_cat","embeddable":true,"href":"https:\/\/www.autonvaraosahaku.fi\/index.php?rest_route=%2Fwp%2Fv2%2Fproduct_cat&post=58133"},{"taxonomy":"product_tag","embeddable":true,"href":"https:\/\/www.autonvaraosahaku.fi\/index.php?rest_route=%2Fwp%2Fv2%2Fproduct_tag&post=58133"}],"curies":[{"name":"wp","href":"https:\/\/api.w.org\/{rel}","templated":true}]}}