{"id":58148,"date":"2021-02-21T18:09:36","date_gmt":"2021-02-21T18:09:36","guid":{"rendered":"https:\/\/www.autonvaraosahaku.fi\/?product=blue-print-adv183071-kytkinpaketti"},"modified":"2021-02-21T18:09:38","modified_gmt":"2021-02-21T18:09:38","slug":"blue-print-adv183071-kytkinpaketti","status":"publish","type":"product","link":"https:\/\/www.autonvaraosahaku.fi\/?product=blue-print-adv183071-kytkinpaketti","title":{"rendered":"Blue Print ADV183071 Kytkinpaketti"},"content":{"rendered":"<p>Ulkol\u00e4pimitta [mm]: 241,0; Hammasluku: 23; moniosainen: neliosainen; Lis\u00e4tarvike\/lis\u00e4tieto: Irroitusmekanismilla; Korvaava tuote\/korvaava tiedote 2: Vauhtipy\u00f6r\u00e4ll\u00e4; Paino [kg]: 17,995; Huomioi huolto-ohjeet: ; Moottorinumero: ANU; VW: GOLF IV 1J1,GOLF IV Variant 1J5,SHARAN 7M8, 7M9, 7M6,BORA 1J2; AUDI: A3 8L1,TT 8N3,TT Roadster 8N9; FORD: GALAXY WGR; 02M141671A, 02M141671AS3, 02M141671B, 02M141671BS3, 038105266AG, 038105266AGS1, 038105266BB, 038105266BBS1, 038105266C, 038105266CS1, 038105266Q, 038105266QS1, 0A5141671, 0A5141671A, 0A5141671AS3, 0A5141671E, 0A5141671ES3, 0A5141671F, 0A5141671FS3, 0A5141671S3, 1100675, 1100675S1, 1134890, 1134890S1, 1214516, 1214516S3, 1424515, 1424515S3, 2M217580AA, 2M217580AAS3, 6M216375AA, 6M216375AAS1, 6M217580AA, 6M217580AAS3, XM216375AA, XM216375AAS1, YM216375BA, YM216375BAS1, 02M141671A, 02M141671AS3, 02M141671B, 02M141671BS3, 038105266AG, 038105266AGS1, 038105266BA, 038105266BAS1, 038105266BB, 038105266BBS1, 038105266C, 038105266CS1, 038105266Q, 038105266QS1, 0A5141671A, 0A5141671AS3, 0A5141671E, 0A5141671ES3, 0A5141671F, 0A5141671FS3, 038105266AG, 038105266AGS1, 038105266BB, 038105266BBS1, 038105266C, 038105266CS1, 038105266Q, 038105266QS1, 0A5141671, 0A5141671A, 0A5141671AS3, 0A5141671E, 0A5141671ES3, 0A5141671F, 0A5141671FS3, 0A5141671S3, 02M141671A, 02M141671AS5, 02M141671B, 02M141671BS5&#8230;; Kytkinsarja<\/p>\n","protected":false},"excerpt":{"rendered":"<p>BLUE PRINT Kytkinpaketti SMARTFIT Conversion Kit ADV183071 Kytkinsarja VW,AUDI,FORD,GOLF IV 1J1,GOLF IV Variant 1J5,SHARAN 7M8, 7M9, 7M6,BORA 1J2<\/p>\n","protected":false},"featured_media":0,"template":"","meta":{"site-sidebar-layout":"default","site-content-layout":"default","ast-global-header-display":"","ast-main-header-display":"","ast-hfb-above-header-display":"","ast-hfb-below-header-display":"","ast-hfb-mobile-header-display":"","site-post-title":"","ast-breadcrumbs-content":"","ast-featured-img":"","footer-sml-layout":"","theme-transparent-header-meta":"","adv-header-id-meta":"","stick-header-meta":"","header-above-stick-meta":"","header-main-stick-meta":"","header-below-stick-meta":""},"pwb-brand":[533],"product_cat":[21],"product_tag":[],"class_list":{"0":"post-58148","1":"product","2":"type-product","3":"status-publish","5":"pwb-brand-blue-print","6":"product_cat-kytkinpaketti","7":"desktop-align-left","8":"tablet-align-left","9":"mobile-align-left","11":"first","12":"instock","13":"product-type-external"},"brands":[{"id":533,"name":"Blue Print","slug":"blue-print"}],"_links":{"self":[{"href":"https:\/\/www.autonvaraosahaku.fi\/index.php?rest_route=\/wp\/v2\/product\/58148","targetHints":{"allow":["GET"]}}],"collection":[{"href":"https:\/\/www.autonvaraosahaku.fi\/index.php?rest_route=\/wp\/v2\/product"}],"about":[{"href":"https:\/\/www.autonvaraosahaku.fi\/index.php?rest_route=\/wp\/v2\/types\/product"}],"wp:attachment":[{"href":"https:\/\/www.autonvaraosahaku.fi\/index.php?rest_route=%2Fwp%2Fv2%2Fmedia&parent=58148"}],"wp:term":[{"taxonomy":"pwb-brand","embeddable":true,"href":"https:\/\/www.autonvaraosahaku.fi\/index.php?rest_route=%2Fwp%2Fv2%2Fpwb-brand&post=58148"},{"taxonomy":"product_cat","embeddable":true,"href":"https:\/\/www.autonvaraosahaku.fi\/index.php?rest_route=%2Fwp%2Fv2%2Fproduct_cat&post=58148"},{"taxonomy":"product_tag","embeddable":true,"href":"https:\/\/www.autonvaraosahaku.fi\/index.php?rest_route=%2Fwp%2Fv2%2Fproduct_tag&post=58148"}],"curies":[{"name":"wp","href":"https:\/\/api.w.org\/{rel}","templated":true}]}}