{"id":58149,"date":"2021-02-21T18:09:36","date_gmt":"2021-02-21T18:09:36","guid":{"rendered":"https:\/\/www.autonvaraosahaku.fi\/?product=blue-print-adt343319-jarrulevyt"},"modified":"2021-02-21T18:09:38","modified_gmt":"2021-02-21T18:09:38","slug":"blue-print-adt343319-jarrulevyt","status":"publish","type":"product","link":"https:\/\/www.autonvaraosahaku.fi\/?product=blue-print-adt343319-jarrulevyt","title":{"rendered":"Blue Print ADT343319 Jarrulevyt"},"content":{"rendered":"<p>Jarrulevyn paksuus (mm): 22; Kiinnitysreikien lukum\u00e4\u00e4r\u00e4: 5, 3; Paksuus [mm]: 35,0; Ulkol\u00e4pimitta [mm]: 293,7; Reik\u00e4ympyr\u00e4-\u00d8 [mm]: 108; Pinta: pinnoitettu; Jarrulevytyyppi: Tuuletettu, sis\u00e4; Asennuspuoli: Taka-akseli; V\u00e4himm\u00e4ispaksuus (mm): 20; Paino [kg]: 5,78; keskitt\u00e4misl\u00e4pimitta [mm]: 71,1, 71,1; TECDOC-moottorinumero: 33704; TOYOTA: PROACE Bus MPY_,PROACE Kasten MDZ_,PROACE Pritsche\/Fahrgestell MDZ_; CITRO\u00cbN: JUMPY Kasten,SPACETOURER,JUMPY,JUMPY Pritsche\/Fahrgestell; PEUGEOT: EXPERT Kasten,TRAVELLER; 1616394580, SU001A6135, 1616394580, 1616394580, SU001A6135, 1616394580; Jarrulevy<\/p>\n","protected":false},"excerpt":{"rendered":"<p>BLUE PRINT Jarrulevyt ADT343319 Jarrulevy TOYOTA,CITRO\u00cbN,PEUGEOT,PROACE Bus MPY_,PROACE Kasten MDZ_,PROACE Pritsche\/Fahrgestell MDZ_,JUMPY Kasten<\/p>\n","protected":false},"featured_media":0,"template":"","meta":{"site-sidebar-layout":"default","site-content-layout":"default","ast-global-header-display":"","ast-main-header-display":"","ast-hfb-above-header-display":"","ast-hfb-below-header-display":"","ast-hfb-mobile-header-display":"","site-post-title":"","ast-breadcrumbs-content":"","ast-featured-img":"","footer-sml-layout":"","theme-transparent-header-meta":"","adv-header-id-meta":"","stick-header-meta":"","header-above-stick-meta":"","header-main-stick-meta":"","header-below-stick-meta":""},"pwb-brand":[533],"product_cat":[66],"product_tag":[],"class_list":{"0":"post-58149","1":"product","2":"type-product","3":"status-publish","5":"pwb-brand-blue-print","6":"product_cat-jarrulevyt","7":"desktop-align-left","8":"tablet-align-left","9":"mobile-align-left","11":"first","12":"instock","13":"product-type-external"},"brands":[{"id":533,"name":"Blue Print","slug":"blue-print"}],"_links":{"self":[{"href":"https:\/\/www.autonvaraosahaku.fi\/index.php?rest_route=\/wp\/v2\/product\/58149","targetHints":{"allow":["GET"]}}],"collection":[{"href":"https:\/\/www.autonvaraosahaku.fi\/index.php?rest_route=\/wp\/v2\/product"}],"about":[{"href":"https:\/\/www.autonvaraosahaku.fi\/index.php?rest_route=\/wp\/v2\/types\/product"}],"wp:attachment":[{"href":"https:\/\/www.autonvaraosahaku.fi\/index.php?rest_route=%2Fwp%2Fv2%2Fmedia&parent=58149"}],"wp:term":[{"taxonomy":"pwb-brand","embeddable":true,"href":"https:\/\/www.autonvaraosahaku.fi\/index.php?rest_route=%2Fwp%2Fv2%2Fpwb-brand&post=58149"},{"taxonomy":"product_cat","embeddable":true,"href":"https:\/\/www.autonvaraosahaku.fi\/index.php?rest_route=%2Fwp%2Fv2%2Fproduct_cat&post=58149"},{"taxonomy":"product_tag","embeddable":true,"href":"https:\/\/www.autonvaraosahaku.fi\/index.php?rest_route=%2Fwp%2Fv2%2Fproduct_tag&post=58149"}],"curies":[{"name":"wp","href":"https:\/\/api.w.org\/{rel}","templated":true}]}}