{"id":58206,"date":"2021-02-21T18:09:50","date_gmt":"2021-02-21T18:09:50","guid":{"rendered":"https:\/\/www.autonvaraosahaku.fi\/?product=blue-print-adj132128-oljynsuodatin"},"modified":"2021-02-21T18:09:51","modified_gmt":"2021-02-21T18:09:51","slug":"blue-print-adj132128-oljynsuodatin","status":"publish","type":"product","link":"https:\/\/www.autonvaraosahaku.fi\/?product=blue-print-adj132128-oljynsuodatin","title":{"rendered":"Blue Print ADJ132128 \u00d6ljynsuodatin"},"content":{"rendered":"<p>Suodatintyyppi: Suodatinpanos, Suodatinpanos; Korkeus (mm): 100; Sis\u00e4l\u00e4pimitta [mm]: 24,0; Ulkol\u00e4pimitta [mm]: 57,5; Materiaali: NBR (nitriili-butadi-kumi); Tiivisteen l\u00e4pimitta [mm]: 69,5; Paino [kg]: 0,045, 0,045; Huomioi tekniset tiedot: ; LAND ROVER: RANGE ROVER EVOQUE LV,RANGE ROVER IV LG,DISCOVERY SPORT LC,RANGE ROVER EVOQUE Cabriolet LV_; JAGUAR: XE X760,XF X260,F-PACE X761_,XF SPORTBRAKE X260,E-PACE X540; JDE37128, LR073669<\/p>\n","protected":false},"excerpt":{"rendered":"<p>BLUE PRINT \u00d6ljynsuodatin ADJ132128  LAND ROVER,JAGUAR,RANGE ROVER EVOQUE LV,RANGE ROVER IV LG,DISCOVERY SPORT LC,RANGE ROVER EVOQUE Cabriolet LV_<\/p>\n","protected":false},"featured_media":0,"template":"","meta":{"site-sidebar-layout":"default","site-content-layout":"default","ast-global-header-display":"","ast-main-header-display":"","ast-hfb-above-header-display":"","ast-hfb-below-header-display":"","ast-hfb-mobile-header-display":"","site-post-title":"","ast-breadcrumbs-content":"","ast-featured-img":"","footer-sml-layout":"","theme-transparent-header-meta":"","adv-header-id-meta":"","stick-header-meta":"","header-above-stick-meta":"","header-main-stick-meta":"","header-below-stick-meta":""},"pwb-brand":[533],"product_cat":[30],"product_tag":[],"class_list":{"0":"post-58206","1":"product","2":"type-product","3":"status-publish","5":"pwb-brand-blue-print","6":"product_cat-oljynsuodatin","7":"desktop-align-left","8":"tablet-align-left","9":"mobile-align-left","11":"first","12":"instock","13":"product-type-external"},"brands":[{"id":533,"name":"Blue Print","slug":"blue-print"}],"_links":{"self":[{"href":"https:\/\/www.autonvaraosahaku.fi\/index.php?rest_route=\/wp\/v2\/product\/58206","targetHints":{"allow":["GET"]}}],"collection":[{"href":"https:\/\/www.autonvaraosahaku.fi\/index.php?rest_route=\/wp\/v2\/product"}],"about":[{"href":"https:\/\/www.autonvaraosahaku.fi\/index.php?rest_route=\/wp\/v2\/types\/product"}],"wp:attachment":[{"href":"https:\/\/www.autonvaraosahaku.fi\/index.php?rest_route=%2Fwp%2Fv2%2Fmedia&parent=58206"}],"wp:term":[{"taxonomy":"pwb-brand","embeddable":true,"href":"https:\/\/www.autonvaraosahaku.fi\/index.php?rest_route=%2Fwp%2Fv2%2Fpwb-brand&post=58206"},{"taxonomy":"product_cat","embeddable":true,"href":"https:\/\/www.autonvaraosahaku.fi\/index.php?rest_route=%2Fwp%2Fv2%2Fproduct_cat&post=58206"},{"taxonomy":"product_tag","embeddable":true,"href":"https:\/\/www.autonvaraosahaku.fi\/index.php?rest_route=%2Fwp%2Fv2%2Fproduct_tag&post=58206"}],"curies":[{"name":"wp","href":"https:\/\/api.w.org\/{rel}","templated":true}]}}